

{"id":7320,"date":"2024-05-27T15:01:24","date_gmt":"2024-05-27T15:01:24","guid":{"rendered":"https:\/\/montael.com\/new_site\/?post_type=product&#038;p=7320"},"modified":"2025-06-06T11:29:46","modified_gmt":"2025-06-06T10:29:46","slug":"mustang-misturador-para-bide-116-020-1cr","status":"publish","type":"product","link":"https:\/\/montael.com\/?product=mustang-misturador-para-bide-116-020-1cr","title":{"rendered":"Mustang Misturador para bid\u00e9 116 020 1CR"},"content":{"rendered":"<p dir=\"ltr\" data-placeholder=\"Tradu\u00e7\u00e3o\" aria-label=\"Texto traduzido\" data-ved=\"2ahUKEwjh4KHixt-FAxUuBdsEHYLLA8QQ3ewLegQIExAU\"><strong>Caracter\u00edsticas:<\/strong><\/p>\n<ul>\n<li>Cartucho de 40mm discos cer\u00e2micos BRUMA<\/li>\n<li>SmoothBreeze\u00ae<\/li>\n<li>Liga\u00e7\u00f5es flex\u00edveis<\/li>\n<li>Op\u00e7\u00e3o: com v\u00e1lvula clic-clac 1 1\/4&#8243; &#8211; Liz<\/li>\n<\/ul>\n","protected":false},"excerpt":{"rendered":"<div class=\"product-box__tableRow\">\n<div class=\"product-box__tableCell product-box__tableCell--label\">\n<div class=\"product-box__tableRow\">\n<div class=\"product-box__tableCell product-box__tableCell--label\">N\u00famero do produto | 116 020 1CR<\/div>\n<\/div>\n<div class=\"product-box__tableRow\">\n<div class=\"product-box__tableCell product-box__tableCell--label\">EAN | 5602202179482<\/div>\n<\/div>\n<div class=\"product-box__tableRow\">\n<div class=\"product-box__tableCell product-box__tableCell--label product-box__color\">Cor | <span class=\"color-bubble\"><img decoding=\"async\" class=\"23330001\" title=\"cromado\" src=\"https:\/\/cdn.cloud.grohe.com\/Web\/colour_plates\/36x36\/000.png\" \/> <\/span><strong>cromado<\/strong><\/div>\n<div><\/div>\n<div>Marca: Bruma<\/div>\n<\/div>\n<\/div>\n<\/div>\n","protected":false},"featured_media":7321,"template":"","meta":[],"product_cat":[191,196],"product_tag":[],"class_list":{"0":"post-7320","1":"product","2":"type-product","3":"status-publish","4":"has-post-thumbnail","6":"product_cat-torneiras","7":"product_cat-bide","8":"ts_product_brand-bruma","10":"first","11":"instock","12":"taxable","13":"shipping-taxable","14":"product-type-simple"},"_links":{"self":[{"href":"https:\/\/montael.com\/index.php?rest_route=\/wp\/v2\/product\/7320","targetHints":{"allow":["GET"]}}],"collection":[{"href":"https:\/\/montael.com\/index.php?rest_route=\/wp\/v2\/product"}],"about":[{"href":"https:\/\/montael.com\/index.php?rest_route=\/wp\/v2\/types\/product"}],"wp:featuredmedia":[{"embeddable":true,"href":"https:\/\/montael.com\/index.php?rest_route=\/wp\/v2\/media\/7321"}],"wp:attachment":[{"href":"https:\/\/montael.com\/index.php?rest_route=%2Fwp%2Fv2%2Fmedia&parent=7320"}],"wp:term":[{"taxonomy":"product_cat","embeddable":true,"href":"https:\/\/montael.com\/index.php?rest_route=%2Fwp%2Fv2%2Fproduct_cat&post=7320"},{"taxonomy":"product_tag","embeddable":true,"href":"https:\/\/montael.com\/index.php?rest_route=%2Fwp%2Fv2%2Fproduct_tag&post=7320"}],"curies":[{"name":"wp","href":"https:\/\/api.w.org\/{rel}","templated":true}]}}