

{"id":7293,"date":"2024-05-25T11:49:25","date_gmt":"2024-05-25T11:49:25","guid":{"rendered":"https:\/\/montael.com\/new_site\/?post_type=product&#038;p=7293"},"modified":"2025-06-06T15:13:21","modified_gmt":"2025-06-06T14:13:21","slug":"bauedge-monocomando-de-lavatorio-cromada-23330001","status":"publish","type":"product","link":"https:\/\/montael.com\/?product=bauedge-monocomando-de-lavatorio-cromada-23330001","title":{"rendered":"Bauedge Monocomando de Lavat\u00f3rio cromada 23330001"},"content":{"rendered":"<p dir=\"ltr\" data-placeholder=\"Tradu\u00e7\u00e3o\" aria-label=\"Texto traduzido\" data-ved=\"2ahUKEwjh4KHixt-FAxUuBdsEHYLLA8QQ3ewLegQIExAU\"><strong>Caracter\u00edsticas:<\/strong><\/p>\n<ul>\n<li>1 furo para instala\u00e7\u00e3o<\/li>\n<li>Man\u00edpulo met\u00e1lico<\/li>\n<li>Cartucho de discos cer\u00e2micos GROHE Long-Life 28 mm<\/li>\n<li>Com limitador ecol\u00f3gico de temperatura<\/li>\n<li>Acabamento GROHE Long-Life<\/li>\n<li>Vias de \u00e1gua separadas &#8211; sem chumbo e n\u00edquel<\/li>\n<li>GROHE Water Saving para menor consumo e jato perfeito<\/li>\n<li>Caudal m\u00e1ximo (a 3 bar): 5 l\/min<\/li>\n<li>Sistema de instala\u00e7\u00e3o r\u00e1pida<\/li>\n<li>Corpo liso<\/li>\n<li>Liga\u00e7\u00f5es flex\u00edveis<\/li>\n<li>Edi\u00e7\u00e3o Profissional<\/li>\n<\/ul>\n","protected":false},"excerpt":{"rendered":"<div class=\"product-box__tableRow\">\n<div class=\"product-box__tableCell product-box__tableCell--label\">\n<div class=\"product-box__tableRow\">\n<div class=\"product-box__tableCell product-box__tableCell--label\">N\u00famero do produto | 23330001<\/div>\n<\/div>\n<div class=\"product-box__tableRow\">\n<div class=\"product-box__tableCell product-box__tableCell--label\">EAN | 4005176556302<\/div>\n<\/div>\n<div class=\"product-box__tableRow\">\n<div class=\"product-box__tableCell product-box__tableCell--label product-box__color\">Cor | <span class=\"color-bubble\"><img decoding=\"async\" class=\"23330001\" title=\"cromado\" src=\"https:\/\/cdn.cloud.grohe.com\/Web\/colour_plates\/36x36\/000.png\" \/> <\/span><strong>cromado<\/strong><\/div>\n<div>Marca: Grohe<\/div>\n<\/div>\n<\/div>\n<\/div>\n","protected":false},"featured_media":7294,"template":"","meta":[],"product_cat":[191,192],"product_tag":[],"class_list":{"0":"post-7293","1":"product","2":"type-product","3":"status-publish","4":"has-post-thumbnail","6":"product_cat-torneiras","7":"product_cat-lavatorio","8":"ts_product_brand-grohe","10":"first","11":"instock","12":"taxable","13":"shipping-taxable","14":"product-type-simple"},"_links":{"self":[{"href":"https:\/\/montael.com\/index.php?rest_route=\/wp\/v2\/product\/7293","targetHints":{"allow":["GET"]}}],"collection":[{"href":"https:\/\/montael.com\/index.php?rest_route=\/wp\/v2\/product"}],"about":[{"href":"https:\/\/montael.com\/index.php?rest_route=\/wp\/v2\/types\/product"}],"wp:featuredmedia":[{"embeddable":true,"href":"https:\/\/montael.com\/index.php?rest_route=\/wp\/v2\/media\/7294"}],"wp:attachment":[{"href":"https:\/\/montael.com\/index.php?rest_route=%2Fwp%2Fv2%2Fmedia&parent=7293"}],"wp:term":[{"taxonomy":"product_cat","embeddable":true,"href":"https:\/\/montael.com\/index.php?rest_route=%2Fwp%2Fv2%2Fproduct_cat&post=7293"},{"taxonomy":"product_tag","embeddable":true,"href":"https:\/\/montael.com\/index.php?rest_route=%2Fwp%2Fv2%2Fproduct_tag&post=7293"}],"curies":[{"name":"wp","href":"https:\/\/api.w.org\/{rel}","templated":true}]}}