

{"id":7286,"date":"2024-05-25T11:31:46","date_gmt":"2024-05-25T11:31:46","guid":{"rendered":"https:\/\/montael.com\/new_site\/?post_type=product&#038;p=7286"},"modified":"2025-06-06T15:13:58","modified_gmt":"2025-06-06T14:13:58","slug":"tempesta-cosmopolitan-system-250-cromado-26673000","status":"publish","type":"product","link":"https:\/\/montael.com\/?product=tempesta-cosmopolitan-system-250-cromado-26673000","title":{"rendered":"Tempesta Cosmopolitan System 250 cromado 26673000"},"content":{"rendered":"<p dir=\"ltr\" data-placeholder=\"Tradu\u00e7\u00e3o\" aria-label=\"Texto traduzido\" data-ved=\"2ahUKEwjh4KHixt-FAxUuBdsEHYLLA8QQ3ewLegQIExAU\"><strong>Caracter\u00edsticas:<\/strong><\/p>\n<ul>\n<li>Composto por:<\/li>\n<li>Bra\u00e7o de chuveiro 390 mm<\/li>\n<li>Misturadora monocomando duche com inversor<\/li>\n<li>Permite alternar entre:<\/li>\n<li>Chuveiro de teto Tempesta 250 (26 666)<\/li>\n<li>Jato:<\/li>\n<li>Rain<\/li>\n<li>Com a superf\u00edcie superior do prato em branco<\/li>\n<li>R\u00f3tula orient\u00e1vel<\/li>\n<li>\u00c2ngulo de rota\u00e7\u00e3o \u00b1 10\u00b0<\/li>\n<li>GROHE Water Saving limitador de caudal a 9,5 l\/min<\/li>\n<li>Chuveiro m\u00e3o Tempesta Cosmopolitan 100 (27 571 001)<\/li>\n<li>2 jatos:<\/li>\n<li>Rain, Jet<\/li>\n<li>GROHE Water Saving limitador de caudal 5,7 l\/min.<\/li>\n<li>Com suporte ajust\u00e1vel em altura<\/li>\n<li>Bicha flex\u00edvel Rotaflex TwistStop 1,75 m 1\/2&#8243; x 1\/2&#8243; (28 410)<\/li>\n<li>GROHE Water Saving para menor consumo e jato perfeito<\/li>\n<li>Cartucho de discos cer\u00e2micos GROHE SilkMove 46 mm<\/li>\n<li>Jato perfeito com o GROHE DreamSpray<\/li>\n<li>Acabamento GROHE Long-Life<\/li>\n<li>Sistema anticalc\u00e1rio SpeedClean<\/li>\n<li>Guia de \u00e1gua interior para longa dura\u00e7\u00e3o<\/li>\n<li>Sistema de rota\u00e7\u00e3o livre da bicha do chuveiro TwistStop<\/li>\n<li>Adequado para utiliza\u00e7\u00e3o com esquentadores a partir de 18 KWh<\/li>\n<li>Caudal m\u00ednimo recomendado 7 l\/min.<\/li>\n<li>Press\u00e3o m\u00ednima 1,0 bar<\/li>\n<li>Edi\u00e7\u00e3o Profissional<\/li>\n<\/ul>\n","protected":false},"excerpt":{"rendered":"<div class=\"product-box__tableRow\">\n<div class=\"product-box__tableCell product-box__tableCell--label\">\n<div class=\"product-box__tableRow\">\n<div class=\"product-box__tableCell product-box__tableCell--label\">\n<div class=\"product-box__tableRow\">\n<div class=\"product-box__tableCell product-box__tableCell--label\">\n<div class=\"product-box__tableRow\">\n<div class=\"product-box__tableCell product-box__tableCell--label\">\n<div class=\"flex-float-item flex-float-item--header\">\n<header>\n<p class=\"h3\">SISTEMA DE DUCHE COM MISTURADORA MONOCOMANDO PARA MONTAGEM NA PAREDE<\/p>\n<\/header>\n<\/div>\n<div class=\"flex-float-item flex-float-item--infobox\">\n<div class=\"product-box__wrapper\">\n<div class=\"product-box__subbrand-logos-container\">\n<div class=\"product-box__tableRow\">\n<div class=\"product-box__tableCell product-box__tableCell--label\">N\u00famero do produto | 26673000<\/div>\n<\/div>\n<div class=\"product-box__tableRow\">\n<div class=\"product-box__tableCell product-box__tableCell--label\">EAN | 4005176580604<\/div>\n<\/div>\n<div class=\"product-box__tableRow\">\n<div class=\"product-box__tableCell product-box__tableCell--label product-box__color\">Cor | <span class=\"color-bubble\"><img decoding=\"async\" class=\"26673000\" title=\"cromado\" src=\"https:\/\/cdn.cloud.grohe.com\/Web\/colour_plates\/36x36\/000.png\" \/> <\/span><strong>cromado<\/strong><\/div>\n<\/div>\n<\/div>\n<div class=\"product-box__table \">\n<div class=\"product-box__tableRow\">Marca: Grohe<\/div>\n<div class=\"product-box__tableRow\">\n<div class=\"product-box__tableCell product-box__tableCell--value\">\n<div class=\"product-box__color-container\"><\/div>\n<\/div>\n<\/div>\n<\/div>\n<\/div>\n<\/div>\n<\/div>\n<\/div>\n<\/div>\n<\/div>\n<\/div>\n<\/div>\n<\/div>\n<\/div>\n","protected":false},"featured_media":7287,"template":"","meta":[],"product_cat":[194,191],"product_tag":[],"class_list":{"0":"post-7286","1":"product","2":"type-product","3":"status-publish","4":"has-post-thumbnail","6":"product_cat-sistemas-duche","7":"product_cat-torneiras","8":"ts_product_brand-grohe","10":"first","11":"instock","12":"taxable","13":"shipping-taxable","14":"product-type-simple"},"_links":{"self":[{"href":"https:\/\/montael.com\/index.php?rest_route=\/wp\/v2\/product\/7286","targetHints":{"allow":["GET"]}}],"collection":[{"href":"https:\/\/montael.com\/index.php?rest_route=\/wp\/v2\/product"}],"about":[{"href":"https:\/\/montael.com\/index.php?rest_route=\/wp\/v2\/types\/product"}],"wp:featuredmedia":[{"embeddable":true,"href":"https:\/\/montael.com\/index.php?rest_route=\/wp\/v2\/media\/7287"}],"wp:attachment":[{"href":"https:\/\/montael.com\/index.php?rest_route=%2Fwp%2Fv2%2Fmedia&parent=7286"}],"wp:term":[{"taxonomy":"product_cat","embeddable":true,"href":"https:\/\/montael.com\/index.php?rest_route=%2Fwp%2Fv2%2Fproduct_cat&post=7286"},{"taxonomy":"product_tag","embeddable":true,"href":"https:\/\/montael.com\/index.php?rest_route=%2Fwp%2Fv2%2Fproduct_tag&post=7286"}],"curies":[{"name":"wp","href":"https:\/\/api.w.org\/{rel}","templated":true}]}}