

{"id":7284,"date":"2024-05-25T11:20:47","date_gmt":"2024-05-25T11:20:47","guid":{"rendered":"https:\/\/montael.com\/new_site\/?post_type=product&#038;p=7284"},"modified":"2025-06-06T15:14:23","modified_gmt":"2025-06-06T14:14:23","slug":"tempesta-100-chuveiro-de-mao-1-jato-cromado-27923001","status":"publish","type":"product","link":"https:\/\/montael.com\/?product=tempesta-100-chuveiro-de-mao-1-jato-cromado-27923001","title":{"rendered":"Tempesta 100 Chuveiro de m\u00e3o 1 jato cromado 27923001"},"content":{"rendered":"<p dir=\"ltr\" data-placeholder=\"Tradu\u00e7\u00e3o\" aria-label=\"Texto traduzido\" data-ved=\"2ahUKEwjh4KHixt-FAxUuBdsEHYLLA8QQ3ewLegQIExAU\"><strong>Caracter\u00edsticas:<\/strong><\/p>\n<ul>\n<li>Rain<\/li>\n<li>GROHE Water Saving limitador de caudal a 9,5 l\/min<\/li>\n<li>Jato perfeito com o GROHE DreamSpray<\/li>\n<li>Sistema anticalc\u00e1rio SpeedClean<\/li>\n<li>Guia de \u00e1gua interior para longa dura\u00e7\u00e3o<\/li>\n<li>ShockProof anel de silicone \u00e0 prova de choque que previne danos causados pela queda do chuveiro<\/li>\n<\/ul>\n","protected":false},"excerpt":{"rendered":"<div class=\"product-box__tableRow\">\n<div class=\"product-box__tableCell product-box__tableCell--label\">\n<div class=\"product-box__tableRow\">\n<div class=\"product-box__tableCell product-box__tableCell--label\">\n<div class=\"product-box__tableRow\">\n<div class=\"product-box__tableCell product-box__tableCell--label\">\n<div class=\"product-box__tableRow\">\n<div class=\"product-box__tableCell product-box__tableCell--label\">N\u00famero do produto | 27923001<\/div>\n<\/div>\n<div class=\"product-box__tableRow\">\n<div class=\"product-box__tableCell product-box__tableCell--label\">EAN |4005176444074<\/div>\n<\/div>\n<div class=\"product-box__tableRow\">\n<div class=\"product-box__tableCell product-box__tableCell--label product-box__color\">Cor | <span class=\"color-bubble\"><img decoding=\"async\" class=\"27923001\" title=\"cromado\" src=\"https:\/\/cdn.cloud.grohe.com\/Web\/colour_plates\/36x36\/000.png\" \/> <\/span><strong>cromado<\/strong><\/div>\n<div>Marca: Grohe<\/div>\n<\/div>\n<\/div>\n<\/div>\n<\/div>\n<\/div>\n<\/div>\n<\/div>\n","protected":false},"featured_media":8665,"template":"","meta":[],"product_cat":[195,191],"product_tag":[],"class_list":{"0":"post-7284","1":"product","2":"type-product","3":"status-publish","4":"has-post-thumbnail","6":"product_cat-rampas-chuveiros-ligadores","7":"product_cat-torneiras","8":"ts_product_brand-grohe","10":"first","11":"instock","12":"taxable","13":"shipping-taxable","14":"product-type-simple"},"_links":{"self":[{"href":"https:\/\/montael.com\/index.php?rest_route=\/wp\/v2\/product\/7284","targetHints":{"allow":["GET"]}}],"collection":[{"href":"https:\/\/montael.com\/index.php?rest_route=\/wp\/v2\/product"}],"about":[{"href":"https:\/\/montael.com\/index.php?rest_route=\/wp\/v2\/types\/product"}],"wp:featuredmedia":[{"embeddable":true,"href":"https:\/\/montael.com\/index.php?rest_route=\/wp\/v2\/media\/8665"}],"wp:attachment":[{"href":"https:\/\/montael.com\/index.php?rest_route=%2Fwp%2Fv2%2Fmedia&parent=7284"}],"wp:term":[{"taxonomy":"product_cat","embeddable":true,"href":"https:\/\/montael.com\/index.php?rest_route=%2Fwp%2Fv2%2Fproduct_cat&post=7284"},{"taxonomy":"product_tag","embeddable":true,"href":"https:\/\/montael.com\/index.php?rest_route=%2Fwp%2Fv2%2Fproduct_tag&post=7284"}],"curies":[{"name":"wp","href":"https:\/\/api.w.org\/{rel}","templated":true}]}}