

{"id":7093,"date":"2024-04-26T16:04:18","date_gmt":"2024-04-26T16:04:18","guid":{"rendered":"https:\/\/montael.com\/new_site\/?post_type=product&#038;p=7093"},"modified":"2025-06-06T17:52:16","modified_gmt":"2025-06-06T16:52:16","slug":"montana-pepper-20x90-nat","status":"publish","type":"product","link":"https:\/\/montael.com\/?product=montana-pepper-20x90-nat","title":{"rendered":"Montana Pepper 20&#215;90 Nat"},"content":{"rendered":"<p class=\"tw-data-text tw-text-large tw-ta\" dir=\"ltr\" data-placeholder=\"Tradu\u00e7\u00e3o\" aria-label=\"Texto traduzido\" data-ved=\"2ahUKEwjh4KHixt-FAxUuBdsEHYLLA8QQ3ewLegQIExAU\"><strong>&#8220;Montana <\/strong>by <strong>Revigres, <\/strong>azulejos amadeirados em tons naturais para revestimento e pavimento com uma varia\u00e7\u00e3o gr\u00e1fica muito rica, recriando os pormenores da madeira e remetendo para conforto e tranquilidade.&#8221;<\/p>\n<p dir=\"ltr\" data-placeholder=\"Tradu\u00e7\u00e3o\" aria-label=\"Texto traduzido\" data-ved=\"2ahUKEwjh4KHixt-FAxUuBdsEHYLLA8QQ3ewLegQIExAU\"><strong>Caracter\u00edsticas:<\/strong><\/p>\n<ul>\n<li>20&#215;90<\/li>\n<li>Espessura: 10.5mm<\/li>\n<li>Mate<\/li>\n<li>Efeito Madeira<\/li>\n<li>Tipologia: Porcel\u00e2nico Esmaltado<\/li>\n<li>Varia\u00e7\u00e3o: V3 &#8211; Varia\u00e7\u00e3o Forte<\/li>\n<li>N\u00edvel de tr\u00e1fego: M\u00e9dio &#8211; Forte<\/li>\n<\/ul>\n<p>&nbsp;<\/p>\n","protected":false},"excerpt":{"rendered":"<ul>\n<li>Unidade Venda: M2<\/li>\n<li>Pre\u00e7o Caixa: 21.43\u20ac\/Caixa (1.08M2)<\/li>\n<\/ul>\n<p><strong>Packing:<\/strong><\/p>\n<ul>\n<li>Caixa: 6 pe\u00e7as; 1.08m2\/caixa; 26.2 Kg<\/li>\n<li>Palete: 36Caixas; 38.88m2\/palete; 964Kg<\/li>\n<\/ul>\n<p>Marca: Revigres<\/p>\n","protected":false},"featured_media":8619,"template":"","meta":[],"product_cat":[164,152,145],"product_tag":[],"class_list":{"0":"post-7093","1":"product","2":"type-product","3":"status-publish","4":"has-post-thumbnail","6":"product_cat-madeiras","7":"product_cat-pavimentos","8":"product_cat-ceramica","9":"ts_product_brand-revigres","11":"first","12":"instock","13":"taxable","14":"shipping-taxable","15":"product-type-simple"},"_links":{"self":[{"href":"https:\/\/montael.com\/index.php?rest_route=\/wp\/v2\/product\/7093","targetHints":{"allow":["GET"]}}],"collection":[{"href":"https:\/\/montael.com\/index.php?rest_route=\/wp\/v2\/product"}],"about":[{"href":"https:\/\/montael.com\/index.php?rest_route=\/wp\/v2\/types\/product"}],"wp:featuredmedia":[{"embeddable":true,"href":"https:\/\/montael.com\/index.php?rest_route=\/wp\/v2\/media\/8619"}],"wp:attachment":[{"href":"https:\/\/montael.com\/index.php?rest_route=%2Fwp%2Fv2%2Fmedia&parent=7093"}],"wp:term":[{"taxonomy":"product_cat","embeddable":true,"href":"https:\/\/montael.com\/index.php?rest_route=%2Fwp%2Fv2%2Fproduct_cat&post=7093"},{"taxonomy":"product_tag","embeddable":true,"href":"https:\/\/montael.com\/index.php?rest_route=%2Fwp%2Fv2%2Fproduct_tag&post=7093"}],"curies":[{"name":"wp","href":"https:\/\/api.w.org\/{rel}","templated":true}]}}