

{"id":7087,"date":"2024-04-26T15:51:35","date_gmt":"2024-04-26T15:51:35","guid":{"rendered":"https:\/\/montael.com\/new_site\/?post_type=product&#038;p=7087"},"modified":"2025-06-06T17:53:34","modified_gmt":"2025-06-06T16:53:34","slug":"forest-gris-15x75-nat","status":"publish","type":"product","link":"https:\/\/montael.com\/?product=forest-gris-15x75-nat","title":{"rendered":"Deck Forest Ambar 15&#215;75 Nat"},"content":{"rendered":"<p class=\"tw-data-text tw-text-large tw-ta\" dir=\"ltr\" data-placeholder=\"Tradu\u00e7\u00e3o\" aria-label=\"Texto traduzido\" data-ved=\"2ahUKEwjh4KHixt-FAxUuBdsEHYLLA8QQ3ewLegQIExAU\"><strong>&#8220;Deck Forest <\/strong>by <strong>Revigres, <\/strong>Deck cer\u00e2mico com o efeito da madeira, para pavimento exterior.&#8221;<\/p>\n<p dir=\"ltr\" data-placeholder=\"Tradu\u00e7\u00e3o\" aria-label=\"Texto traduzido\" data-ved=\"2ahUKEwjh4KHixt-FAxUuBdsEHYLLA8QQ3ewLegQIExAU\"><strong>Caracter\u00edsticas:<\/strong><\/p>\n<ul>\n<li>15&#215;75<\/li>\n<li>Espessura: 8.5mm<\/li>\n<li>Estruturado<\/li>\n<li>Efeito Deck\/Madeira<\/li>\n<li>Tipologia: Porcel\u00e2nico Esmaltado<\/li>\n<li>Varia\u00e7\u00e3o: V3 &#8211; Varia\u00e7\u00e3o Forte<\/li>\n<li>N\u00edvel de tr\u00e1fego: M\u00e9dio &#8211; Forte<\/li>\n<li>PEI : III<\/li>\n<li>R13<\/li>\n<li>Recomendado para pavimento exterior<\/li>\n<\/ul>\n","protected":false},"excerpt":{"rendered":"<ul>\n<li>Unidade Venda: M2<\/li>\n<li>Pre\u00e7o Caixa: 16.48\u20ac\/Caixa (0.90m2)<\/li>\n<\/ul>\n<p><strong>Packing:<\/strong><\/p>\n<ul>\n<li>Caixa: 8 pe\u00e7as; 0.90m2\/caixa; 17.5 Kg<\/li>\n<li>Palete: 64Caixas; 57.60m2\/palete; 1 141Kg<\/li>\n<\/ul>\n<p>Marca: Revigres<\/p>\n","protected":false},"featured_media":8613,"template":"","meta":[],"product_cat":[164,152,145],"product_tag":[],"class_list":{"0":"post-7087","1":"product","2":"type-product","3":"status-publish","4":"has-post-thumbnail","6":"product_cat-madeiras","7":"product_cat-pavimentos","8":"product_cat-ceramica","9":"ts_product_brand-revigres","11":"first","12":"onbackorder","13":"taxable","14":"shipping-taxable","15":"product-type-simple"},"_links":{"self":[{"href":"https:\/\/montael.com\/index.php?rest_route=\/wp\/v2\/product\/7087","targetHints":{"allow":["GET"]}}],"collection":[{"href":"https:\/\/montael.com\/index.php?rest_route=\/wp\/v2\/product"}],"about":[{"href":"https:\/\/montael.com\/index.php?rest_route=\/wp\/v2\/types\/product"}],"wp:featuredmedia":[{"embeddable":true,"href":"https:\/\/montael.com\/index.php?rest_route=\/wp\/v2\/media\/8613"}],"wp:attachment":[{"href":"https:\/\/montael.com\/index.php?rest_route=%2Fwp%2Fv2%2Fmedia&parent=7087"}],"wp:term":[{"taxonomy":"product_cat","embeddable":true,"href":"https:\/\/montael.com\/index.php?rest_route=%2Fwp%2Fv2%2Fproduct_cat&post=7087"},{"taxonomy":"product_tag","embeddable":true,"href":"https:\/\/montael.com\/index.php?rest_route=%2Fwp%2Fv2%2Fproduct_tag&post=7087"}],"curies":[{"name":"wp","href":"https:\/\/api.w.org\/{rel}","templated":true}]}}