

{"id":7034,"date":"2024-04-26T11:13:46","date_gmt":"2024-04-26T11:13:46","guid":{"rendered":"https:\/\/montael.com\/new_site\/?post_type=product&#038;p=7034"},"modified":"2025-06-09T15:31:03","modified_gmt":"2025-06-09T14:31:03","slug":"ferrum-steel-metal-steel-60x120-rect","status":"publish","type":"product","link":"https:\/\/montael.com\/?product=ferrum-steel-metal-steel-60x120-rect","title":{"rendered":"Ferrum Steel (Metal Steel) 60&#215;120 Rect"},"content":{"rendered":"<p class=\"tw-data-text tw-text-large tw-ta\" dir=\"ltr\" data-placeholder=\"Tradu\u00e7\u00e3o\" aria-label=\"Texto traduzido\" data-ved=\"2ahUKEwjh4KHixt-FAxUuBdsEHYLLA8QQ3ewLegQIExAU\"><span class=\"Y2IQFc\" lang=\"pt\"><b>Metal <\/b>by <strong>Tau Ceramica<\/strong>,<\/span><span class=\"Y2IQFc\" lang=\"pt\"> \u00e9 uma s\u00e9rie porcel\u00e2nica que imita o metal envelhecido.<\/span><\/p>\n<p dir=\"ltr\" data-placeholder=\"Tradu\u00e7\u00e3o\" aria-label=\"Texto traduzido\" data-ved=\"2ahUKEwjh4KHixt-FAxUuBdsEHYLLA8QQ3ewLegQIExAU\"><strong>Caracter\u00edsticas:<\/strong><\/p>\n<ul>\n<li dir=\"ltr\" data-placeholder=\"Tradu\u00e7\u00e3o\" aria-label=\"Texto traduzido\" data-ved=\"2ahUKEwjh4KHixt-FAxUuBdsEHYLLA8QQ3ewLegQIExAU\">60&#215;120 Rect<\/li>\n<li dir=\"ltr\" data-placeholder=\"Tradu\u00e7\u00e3o\" aria-label=\"Texto traduzido\" data-ved=\"2ahUKEwjh4KHixt-FAxUuBdsEHYLLA8QQ3ewLegQIExAU\">Acabamento: SP<\/li>\n<li dir=\"ltr\" data-placeholder=\"Tradu\u00e7\u00e3o\" aria-label=\"Texto traduzido\" data-ved=\"2ahUKEwjh4KHixt-FAxUuBdsEHYLLA8QQ3ewLegQIExAU\">Efeito Metal<\/li>\n<li dir=\"ltr\" data-placeholder=\"Tradu\u00e7\u00e3o\" aria-label=\"Texto traduzido\" data-ved=\"2ahUKEwjh4KHixt-FAxUuBdsEHYLLA8QQ3ewLegQIExAU\">Tipologia: Porcel\u00e2nico Massa Corada<\/li>\n<li dir=\"ltr\" data-placeholder=\"Tradu\u00e7\u00e3o\" aria-label=\"Texto traduzido\" data-ved=\"2ahUKEwjh4KHixt-FAxUuBdsEHYLLA8QQ3ewLegQIExAU\">Moodboard Mediterranian<\/li>\n<li dir=\"ltr\" data-placeholder=\"Tradu\u00e7\u00e3o\" aria-label=\"Texto traduzido\" data-ved=\"2ahUKEwjh4KHixt-FAxUuBdsEHYLLA8QQ3ewLegQIExAU\">Varia\u00e7\u00e3o Moderada<\/li>\n<\/ul>\n","protected":false},"excerpt":{"rendered":"<ul>\n<li>Unidade Venda: M2\/Caixa<\/li>\n<li>Pre\u00e7o Caixa: 47.74\u20ac\/Caixa<\/li>\n<\/ul>\n<p><strong>Packing:<\/strong><\/p>\n<ul>\n<li>Caixa: 2 pe\u00e7as; 1,44m2\/caixa; 34.25Kg<\/li>\n<li>Palete: 32 Caixas; 46.08m2\/palete; 1 116Kg<\/li>\n<\/ul>\n<p>Marca: Tau Ceramica<\/p>\n","protected":false},"featured_media":8594,"template":"","meta":[],"product_cat":[171,152,145],"product_tag":[],"class_list":{"0":"post-7034","1":"product","2":"type-product","3":"status-publish","4":"has-post-thumbnail","6":"product_cat-metal","7":"product_cat-pavimentos","8":"product_cat-ceramica","9":"ts_product_brand-tau-ceramica","11":"first","12":"instock","13":"featured","14":"taxable","15":"shipping-taxable","16":"product-type-simple"},"_links":{"self":[{"href":"https:\/\/montael.com\/index.php?rest_route=\/wp\/v2\/product\/7034","targetHints":{"allow":["GET"]}}],"collection":[{"href":"https:\/\/montael.com\/index.php?rest_route=\/wp\/v2\/product"}],"about":[{"href":"https:\/\/montael.com\/index.php?rest_route=\/wp\/v2\/types\/product"}],"wp:featuredmedia":[{"embeddable":true,"href":"https:\/\/montael.com\/index.php?rest_route=\/wp\/v2\/media\/8594"}],"wp:attachment":[{"href":"https:\/\/montael.com\/index.php?rest_route=%2Fwp%2Fv2%2Fmedia&parent=7034"}],"wp:term":[{"taxonomy":"product_cat","embeddable":true,"href":"https:\/\/montael.com\/index.php?rest_route=%2Fwp%2Fv2%2Fproduct_cat&post=7034"},{"taxonomy":"product_tag","embeddable":true,"href":"https:\/\/montael.com\/index.php?rest_route=%2Fwp%2Fv2%2Fproduct_tag&post=7034"}],"curies":[{"name":"wp","href":"https:\/\/api.w.org\/{rel}","templated":true}]}}