

{"id":7018,"date":"2024-04-26T10:18:34","date_gmt":"2024-04-26T10:18:34","guid":{"rendered":"https:\/\/montael.com\/new_site\/?post_type=product&#038;p=7018"},"modified":"2025-06-09T15:32:54","modified_gmt":"2025-06-09T14:32:54","slug":"roadstone-gray-60x60-semi-polido-rectf","status":"publish","type":"product","link":"https:\/\/montael.com\/?product=roadstone-gray-60x60-semi-polido-rectf","title":{"rendered":"Roadstone Gray 60&#215;60 Semi- polido Rectf"},"content":{"rendered":"<p>&#8220;<strong>Roadstone<\/strong> by <strong>Tau Ceramica<\/strong>, encontra inspira\u00e7\u00e3o na pedra para tornar exclusivos os espa\u00e7os contempor\u00e2neos&#8221;<\/p>\n<p><strong>Caracteristicas:<\/strong><\/p>\n<ul>\n<li>60&#215;120 Rect<\/li>\n<li>Semi-Polido<\/li>\n<li>Efeito Pedra<\/li>\n<li>Tipologia: Porcel\u00e2nico Esmaltado<\/li>\n<li>MoodBoard Colonial<\/li>\n<li>Varia\u00e7\u00e3o Crom\u00e1tica Leve<\/li>\n<\/ul>\n","protected":false},"excerpt":{"rendered":"<ul>\n<li>Unidade de Venda: M2\/Caixa<\/li>\n<li>Pre\u00e7o Caixa: 18.79\u20ac<\/li>\n<\/ul>\n<p><strong>Packing:<\/strong><\/p>\n<ul>\n<li>Caixa: 4 pe\u00e7as; 1,44m2\/Caixa; 31.50Kg<\/li>\n<li>Palete: 30 Caixas; 43.20m2; 965kg<\/li>\n<\/ul>\n<p>Marca: Tau Ceramica<\/p>\n","protected":false},"featured_media":7019,"template":"","meta":[],"product_cat":[152,145,166],"product_tag":[],"class_list":{"0":"post-7018","1":"product","2":"type-product","3":"status-publish","4":"has-post-thumbnail","6":"product_cat-pavimentos","7":"product_cat-ceramica","8":"product_cat-pedras","9":"ts_product_brand-tau-ceramica","11":"first","12":"instock","13":"featured","14":"taxable","15":"shipping-taxable","16":"product-type-simple"},"_links":{"self":[{"href":"https:\/\/montael.com\/index.php?rest_route=\/wp\/v2\/product\/7018","targetHints":{"allow":["GET"]}}],"collection":[{"href":"https:\/\/montael.com\/index.php?rest_route=\/wp\/v2\/product"}],"about":[{"href":"https:\/\/montael.com\/index.php?rest_route=\/wp\/v2\/types\/product"}],"wp:featuredmedia":[{"embeddable":true,"href":"https:\/\/montael.com\/index.php?rest_route=\/wp\/v2\/media\/7019"}],"wp:attachment":[{"href":"https:\/\/montael.com\/index.php?rest_route=%2Fwp%2Fv2%2Fmedia&parent=7018"}],"wp:term":[{"taxonomy":"product_cat","embeddable":true,"href":"https:\/\/montael.com\/index.php?rest_route=%2Fwp%2Fv2%2Fproduct_cat&post=7018"},{"taxonomy":"product_tag","embeddable":true,"href":"https:\/\/montael.com\/index.php?rest_route=%2Fwp%2Fv2%2Fproduct_tag&post=7018"}],"curies":[{"name":"wp","href":"https:\/\/api.w.org\/{rel}","templated":true}]}}