

{"id":10367,"date":"2025-06-09T13:55:08","date_gmt":"2025-06-09T12:55:08","guid":{"rendered":"https:\/\/montael.com\/?post_type=product&#038;p=10367"},"modified":"2025-06-09T16:42:52","modified_gmt":"2025-06-09T15:42:52","slug":"painel-acustico-decowall-black-oak","status":"publish","type":"product","link":"https:\/\/montael.com\/?product=painel-acustico-decowall-black-oak","title":{"rendered":"Painel Ac\u00fastico Decowall black Oak"},"content":{"rendered":"<p><b>Caracter\u00edsticas:<\/b><\/p>\n<p><strong>MEDIDAS<\/strong><\/p>\n<p><strong>Painel : 600x2400x18mm<\/strong><\/p>\n<ul>\n<li>Placas em Feltro ac\u00fastico 100% proveniente de mat\u00e9rias reciclados com Ripas em MDF revestidas a folha de madeira natural<\/li>\n<li><strong>Com tratamento antifogo classe A Certifica\u00e7\u00e3o ASTM E84-2024<\/strong><\/li>\n<li>F\u00e1cil de Aplicar, em paredes de gesso cartonado, gesso ou reboco.<\/li>\n<li>Aplica\u00e7\u00e3o direta sobre a parede ou sobre um ripado, melhorando ainda mais o efeito ac\u00fastico.<\/li>\n<li><strong>MDF &#8211; <\/strong>Revestido com folha de madeira natural, com os veios da madeira, garantindo um aspeto natural ao acabamento<\/li>\n<li>Ripa de MDF que serve de suporte para a folha de madeira.<\/li>\n<li><strong>FELTRO<\/strong><br \/>\nFeltro de fibra de poli\u00e9ster. O feltro \u00e9 essencial para a\u00a0absor\u00e7\u00e3o das ondas sonoras\u00a0e\u00a0proporciona\u00a0o maior efeito\u00a0ac\u00fastico de todos os materiais<\/li>\n<\/ul>\n","protected":false},"excerpt":{"rendered":"<p>Caracter\u00edsticas: MEDIDAS Painel : 600x2400x18mm Placas em Feltro ac\u00fastico 100% proveniente de mat\u00e9rias reciclados com Ripas em MDF revestidas a folha de madeira natural Com tratamento antifogo classe A Certifica\u00e7\u00e3o ASTM E84-2024 F\u00e1cil de Aplicar, em paredes de gesso cartonado, gesso ou reboco. Aplica\u00e7\u00e3o direta sobre a parede ou sobre um ripado, melhorando ainda mais [&hellip;]<\/p>\n","protected":false},"featured_media":10373,"template":"","meta":[],"product_cat":[381],"product_tag":[],"class_list":{"0":"post-10367","1":"product","2":"type-product","3":"status-publish","4":"has-post-thumbnail","6":"product_cat-paineis-ripados","8":"first","9":"instock","10":"taxable","11":"shipping-taxable","12":"product-type-simple"},"_links":{"self":[{"href":"https:\/\/montael.com\/index.php?rest_route=\/wp\/v2\/product\/10367","targetHints":{"allow":["GET"]}}],"collection":[{"href":"https:\/\/montael.com\/index.php?rest_route=\/wp\/v2\/product"}],"about":[{"href":"https:\/\/montael.com\/index.php?rest_route=\/wp\/v2\/types\/product"}],"wp:featuredmedia":[{"embeddable":true,"href":"https:\/\/montael.com\/index.php?rest_route=\/wp\/v2\/media\/10373"}],"wp:attachment":[{"href":"https:\/\/montael.com\/index.php?rest_route=%2Fwp%2Fv2%2Fmedia&parent=10367"}],"wp:term":[{"taxonomy":"product_cat","embeddable":true,"href":"https:\/\/montael.com\/index.php?rest_route=%2Fwp%2Fv2%2Fproduct_cat&post=10367"},{"taxonomy":"product_tag","embeddable":true,"href":"https:\/\/montael.com\/index.php?rest_route=%2Fwp%2Fv2%2Fproduct_tag&post=10367"}],"curies":[{"name":"wp","href":"https:\/\/api.w.org\/{rel}","templated":true}]}}