

{"id":10338,"date":"2025-06-09T10:51:23","date_gmt":"2025-06-09T09:51:23","guid":{"rendered":"https:\/\/montael.com\/?post_type=product&#038;p=10338"},"modified":"2025-06-11T16:44:51","modified_gmt":"2025-06-11T15:44:51","slug":"pedra-multicolor-z-copia","status":"publish","type":"product","link":"https:\/\/montael.com\/?product=pedra-multicolor-z-copia","title":{"rendered":"Pedra Natural Quarzite Z"},"content":{"rendered":"<p><b>Caracter\u00edsticas:<\/b><\/p>\n<ul>\n<li>Pedra Natural Quartzite<\/li>\n<li>Dimens\u00f5es: 150&#215;550<\/li>\n<li>Espessura: 10-20mm<\/li>\n<li>Formato: Placa em Z<\/li>\n<li>Interiores e Exteriores<\/li>\n<\/ul>\n<p>Recomenda\u00e7\u00f5es:<\/p>\n<ul>\n<li>Coloca\u00e7\u00e3o de Hidro &#8211; oleorepelente ( Tipo &#8211; Fila Fob xtreme) Protege contra a penetra\u00e7\u00e3o em profundidade de manchas org\u00e2nicas, facilitando sua remo\u00e7\u00e3o e sem alterar a cor.<\/li>\n<\/ul>\n<p>N\u00e3o altera nem a cor nem apar\u00eancia Visual<\/p>\n<ul>\n<li>Dupla Colagem<\/li>\n<\/ul>\n<p>Observa\u00e7\u00f5es:<\/p>\n<ul>\n<li>Podem ocorrer varia\u00e7\u00f5es de cor nos elementos de pedra natural.<\/li>\n<\/ul>\n","protected":false},"excerpt":{"rendered":"<ul>\n<li>Unidade Venda: M2<\/li>\n<li>Caixa: 0,578m2 | 31,28\u20ac IVA Inclu\u00eddo<\/li>\n<\/ul>\n","protected":false},"featured_media":10339,"template":"","meta":[],"product_cat":[379],"product_tag":[],"class_list":{"0":"post-10338","1":"product","2":"type-product","3":"status-publish","4":"has-post-thumbnail","6":"product_cat-pedra-natural","8":"first","9":"instock","10":"featured","11":"taxable","12":"shipping-taxable","13":"product-type-simple"},"_links":{"self":[{"href":"https:\/\/montael.com\/index.php?rest_route=\/wp\/v2\/product\/10338","targetHints":{"allow":["GET"]}}],"collection":[{"href":"https:\/\/montael.com\/index.php?rest_route=\/wp\/v2\/product"}],"about":[{"href":"https:\/\/montael.com\/index.php?rest_route=\/wp\/v2\/types\/product"}],"wp:featuredmedia":[{"embeddable":true,"href":"https:\/\/montael.com\/index.php?rest_route=\/wp\/v2\/media\/10339"}],"wp:attachment":[{"href":"https:\/\/montael.com\/index.php?rest_route=%2Fwp%2Fv2%2Fmedia&parent=10338"}],"wp:term":[{"taxonomy":"product_cat","embeddable":true,"href":"https:\/\/montael.com\/index.php?rest_route=%2Fwp%2Fv2%2Fproduct_cat&post=10338"},{"taxonomy":"product_tag","embeddable":true,"href":"https:\/\/montael.com\/index.php?rest_route=%2Fwp%2Fv2%2Fproduct_tag&post=10338"}],"curies":[{"name":"wp","href":"https:\/\/api.w.org\/{rel}","templated":true}]}}