

{"id":10330,"date":"2025-06-09T10:08:17","date_gmt":"2025-06-09T09:08:17","guid":{"rendered":"https:\/\/montael.com\/?post_type=product&#038;p=10330"},"modified":"2025-06-09T10:54:27","modified_gmt":"2025-06-09T09:54:27","slug":"misturadora-banheira-fixacao-ao-chao-new-icone-5268801","status":"publish","type":"product","link":"https:\/\/montael.com\/?product=misturadora-banheira-fixacao-ao-chao-new-icone-5268801","title":{"rendered":"Misturadora Banheira fixa\u00e7\u00e3o ao ch\u00e3o New Icone 5268801"},"content":{"rendered":"<p><b>Caracter\u00edsticas:<\/b><\/p>\n<ul>\n<li>Misturadora cromada fixa\u00e7\u00e3o ao ch\u00e3o para Banheira<\/li>\n<li><strong>chuveiro e flex\u00edvel n\u00e3o inclu\u00eddos<\/strong><\/li>\n<li>caudal de \u00e1gua a 3bar**: 21.0L\/min. (bica) 11L\/min. (sa\u00edda livre)(**abertura total a 50% quente + 50% fria)<\/li>\n<\/ul>\n","protected":false},"excerpt":{"rendered":"<p>Marca: Sanindusa<\/p>\n","protected":false},"featured_media":10331,"template":"","meta":[],"product_cat":[191,193],"product_tag":[],"class_list":{"0":"post-10330","1":"product","2":"type-product","3":"status-publish","4":"has-post-thumbnail","6":"product_cat-torneiras","7":"product_cat-duche-e-banheira","8":"ts_product_brand-sanindusa","10":"first","11":"onbackorder","12":"featured","13":"taxable","14":"shipping-taxable","15":"product-type-simple"},"_links":{"self":[{"href":"https:\/\/montael.com\/index.php?rest_route=\/wp\/v2\/product\/10330","targetHints":{"allow":["GET"]}}],"collection":[{"href":"https:\/\/montael.com\/index.php?rest_route=\/wp\/v2\/product"}],"about":[{"href":"https:\/\/montael.com\/index.php?rest_route=\/wp\/v2\/types\/product"}],"wp:featuredmedia":[{"embeddable":true,"href":"https:\/\/montael.com\/index.php?rest_route=\/wp\/v2\/media\/10331"}],"wp:attachment":[{"href":"https:\/\/montael.com\/index.php?rest_route=%2Fwp%2Fv2%2Fmedia&parent=10330"}],"wp:term":[{"taxonomy":"product_cat","embeddable":true,"href":"https:\/\/montael.com\/index.php?rest_route=%2Fwp%2Fv2%2Fproduct_cat&post=10330"},{"taxonomy":"product_tag","embeddable":true,"href":"https:\/\/montael.com\/index.php?rest_route=%2Fwp%2Fv2%2Fproduct_tag&post=10330"}],"curies":[{"name":"wp","href":"https:\/\/api.w.org\/{rel}","templated":true}]}}