

{"id":10316,"date":"2025-06-09T09:34:12","date_gmt":"2025-06-09T08:34:12","guid":{"rendered":"https:\/\/montael.com\/?post_type=product&#038;p=10316"},"modified":"2025-06-09T10:32:07","modified_gmt":"2025-06-09T09:32:07","slug":"banheira-freestanding-ub2051","status":"publish","type":"product","link":"https:\/\/montael.com\/?product=banheira-freestanding-ub2051","title":{"rendered":"Banheira Freestanding UB2051"},"content":{"rendered":"<p><b>Caracter\u00edsticas:<\/b><\/p>\n<ul>\n<li>Acr\u00edlico<\/li>\n<li>Dreno Pop Up , Retangular OverFlow<\/li>\n<\/ul>\n<p>Dimens\u00f5es:<\/p>\n<ul>\n<li>1700x800x580<\/li>\n<\/ul>\n","protected":false},"excerpt":{"rendered":"<p>Caracter\u00edsticas: Acr\u00edlico Dreno Pop Up , Retangular OverFlow Dimens\u00f5es: 1700x800x580<\/p>\n","protected":false},"featured_media":10317,"template":"","meta":[],"product_cat":[378,148],"product_tag":[],"class_list":{"0":"post-10316","1":"product","2":"type-product","3":"status-publish","4":"has-post-thumbnail","6":"product_cat-banheira-freestanding","7":"product_cat-banheiras","9":"first","10":"instock","11":"featured","12":"taxable","13":"shipping-taxable","14":"product-type-simple"},"_links":{"self":[{"href":"https:\/\/montael.com\/index.php?rest_route=\/wp\/v2\/product\/10316","targetHints":{"allow":["GET"]}}],"collection":[{"href":"https:\/\/montael.com\/index.php?rest_route=\/wp\/v2\/product"}],"about":[{"href":"https:\/\/montael.com\/index.php?rest_route=\/wp\/v2\/types\/product"}],"wp:featuredmedia":[{"embeddable":true,"href":"https:\/\/montael.com\/index.php?rest_route=\/wp\/v2\/media\/10317"}],"wp:attachment":[{"href":"https:\/\/montael.com\/index.php?rest_route=%2Fwp%2Fv2%2Fmedia&parent=10316"}],"wp:term":[{"taxonomy":"product_cat","embeddable":true,"href":"https:\/\/montael.com\/index.php?rest_route=%2Fwp%2Fv2%2Fproduct_cat&post=10316"},{"taxonomy":"product_tag","embeddable":true,"href":"https:\/\/montael.com\/index.php?rest_route=%2Fwp%2Fv2%2Fproduct_tag&post=10316"}],"curies":[{"name":"wp","href":"https:\/\/api.w.org\/{rel}","templated":true}]}}