

{"id":10155,"date":"2025-04-04T14:54:41","date_gmt":"2025-04-04T13:54:41","guid":{"rendered":"https:\/\/montael.com\/new_site\/?post_type=product&#038;p=10155"},"modified":"2025-06-09T12:02:37","modified_gmt":"2025-06-09T11:02:37","slug":"nexo-bide-btw-br-s10074234900000","status":"publish","type":"product","link":"https:\/\/montael.com\/?product=nexo-bide-btw-br-s10074234900000","title":{"rendered":"Nexo Bid\u00e9 Btw Br S10074234900000"},"content":{"rendered":"<h4 class=\"produto_descr\">Caracter\u00edsticas:<\/h4>\n<p class=\"produto_descr\">(535x360x385 mm)<\/p>\n<p class=\"materiais\">Materiais: Cer\u00e2mica<\/p>\n<p class=\"peso_capacidade\">Peso: 20 Kg<\/p>\n<p class=\"referencia\">Ref.: S10074234900000<\/p>\n<h4 class=\"descritivo\">Descritivo<\/h4>\n<p class=\"descritivo\">Bid\u00e9 BTW Nexo<\/p>\n<h4 class=\"infoutil\">Info \u00datil<\/h4>\n<p class=\"infoutil\">&gt; na embalagem: bid\u00e9 e kit de fixa\u00e7\u00e3o<\/p>\n<h4 class=\"paletizacao\">N. pe\u00e7as por palete: 15<\/h4>\n","protected":false},"excerpt":{"rendered":"<ul>\n<li>Cor: 10C- branco<\/li>\n<\/ul>\n<p>Marca: Sanitana<\/p>\n","protected":false},"featured_media":10156,"template":"","meta":[],"product_cat":[300,174,177],"product_tag":[],"class_list":{"0":"post-10155","1":"product","2":"type-product","3":"status-publish","4":"has-post-thumbnail","6":"product_cat-bides-compactos","7":"product_cat-louca-sanitaria","8":"product_cat-nor","9":"ts_product_brand-sanitana","11":"first","12":"instock","13":"taxable","14":"shipping-taxable","15":"product-type-simple"},"_links":{"self":[{"href":"https:\/\/montael.com\/index.php?rest_route=\/wp\/v2\/product\/10155","targetHints":{"allow":["GET"]}}],"collection":[{"href":"https:\/\/montael.com\/index.php?rest_route=\/wp\/v2\/product"}],"about":[{"href":"https:\/\/montael.com\/index.php?rest_route=\/wp\/v2\/types\/product"}],"wp:featuredmedia":[{"embeddable":true,"href":"https:\/\/montael.com\/index.php?rest_route=\/wp\/v2\/media\/10156"}],"wp:attachment":[{"href":"https:\/\/montael.com\/index.php?rest_route=%2Fwp%2Fv2%2Fmedia&parent=10155"}],"wp:term":[{"taxonomy":"product_cat","embeddable":true,"href":"https:\/\/montael.com\/index.php?rest_route=%2Fwp%2Fv2%2Fproduct_cat&post=10155"},{"taxonomy":"product_tag","embeddable":true,"href":"https:\/\/montael.com\/index.php?rest_route=%2Fwp%2Fv2%2Fproduct_tag&post=10155"}],"curies":[{"name":"wp","href":"https:\/\/api.w.org\/{rel}","templated":true}]}}