

{"id":10143,"date":"2025-04-04T12:52:39","date_gmt":"2025-04-04T11:52:39","guid":{"rendered":"https:\/\/montael.com\/new_site\/?post_type=product&#038;p=10143"},"modified":"2025-04-04T12:56:12","modified_gmt":"2025-04-04T11:56:12","slug":"loft-bide-br-s10206318200001","status":"publish","type":"product","link":"https:\/\/montael.com\/?product=loft-bide-br-s10206318200001","title":{"rendered":"Loft Bid\u00e9 Br S10206318200001"},"content":{"rendered":"<h4 class=\"produto_descr\">Caracter\u00edsticas:<\/h4>\n<p class=\"produto_descr\">kit de fixa\u00e7\u00e3o<br \/>\n(360x540x400 mm)<\/p>\n<p class=\"materiais\">Materiais: Cer\u00e2mica<\/p>\n<p class=\"peso_capacidade\">Peso: 18 Kg<\/p>\n<p class=\"referencia\">Ref.: S10206318200001<\/p>\n<h4 class=\"descritivo\">Descritivo<\/h4>\n<p class=\"descritivo\">Bid\u00e9 simples 54<\/p>\n<h4 class=\"infoutil\">Info \u00datil<\/h4>\n<p class=\"infoutil\">Na embalagem: bid\u00e9 e kit de fixa\u00e7\u00e3o<\/p>\n<h4 class=\"paletizacao\">N. pe\u00e7as por palete: 24<\/h4>\n","protected":false},"excerpt":{"rendered":"<ul>\n<li>Cor: 10C- branco<\/li>\n<\/ul>\n","protected":false},"featured_media":10144,"template":"","meta":[],"product_cat":[300,174,177],"product_tag":[],"class_list":{"0":"post-10143","1":"product","2":"type-product","3":"status-publish","4":"has-post-thumbnail","6":"product_cat-bides-compactos","7":"product_cat-louca-sanitaria","8":"product_cat-nor","10":"first","11":"instock","12":"taxable","13":"shipping-taxable","14":"product-type-simple"},"_links":{"self":[{"href":"https:\/\/montael.com\/index.php?rest_route=\/wp\/v2\/product\/10143","targetHints":{"allow":["GET"]}}],"collection":[{"href":"https:\/\/montael.com\/index.php?rest_route=\/wp\/v2\/product"}],"about":[{"href":"https:\/\/montael.com\/index.php?rest_route=\/wp\/v2\/types\/product"}],"wp:featuredmedia":[{"embeddable":true,"href":"https:\/\/montael.com\/index.php?rest_route=\/wp\/v2\/media\/10144"}],"wp:attachment":[{"href":"https:\/\/montael.com\/index.php?rest_route=%2Fwp%2Fv2%2Fmedia&parent=10143"}],"wp:term":[{"taxonomy":"product_cat","embeddable":true,"href":"https:\/\/montael.com\/index.php?rest_route=%2Fwp%2Fv2%2Fproduct_cat&post=10143"},{"taxonomy":"product_tag","embeddable":true,"href":"https:\/\/montael.com\/index.php?rest_route=%2Fwp%2Fv2%2Fproduct_tag&post=10143"}],"curies":[{"name":"wp","href":"https:\/\/api.w.org\/{rel}","templated":true}]}}