

{"id":10120,"date":"2025-04-04T11:00:29","date_gmt":"2025-04-04T10:00:29","guid":{"rendered":"https:\/\/montael.com\/new_site\/?post_type=product&#038;p=10120"},"modified":"2025-04-04T11:03:58","modified_gmt":"2025-04-04T10:03:58","slug":"pop-art-bide-btw-br-s10076434900000","status":"publish","type":"product","link":"https:\/\/montael.com\/?product=pop-art-bide-btw-br-s10076434900000","title":{"rendered":"Pop Art Bid\u00e9 Btw Br S10076434900000"},"content":{"rendered":"<h4 class=\"produto_descr\">Caracter\u00edsticas:<\/h4>\n<p class=\"produto_descr\">Kit de pr\u00e9-instala\u00e7\u00e3o inclu\u00eddo<br \/>\n(525X360X400 mm)<\/p>\n<p class=\"materiais\">Materiais: Cer\u00e2mica<\/p>\n<p class=\"peso_capacidade\">Peso: 20 Kg<\/p>\n<p class=\"cordescr\">Cores:<br \/>\n10C &#8211; Branco<\/p>\n<p class=\"referencia\">Ref.: S10076434900000<\/p>\n<h4 class=\"infoutil\">Info \u00datil<\/h4>\n<p class=\"infoutil\">Inclui kit de pr\u00e9-instala\u00e7\u00e3o<br \/>\nPermite aplica\u00e7\u00e3o BTW ou afastada da parede<\/p>\n<h4 class=\"paletizacao\">N. pe\u00e7as por palete: 15<\/h4>\n","protected":false},"excerpt":{"rendered":"<pre>Cor: 10C- branco<\/pre>\n","protected":false},"featured_media":10121,"template":"","meta":[],"product_cat":[300,174,177],"product_tag":[],"class_list":{"0":"post-10120","1":"product","2":"type-product","3":"status-publish","4":"has-post-thumbnail","6":"product_cat-bides-compactos","7":"product_cat-louca-sanitaria","8":"product_cat-nor","10":"first","11":"instock","12":"taxable","13":"shipping-taxable","14":"product-type-simple"},"_links":{"self":[{"href":"https:\/\/montael.com\/index.php?rest_route=\/wp\/v2\/product\/10120","targetHints":{"allow":["GET"]}}],"collection":[{"href":"https:\/\/montael.com\/index.php?rest_route=\/wp\/v2\/product"}],"about":[{"href":"https:\/\/montael.com\/index.php?rest_route=\/wp\/v2\/types\/product"}],"wp:featuredmedia":[{"embeddable":true,"href":"https:\/\/montael.com\/index.php?rest_route=\/wp\/v2\/media\/10121"}],"wp:attachment":[{"href":"https:\/\/montael.com\/index.php?rest_route=%2Fwp%2Fv2%2Fmedia&parent=10120"}],"wp:term":[{"taxonomy":"product_cat","embeddable":true,"href":"https:\/\/montael.com\/index.php?rest_route=%2Fwp%2Fv2%2Fproduct_cat&post=10120"},{"taxonomy":"product_tag","embeddable":true,"href":"https:\/\/montael.com\/index.php?rest_route=%2Fwp%2Fv2%2Fproduct_tag&post=10120"}],"curies":[{"name":"wp","href":"https:\/\/api.w.org\/{rel}","templated":true}]}}