

{"id":10102,"date":"2025-04-04T09:22:01","date_gmt":"2025-04-04T08:22:01","guid":{"rendered":"https:\/\/montael.com\/new_site\/?post_type=product&#038;p=10102"},"modified":"2025-06-09T12:25:31","modified_gmt":"2025-06-09T11:25:31","slug":"pop-square-bide-suspenso-53-br-s10205300000000","status":"publish","type":"product","link":"https:\/\/montael.com\/?product=pop-square-bide-suspenso-53-br-s10205300000000","title":{"rendered":"Pop Square Bid\u00e9 Suspenso 53 Br S10205300000000"},"content":{"rendered":"<h4 class=\"produto_descr\">Caracter\u00edsticas:<\/h4>\n<p class=\"produto_descr\">com kit de fixa\u00e7\u00e3o<br \/>\n(355x530x400 mm)<\/p>\n<p class=\"materiais\">Materiais: Cer\u00e2mica<\/p>\n<p class=\"peso_capacidade\">Peso: 20 Kg<\/p>\n<p class=\"referencia\">Ref.: S10205300000000<\/p>\n<h4 class=\"descritivo\">Descritivo :<\/h4>\n<p class=\"descritivo\">Bid\u00e9 suspenso 53<\/p>\n<h4 class=\"infoutil\">Info \u00datil :<\/h4>\n<p class=\"infoutil\">Na embalagem: bid\u00e9 e kit de fixa\u00e7\u00e3o<\/p>\n<h4 class=\"paletizacao\">N. pe\u00e7as por palete : 24<\/h4>\n<p>&nbsp;<\/p>\n","protected":false},"excerpt":{"rendered":"<ul>\n<li>Cor : 10C &#8211; branco<\/li>\n<\/ul>\n<p>Marca: Sanitana<\/p>\n","protected":false},"featured_media":10103,"template":"","meta":[],"product_cat":[180,174,176],"product_tag":[],"class_list":{"0":"post-10102","1":"product","2":"type-product","3":"status-publish","4":"has-post-thumbnail","6":"product_cat-bides","7":"product_cat-louca-sanitaria","8":"product_cat-suspensa","9":"ts_product_brand-sanitana","11":"first","12":"instock","13":"taxable","14":"shipping-taxable","15":"product-type-simple"},"_links":{"self":[{"href":"https:\/\/montael.com\/index.php?rest_route=\/wp\/v2\/product\/10102","targetHints":{"allow":["GET"]}}],"collection":[{"href":"https:\/\/montael.com\/index.php?rest_route=\/wp\/v2\/product"}],"about":[{"href":"https:\/\/montael.com\/index.php?rest_route=\/wp\/v2\/types\/product"}],"wp:featuredmedia":[{"embeddable":true,"href":"https:\/\/montael.com\/index.php?rest_route=\/wp\/v2\/media\/10103"}],"wp:attachment":[{"href":"https:\/\/montael.com\/index.php?rest_route=%2Fwp%2Fv2%2Fmedia&parent=10102"}],"wp:term":[{"taxonomy":"product_cat","embeddable":true,"href":"https:\/\/montael.com\/index.php?rest_route=%2Fwp%2Fv2%2Fproduct_cat&post=10102"},{"taxonomy":"product_tag","embeddable":true,"href":"https:\/\/montael.com\/index.php?rest_route=%2Fwp%2Fv2%2Fproduct_tag&post=10102"}],"curies":[{"name":"wp","href":"https:\/\/api.w.org\/{rel}","templated":true}]}}