

{"id":10027,"date":"2025-04-01T18:04:25","date_gmt":"2025-04-01T17:04:25","guid":{"rendered":"https:\/\/montael.com\/new_site\/?post_type=product&#038;p=10027"},"modified":"2025-06-06T17:41:12","modified_gmt":"2025-06-06T16:41:12","slug":"extensao-eletrica-15mm2-com-enrolador","status":"publish","type":"product","link":"https:\/\/montael.com\/?product=extensao-eletrica-15mm2-com-enrolador","title":{"rendered":"Extens\u00e3o El\u00e9trica 25mts x 1,5mm com Enrolador"},"content":{"rendered":"<p>A extens\u00e3o el\u00e9trica \u00e9 composta por uma bobine em pl\u00e1stico semi-r\u00edgido, com uma pega e uma base de apoio.<br \/>\nPossibilita um m\u00e1ximo de quatro liga\u00e7\u00f5es em simult\u00e2neo.<br \/>\nDisp\u00f5e de um sistema autom\u00e1tico de prote\u00e7\u00e3o (disjuntor) que corta a corrente quando se verifica uma sobrecarga el\u00e9trica.<\/p>\n","protected":false},"excerpt":{"rendered":"<p>\u2713 Cabo com sec\u00e7\u00e3o de 1,5 mm2<br \/>\n\u2713 Comprimento do cabo 25 mts<br \/>\n\u2713 4 tomadas c\/ disjuntor de prote\u00e7\u00e3o<br \/>\n\u2713 Bobine em pl\u00e1stico<\/p>\n<p>Marca: Pecol<\/p>\n","protected":false},"featured_media":10028,"template":"","meta":[],"product_cat":[370,324],"product_tag":[],"class_list":{"0":"post-10027","1":"product","2":"type-product","3":"status-publish","4":"has-post-thumbnail","6":"product_cat-cabos-e-extensoes","7":"product_cat-eletricidade-e-iluminacao","8":"ts_product_brand-pecol","10":"first","11":"instock","12":"taxable","13":"shipping-taxable","14":"product-type-simple"},"_links":{"self":[{"href":"https:\/\/montael.com\/index.php?rest_route=\/wp\/v2\/product\/10027","targetHints":{"allow":["GET"]}}],"collection":[{"href":"https:\/\/montael.com\/index.php?rest_route=\/wp\/v2\/product"}],"about":[{"href":"https:\/\/montael.com\/index.php?rest_route=\/wp\/v2\/types\/product"}],"wp:featuredmedia":[{"embeddable":true,"href":"https:\/\/montael.com\/index.php?rest_route=\/wp\/v2\/media\/10028"}],"wp:attachment":[{"href":"https:\/\/montael.com\/index.php?rest_route=%2Fwp%2Fv2%2Fmedia&parent=10027"}],"wp:term":[{"taxonomy":"product_cat","embeddable":true,"href":"https:\/\/montael.com\/index.php?rest_route=%2Fwp%2Fv2%2Fproduct_cat&post=10027"},{"taxonomy":"product_tag","embeddable":true,"href":"https:\/\/montael.com\/index.php?rest_route=%2Fwp%2Fv2%2Fproduct_tag&post=10027"}],"curies":[{"name":"wp","href":"https:\/\/api.w.org\/{rel}","templated":true}]}}