

{"id":10026,"date":"2025-04-01T18:02:43","date_gmt":"2025-04-01T17:02:43","guid":{"rendered":"https:\/\/montael.com\/new_site\/?post_type=product&#038;p=10026"},"modified":"2025-06-09T10:39:46","modified_gmt":"2025-06-09T09:39:46","slug":"winner-sanita-compacta-rimflush-d-c-br-142021","status":"publish","type":"product","link":"https:\/\/montael.com\/?product=winner-sanita-compacta-rimflush-d-c-br-142021","title":{"rendered":"Winner Sanita Compacta Rimflush D\/C Br 142021"},"content":{"rendered":"<p dir=\"ltr\" data-placeholder=\"Tradu\u00e7\u00e3o\" aria-label=\"Texto traduzido\" data-ved=\"2ahUKEwjh4KHixt-FAxUuBdsEHYLLA8QQ3ewLegQIExAU\"><strong>Caracter\u00edsticas:<\/strong><\/p>\n<ul>\n<li dir=\"ltr\" data-placeholder=\"Tradu\u00e7\u00e3o\" aria-label=\"Texto traduzido\" data-ved=\"2ahUKEwjh4KHixt-FAxUuBdsEHYLLA8QQ3ewLegQIExAU\">Inclui: Kit Fixa\u00e7\u00e3o e Sif\u00e3o de Descarga<\/li>\n<li dir=\"ltr\" data-placeholder=\"Tradu\u00e7\u00e3o\" aria-label=\"Texto traduzido\" data-ved=\"2ahUKEwjh4KHixt-FAxUuBdsEHYLLA8QQ3ewLegQIExAU\">Peso &#8211; 23Kg<\/li>\n<li dir=\"ltr\" data-placeholder=\"Tradu\u00e7\u00e3o\" aria-label=\"Texto traduzido\" data-ved=\"2ahUKEwjh4KHixt-FAxUuBdsEHYLLA8QQ3ewLegQIExAU\">Comprimento &#8211; 64Cm<\/li>\n<li dir=\"ltr\" data-placeholder=\"Tradu\u00e7\u00e3o\" aria-label=\"Texto traduzido\" data-ved=\"2ahUKEwjh4KHixt-FAxUuBdsEHYLLA8QQ3ewLegQIExAU\">Largura &#8211; 36Cm<\/li>\n<li dir=\"ltr\" data-placeholder=\"Tradu\u00e7\u00e3o\" aria-label=\"Texto traduzido\" data-ved=\"2ahUKEwjh4KHixt-FAxUuBdsEHYLLA8QQ3ewLegQIExAU\">Altura &#8211; 40Cm<\/li>\n<li dir=\"ltr\" data-placeholder=\"Tradu\u00e7\u00e3o\" aria-label=\"Texto traduzido\" data-ved=\"2ahUKEwjh4KHixt-FAxUuBdsEHYLLA8QQ3ewLegQIExAU\">Cores &#8211; 00 Branco<\/li>\n<li dir=\"ltr\" data-placeholder=\"Tradu\u00e7\u00e3o\" aria-label=\"Texto traduzido\" data-ved=\"2ahUKEwjh4KHixt-FAxUuBdsEHYLLA8QQ3ewLegQIExAU\">Pe\u00e7as p\/ palete: 18 Uni<\/li>\n<\/ul>\n","protected":false},"excerpt":{"rendered":"<ul>\n<li>N\u00e3o inclui: Tanque e tampo<\/li>\n<\/ul>\n<p>Marca: Sanindusa<\/p>\n","protected":false},"featured_media":10030,"template":"","meta":[],"product_cat":[174,177,207],"product_tag":[],"class_list":{"0":"post-10026","1":"product","2":"type-product","3":"status-publish","4":"has-post-thumbnail","6":"product_cat-louca-sanitaria","7":"product_cat-nor","8":"product_cat-sanitas-nor","9":"ts_product_brand-sanindusa","11":"first","12":"instock","13":"taxable","14":"shipping-taxable","15":"product-type-simple"},"_links":{"self":[{"href":"https:\/\/montael.com\/index.php?rest_route=\/wp\/v2\/product\/10026","targetHints":{"allow":["GET"]}}],"collection":[{"href":"https:\/\/montael.com\/index.php?rest_route=\/wp\/v2\/product"}],"about":[{"href":"https:\/\/montael.com\/index.php?rest_route=\/wp\/v2\/types\/product"}],"wp:featuredmedia":[{"embeddable":true,"href":"https:\/\/montael.com\/index.php?rest_route=\/wp\/v2\/media\/10030"}],"wp:attachment":[{"href":"https:\/\/montael.com\/index.php?rest_route=%2Fwp%2Fv2%2Fmedia&parent=10026"}],"wp:term":[{"taxonomy":"product_cat","embeddable":true,"href":"https:\/\/montael.com\/index.php?rest_route=%2Fwp%2Fv2%2Fproduct_cat&post=10026"},{"taxonomy":"product_tag","embeddable":true,"href":"https:\/\/montael.com\/index.php?rest_route=%2Fwp%2Fv2%2Fproduct_tag&post=10026"}],"curies":[{"name":"wp","href":"https:\/\/api.w.org\/{rel}","templated":true}]}}