

{"id":9466,"date":"2025-03-13T15:10:35","date_gmt":"2025-03-13T15:10:35","guid":{"rendered":"https:\/\/montael.com\/new_site\/?page_id=9466"},"modified":"2025-03-13T15:12:16","modified_gmt":"2025-03-13T15:12:16","slug":"produtos-em-destaque-pavimentos-e-revestimentos","status":"publish","type":"page","link":"https:\/\/montael.com\/?page_id=9466","title":{"rendered":"Produtos em Destaque Pavimentos e Revestimentos"},"content":{"rendered":"\t\t<div data-elementor-type=\"wp-page\" data-elementor-id=\"9466\" class=\"elementor elementor-9466\" data-elementor-post-type=\"page\">\n\t\t\t\t<div class=\"elementor-element elementor-element-47ff3b7 e-flex e-con-boxed e-con e-parent\" data-id=\"47ff3b7\" data-element_type=\"container\">\n\t\t\t\t\t<div class=\"e-con-inner\">\n\t\t\t\t<div class=\"elementor-element elementor-element-7fc9dbb title-align-left elementor-widget elementor-widget-ts-products\" data-id=\"7fc9dbb\" data-element_type=\"widget\" data-widget_type=\"ts-products.default\">\n\t\t\t\t<div class=\"elementor-widget-container\">\n\t\t\t\t\t\t\t<div class=\"ts-product-wrapper ts-shortcode ts-product woocommerce columns-5 featured style-default\" >\n\t\t\n\t\t\t\t\t\t<div class=\"content-wrapper \">\n\t\t\t\n\t\t\t\t<div class=\"products\">\r\n\r\n<section class=\"product type-product post-10407 status-publish first instock product_cat-decoracoes product_cat-ceramica product_cat-revestimentos has-post-thumbnail featured taxable shipping-taxable product-type-simple\" data-product_id=\"10407\">\r\n\t<div class=\"product-wrapper\">\r\n\t\t\t\r\n\t\t<div class=\"thumbnail-wrapper\">\r\n\t\t\t<a href=\"https:\/\/montael.com\/?product=malmo-roble-45x120-rectf\">\r\n\t\t\t\t<figure class=\"has-back-image\"><img fetchpriority=\"high\" decoding=\"async\" src=\"https:\/\/montael.com\/new_site\/wp-content\/themes\/nooni\/images\/prod_loading.gif\" data-src=\"https:\/\/montael.com\/new_site\/wp-content\/uploads\/2025\/06\/malmo-roble-450x371.jpeg\" class=\"attachment-shop_catalog wp-post-image ts-lazy-load\" alt=\"\" width=\"450\" height=\"572\" \/><img decoding=\"async\" src=\"https:\/\/montael.com\/new_site\/wp-content\/themes\/nooni\/images\/prod_loading.gif\" data-src=\"https:\/\/montael.com\/new_site\/wp-content\/uploads\/2025\/06\/ambiente-malmo-roble-pav-palermo-gris_web-1-450x572.jpg\" class=\"product-image-back ts-lazy-load\" alt=\"\" width=\"450\" height=\"572\" \/><\/figure>\t\t\t<\/a>\r\n\t\t\t\t<div class=\"product-group-button\"><div class=\"loop-add-to-cart\"><a href=\"https:\/\/montael.com\/?product=malmo-roble-45x120-rectf\" data-quantity=\"1\" class=\"button product_type_simple\" data-product_id=\"10407\" data-product_sku=\"75304\" aria-label=\"Leia mais sobre &ldquo;Malmo Roble 45x120 Rectf&rdquo;\" rel=\"nofollow\" data-success_message=\"\"><span class=\"ts-tooltip button-tooltip\">Ler mais<\/span><\/a><\/div><\/div>\t\t<\/div>\r\n\t\t<div class=\"meta-wrapper\">\r\n\t\t\t<a href=\"https:\/\/montael.com\/?page_id=8916&#038;prod=malmo-roble-45x120-rectf\" class=\"button request-quote\">Pedir or\u00e7amento<\/a><h3 class=\"heading-title product-name\"><a href=\"https:\/\/montael.com\/?product=malmo-roble-45x120-rectf\">Malmo Roble 45x120 Rectf<\/a><\/h3>\n\t<span class=\"price\"><span class=\"woocommerce-Price-amount amount\"><bdi>26,50&nbsp;<span class=\"woocommerce-Price-currencySymbol\">&euro;<\/span><\/bdi><\/span> <small class=\"woocommerce-price-suffix\">IVA inclu\u00eddo.<\/small><\/span>\n<div class=\"product-group-button-meta\"><\/div>\t\t<\/div>\r\n\t<\/div>\r\n<\/section>\r\n<section class=\"product type-product post-10404 status-publish instock product_cat-marmores product_cat-pavimentos product_cat-ceramica has-post-thumbnail featured taxable shipping-taxable product-type-simple\" data-product_id=\"10404\">\r\n\t<div class=\"product-wrapper\">\r\n\t\t\t\r\n\t\t<div class=\"thumbnail-wrapper\">\r\n\t\t\t<a href=\"https:\/\/montael.com\/?product=blue-roma-cielo-60x120-rectf\">\r\n\t\t\t\t<figure class=\"has-back-image\"><img decoding=\"async\" src=\"https:\/\/montael.com\/new_site\/wp-content\/themes\/nooni\/images\/prod_loading.gif\" data-src=\"https:\/\/montael.com\/new_site\/wp-content\/uploads\/2025\/06\/blue-roma-cielo-450x503.jpeg\" class=\"attachment-shop_catalog wp-post-image ts-lazy-load\" alt=\"\" width=\"450\" height=\"572\" \/><img loading=\"lazy\" decoding=\"async\" src=\"https:\/\/montael.com\/new_site\/wp-content\/themes\/nooni\/images\/prod_loading.gif\" data-src=\"https:\/\/montael.com\/new_site\/wp-content\/uploads\/2025\/06\/1915_amb-coverlam-blue-roma-120x278-120x120_web-1024x824-1-450x572.jpg\" class=\"product-image-back ts-lazy-load\" alt=\"\" width=\"450\" height=\"572\" \/><\/figure>\t\t\t<\/a>\r\n\t\t\t\t<div class=\"product-group-button\"><div class=\"loop-add-to-cart\"><a href=\"https:\/\/montael.com\/?product=blue-roma-cielo-60x120-rectf\" data-quantity=\"1\" class=\"button product_type_simple\" data-product_id=\"10404\" data-product_sku=\"75300\" aria-label=\"Leia mais sobre &ldquo;Blue Roma Cielo 60x120 Rectf&rdquo;\" rel=\"nofollow\" data-success_message=\"\"><span class=\"ts-tooltip button-tooltip\">Ler mais<\/span><\/a><\/div><\/div>\t\t<\/div>\r\n\t\t<div class=\"meta-wrapper\">\r\n\t\t\t<a href=\"https:\/\/montael.com\/?page_id=8916&#038;prod=blue-roma-cielo-60x120-rectf\" class=\"button request-quote\">Pedir or\u00e7amento<\/a><h3 class=\"heading-title product-name\"><a href=\"https:\/\/montael.com\/?product=blue-roma-cielo-60x120-rectf\">Blue Roma Cielo 60x120 Rectf<\/a><\/h3>\n\t<span class=\"price\"><span class=\"woocommerce-Price-amount amount\"><bdi>24,97&nbsp;<span class=\"woocommerce-Price-currencySymbol\">&euro;<\/span><\/bdi><\/span> <small class=\"woocommerce-price-suffix\">IVA inclu\u00eddo.<\/small><\/span>\n<div class=\"product-group-button-meta\"><\/div>\t\t<\/div>\r\n\t<\/div>\r\n<\/section>\r\n<section class=\"product type-product post-10397 status-publish instock product_cat-marmores product_cat-pavimentos product_cat-ceramica has-post-thumbnail featured taxable shipping-taxable product-type-simple\" data-product_id=\"10397\">\r\n\t<div class=\"product-wrapper\">\r\n\t\t\t\r\n\t\t<div class=\"thumbnail-wrapper\">\r\n\t\t\t<a href=\"https:\/\/montael.com\/?product=san-remo-60x120-rectf\">\r\n\t\t\t\t<figure class=\"has-back-image\"><img loading=\"lazy\" decoding=\"async\" src=\"https:\/\/montael.com\/new_site\/wp-content\/themes\/nooni\/images\/prod_loading.gif\" data-src=\"https:\/\/montael.com\/new_site\/wp-content\/uploads\/2025\/06\/san-remo-450x501.jpeg\" class=\"attachment-shop_catalog wp-post-image ts-lazy-load\" alt=\"\" width=\"450\" height=\"572\" \/><img loading=\"lazy\" decoding=\"async\" src=\"https:\/\/montael.com\/new_site\/wp-content\/themes\/nooni\/images\/prod_loading.gif\" data-src=\"https:\/\/montael.com\/new_site\/wp-content\/uploads\/2025\/06\/amb-san-remo-119x119_web-450x572.jpg\" class=\"product-image-back ts-lazy-load\" alt=\"\" width=\"450\" height=\"572\" \/><\/figure>\t\t\t<\/a>\r\n\t\t\t\t<div class=\"product-group-button\"><div class=\"loop-add-to-cart\"><a href=\"https:\/\/montael.com\/?product=san-remo-60x120-rectf\" data-quantity=\"1\" class=\"button product_type_simple\" data-product_id=\"10397\" data-product_sku=\"75302\" aria-label=\"Leia mais sobre &ldquo;San Remo 60x120 Rectf&rdquo;\" rel=\"nofollow\" data-success_message=\"\"><span class=\"ts-tooltip button-tooltip\">Ler mais<\/span><\/a><\/div><\/div>\t\t<\/div>\r\n\t\t<div class=\"meta-wrapper\">\r\n\t\t\t<a href=\"https:\/\/montael.com\/?page_id=8916&#038;prod=san-remo-60x120-rectf\" class=\"button request-quote\">Pedir or\u00e7amento<\/a><h3 class=\"heading-title product-name\"><a href=\"https:\/\/montael.com\/?product=san-remo-60x120-rectf\">San Remo 60x120 Rectf<\/a><\/h3>\n\t<span class=\"price\"><span class=\"woocommerce-Price-amount amount\"><bdi>24,97&nbsp;<span class=\"woocommerce-Price-currencySymbol\">&euro;<\/span><\/bdi><\/span> <small class=\"woocommerce-price-suffix\">IVA inclu\u00eddo.<\/small><\/span>\n<div class=\"product-group-button-meta\"><\/div>\t\t<\/div>\r\n\t<\/div>\r\n<\/section>\r\n<section class=\"product type-product post-10392 status-publish instock product_cat-marmores product_cat-pavimentos product_cat-ceramica has-post-thumbnail featured taxable shipping-taxable product-type-simple\" data-product_id=\"10392\">\r\n\t<div class=\"product-wrapper\">\r\n\t\t\t\r\n\t\t<div class=\"thumbnail-wrapper\">\r\n\t\t\t<a href=\"https:\/\/montael.com\/?product=canela-roma-60x120\">\r\n\t\t\t\t<figure class=\"has-back-image\"><img loading=\"lazy\" decoding=\"async\" src=\"https:\/\/montael.com\/new_site\/wp-content\/themes\/nooni\/images\/prod_loading.gif\" data-src=\"https:\/\/montael.com\/new_site\/wp-content\/uploads\/2025\/06\/canela-roma-1-450x503.jpeg\" class=\"attachment-shop_catalog wp-post-image ts-lazy-load\" alt=\"\" width=\"450\" height=\"572\" \/><img loading=\"lazy\" decoding=\"async\" src=\"https:\/\/montael.com\/new_site\/wp-content\/themes\/nooni\/images\/prod_loading.gif\" data-src=\"https:\/\/montael.com\/new_site\/wp-content\/uploads\/2025\/06\/amb-CANELA-ROMA-120x278-120x120-1-450x572.jpg\" class=\"product-image-back ts-lazy-load\" alt=\"\" width=\"450\" height=\"572\" \/><\/figure>\t\t\t<\/a>\r\n\t\t\t\t<div class=\"product-group-button\"><div class=\"loop-add-to-cart\"><a href=\"https:\/\/montael.com\/?product=canela-roma-60x120\" data-quantity=\"1\" class=\"button product_type_simple\" data-product_id=\"10392\" data-product_sku=\"75299\" aria-label=\"Leia mais sobre &ldquo;Canela Roma 60x120&rdquo;\" rel=\"nofollow\" data-success_message=\"\"><span class=\"ts-tooltip button-tooltip\">Ler mais<\/span><\/a><\/div><\/div>\t\t<\/div>\r\n\t\t<div class=\"meta-wrapper\">\r\n\t\t\t<a href=\"https:\/\/montael.com\/?page_id=8916&#038;prod=canela-roma-60x120\" class=\"button request-quote\">Pedir or\u00e7amento<\/a><h3 class=\"heading-title product-name\"><a href=\"https:\/\/montael.com\/?product=canela-roma-60x120\">Canela Roma 60x120<\/a><\/h3>\n\t<span class=\"price\"><span class=\"woocommerce-Price-amount amount\"><bdi>24,97&nbsp;<span class=\"woocommerce-Price-currencySymbol\">&euro;<\/span><\/bdi><\/span> <small class=\"woocommerce-price-suffix\">IVA inclu\u00eddo.<\/small><\/span>\n<div class=\"product-group-button-meta\"><\/div>\t\t<\/div>\r\n\t<\/div>\r\n<\/section>\r\n<section class=\"product type-product post-10388 status-publish last instock product_cat-pavimentos product_cat-ceramica product_cat-pedras has-post-thumbnail featured taxable shipping-taxable product-type-simple\" data-product_id=\"10388\">\r\n\t<div class=\"product-wrapper\">\r\n\t\t\t\r\n\t\t<div class=\"thumbnail-wrapper\">\r\n\t\t\t<a href=\"https:\/\/montael.com\/?product=riverside-beige-60x120\">\r\n\t\t\t\t<figure class=\"has-back-image\"><img loading=\"lazy\" decoding=\"async\" src=\"https:\/\/montael.com\/new_site\/wp-content\/themes\/nooni\/images\/prod_loading.gif\" data-src=\"https:\/\/montael.com\/new_site\/wp-content\/uploads\/2025\/06\/riverside-beige-1-450x500.jpeg\" class=\"attachment-shop_catalog wp-post-image ts-lazy-load\" alt=\"\" width=\"450\" height=\"572\" \/><img loading=\"lazy\" decoding=\"async\" src=\"https:\/\/montael.com\/new_site\/wp-content\/themes\/nooni\/images\/prod_loading.gif\" data-src=\"https:\/\/montael.com\/new_site\/wp-content\/uploads\/2025\/06\/amb-riverside-beige-120x60_web-450x572.jpg\" class=\"product-image-back ts-lazy-load\" alt=\"\" width=\"450\" height=\"572\" \/><\/figure>\t\t\t<\/a>\r\n\t\t\t\t<div class=\"product-group-button\"><div class=\"loop-add-to-cart\"><a href=\"https:\/\/montael.com\/?product=riverside-beige-60x120\" data-quantity=\"1\" class=\"button product_type_simple\" data-product_id=\"10388\" data-product_sku=\"75303\" aria-label=\"Leia mais sobre &ldquo;Riverside Beige 60x120&rdquo;\" rel=\"nofollow\" data-success_message=\"\"><span class=\"ts-tooltip button-tooltip\">Ler mais<\/span><\/a><\/div><\/div>\t\t<\/div>\r\n\t\t<div class=\"meta-wrapper\">\r\n\t\t\t<a href=\"https:\/\/montael.com\/?page_id=8916&#038;prod=riverside-beige-60x120\" class=\"button request-quote\">Pedir or\u00e7amento<\/a><h3 class=\"heading-title product-name\"><a href=\"https:\/\/montael.com\/?product=riverside-beige-60x120\">Riverside Beige 60x120<\/a><\/h3>\n\t<span class=\"price\"><span class=\"woocommerce-Price-amount amount\"><bdi>24,97&nbsp;<span class=\"woocommerce-Price-currencySymbol\">&euro;<\/span><\/bdi><\/span> <small class=\"woocommerce-price-suffix\">IVA inclu\u00eddo.<\/small><\/span>\n<div class=\"product-group-button-meta\"><\/div>\t\t<\/div>\r\n\t<\/div>\r\n<\/section>\r\n<section class=\"product type-product post-10383 status-publish first instock product_cat-pavimentos product_cat-ceramica has-post-thumbnail featured taxable shipping-taxable product-type-simple\" data-product_id=\"10383\">\r\n\t<div class=\"product-wrapper\">\r\n\t\t\t\r\n\t\t<div class=\"thumbnail-wrapper\">\r\n\t\t\t<a href=\"https:\/\/montael.com\/?product=voolterra-branco-polido-59x119\">\r\n\t\t\t\t<figure class=\"has-back-image\"><img loading=\"lazy\" decoding=\"async\" src=\"https:\/\/montael.com\/new_site\/wp-content\/themes\/nooni\/images\/prod_loading.gif\" data-src=\"https:\/\/montael.com\/new_site\/wp-content\/uploads\/2025\/06\/volterra-branco-1-450x500.jpeg\" class=\"attachment-shop_catalog wp-post-image ts-lazy-load\" alt=\"\" width=\"450\" height=\"572\" \/><img loading=\"lazy\" decoding=\"async\" src=\"https:\/\/montael.com\/new_site\/wp-content\/themes\/nooni\/images\/prod_loading.gif\" data-src=\"https:\/\/montael.com\/new_site\/wp-content\/uploads\/2025\/06\/amb-volterra-blanco-59x119-pulido_web-450x572.jpg\" class=\"product-image-back ts-lazy-load\" alt=\"\" width=\"450\" height=\"572\" \/><\/figure>\t\t\t<\/a>\r\n\t\t\t\t<div class=\"product-group-button\"><div class=\"loop-add-to-cart\"><a href=\"https:\/\/montael.com\/?product=voolterra-branco-polido-59x119\" data-quantity=\"1\" class=\"button product_type_simple\" data-product_id=\"10383\" data-product_sku=\"75301\" aria-label=\"Leia mais sobre &ldquo;Volterra Branco Polido 59x119&rdquo;\" rel=\"nofollow\" data-success_message=\"\"><span class=\"ts-tooltip button-tooltip\">Ler mais<\/span><\/a><\/div><\/div>\t\t<\/div>\r\n\t\t<div class=\"meta-wrapper\">\r\n\t\t\t<a href=\"https:\/\/montael.com\/?page_id=8916&#038;prod=voolterra-branco-polido-59x119\" class=\"button request-quote\">Pedir or\u00e7amento<\/a><h3 class=\"heading-title product-name\"><a href=\"https:\/\/montael.com\/?product=voolterra-branco-polido-59x119\">Volterra Branco Polido 59x119<\/a><\/h3>\n\t<span class=\"price\"><span class=\"woocommerce-Price-amount amount\"><bdi>30,14&nbsp;<span class=\"woocommerce-Price-currencySymbol\">&euro;<\/span><\/bdi><\/span> <small class=\"woocommerce-price-suffix\">IVA inclu\u00eddo.<\/small><\/span>\n<div class=\"product-group-button-meta\"><\/div>\t\t<\/div>\r\n\t<\/div>\r\n<\/section>\r\n<section class=\"product type-product post-10351 status-publish instock product_cat-pavimento-vinilico-spc has-post-thumbnail featured taxable shipping-taxable product-type-simple\" data-product_id=\"10351\">\r\n\t<div class=\"product-wrapper\">\r\n\t\t\t\r\n\t\t<div class=\"thumbnail-wrapper\">\r\n\t\t\t<a href=\"https:\/\/montael.com\/?product=pavimento-vinilico-spc-eco-oak\">\r\n\t\t\t\t<figure class=\"no-back-image\"><img loading=\"lazy\" decoding=\"async\" src=\"https:\/\/montael.com\/new_site\/wp-content\/themes\/nooni\/images\/prod_loading.gif\" data-src=\"https:\/\/montael.com\/new_site\/wp-content\/uploads\/2025\/06\/NATURAL_OAK-1-450x572.png\" class=\"attachment-shop_catalog wp-post-image ts-lazy-load\" alt=\"\" width=\"450\" height=\"572\" \/><\/figure>\t\t\t<\/a>\r\n\t\t\t\t<div class=\"product-group-button\"><div class=\"loop-add-to-cart\"><a href=\"https:\/\/montael.com\/?product=pavimento-vinilico-spc-eco-oak\" data-quantity=\"1\" class=\"button product_type_simple\" data-product_id=\"10351\" data-product_sku=\"62072\" aria-label=\"Leia mais sobre &ldquo;Pavimento Vin\u00edlico Spc Eco Oak&rdquo;\" rel=\"nofollow\" data-success_message=\"\"><span class=\"ts-tooltip button-tooltip\">Ler mais<\/span><\/a><\/div><\/div>\t\t<\/div>\r\n\t\t<div class=\"meta-wrapper\">\r\n\t\t\t<a href=\"https:\/\/montael.com\/?page_id=8916&#038;prod=pavimento-vinilico-spc-eco-oak\" class=\"button request-quote\">Pedir or\u00e7amento<\/a><h3 class=\"heading-title product-name\"><a href=\"https:\/\/montael.com\/?product=pavimento-vinilico-spc-eco-oak\">Pavimento Vin\u00edlico Spc Eco Oak<\/a><\/h3>\n\t<span class=\"price\"><span class=\"woocommerce-Price-amount amount\"><bdi>19,19&nbsp;<span class=\"woocommerce-Price-currencySymbol\">&euro;<\/span><\/bdi><\/span> <small class=\"woocommerce-price-suffix\">IVA inclu\u00eddo.<\/small><\/span>\n<div class=\"product-group-button-meta\"><\/div>\t\t<\/div>\r\n\t<\/div>\r\n<\/section>\r\n<section class=\"product type-product post-10341 status-publish instock product_cat-pavimento-vinilico-spc has-post-thumbnail featured taxable shipping-taxable product-type-simple\" data-product_id=\"10341\">\r\n\t<div class=\"product-wrapper\">\r\n\t\t\t\r\n\t\t<div class=\"thumbnail-wrapper\">\r\n\t\t\t<a href=\"https:\/\/montael.com\/?product=pavimento-vinilico-spc-oak-elegance\">\r\n\t\t\t\t<figure class=\"has-back-image\"><img loading=\"lazy\" decoding=\"async\" src=\"https:\/\/montael.com\/new_site\/wp-content\/themes\/nooni\/images\/prod_loading.gif\" data-src=\"https:\/\/montael.com\/new_site\/wp-content\/uploads\/2025\/06\/1036-PIRINEOS-450x293.jpg\" class=\"attachment-shop_catalog wp-post-image ts-lazy-load\" alt=\"\" width=\"450\" height=\"572\" \/><img loading=\"lazy\" decoding=\"async\" src=\"https:\/\/montael.com\/new_site\/wp-content\/themes\/nooni\/images\/prod_loading.gif\" data-src=\"https:\/\/montael.com\/new_site\/wp-content\/uploads\/2025\/06\/amb-PIRINEOS-183X122_-nueva-grafica_2-450x572.jpg\" class=\"product-image-back ts-lazy-load\" alt=\"\" width=\"450\" height=\"572\" \/><\/figure>\t\t\t<\/a>\r\n\t\t\t\t<div class=\"product-group-button\"><div class=\"loop-add-to-cart\"><a href=\"https:\/\/montael.com\/?product=pavimento-vinilico-spc-oak-elegance\" data-quantity=\"1\" class=\"button product_type_simple\" data-product_id=\"10341\" data-product_sku=\"75598\" aria-label=\"Leia mais sobre &ldquo;Pavimento Vin\u00edlico Spc Oak Elegance&rdquo;\" rel=\"nofollow\" data-success_message=\"\"><span class=\"ts-tooltip button-tooltip\">Ler mais<\/span><\/a><\/div><\/div>\t\t<\/div>\r\n\t\t<div class=\"meta-wrapper\">\r\n\t\t\t<a href=\"https:\/\/montael.com\/?page_id=8916&#038;prod=pavimento-vinilico-spc-oak-elegance\" class=\"button request-quote\">Pedir or\u00e7amento<\/a><h3 class=\"heading-title product-name\"><a href=\"https:\/\/montael.com\/?product=pavimento-vinilico-spc-oak-elegance\">Pavimento Vin\u00edlico Spc Oak Elegance<\/a><\/h3>\n\t<span class=\"price\"><span class=\"woocommerce-Price-amount amount\"><bdi>26,69&nbsp;<span class=\"woocommerce-Price-currencySymbol\">&euro;<\/span><\/bdi><\/span> <small class=\"woocommerce-price-suffix\">IVA inclu\u00eddo.<\/small><\/span>\n<div class=\"product-group-button-meta\"><\/div>\t\t<\/div>\r\n\t<\/div>\r\n<\/section>\r\n<section class=\"product type-product post-10338 status-publish instock product_cat-pedra-natural has-post-thumbnail featured taxable shipping-taxable product-type-simple\" data-product_id=\"10338\">\r\n\t<div class=\"product-wrapper\">\r\n\t\t\t\r\n\t\t<div class=\"thumbnail-wrapper\">\r\n\t\t\t<a href=\"https:\/\/montael.com\/?product=pedra-multicolor-z-copia\">\r\n\t\t\t\t<figure class=\"no-back-image\"><img loading=\"lazy\" decoding=\"async\" src=\"https:\/\/montael.com\/new_site\/wp-content\/themes\/nooni\/images\/prod_loading.gif\" data-src=\"https:\/\/montael.com\/new_site\/wp-content\/uploads\/2025\/06\/Quartzito-Multicolor-ref.-251-480x343-1-450x343.jpg\" class=\"attachment-shop_catalog wp-post-image ts-lazy-load\" alt=\"\" width=\"450\" height=\"572\" \/><\/figure>\t\t\t<\/a>\r\n\t\t\t\t<div class=\"product-group-button\"><div class=\"loop-add-to-cart\"><a href=\"https:\/\/montael.com\/?product=pedra-multicolor-z-copia\" data-quantity=\"1\" class=\"button product_type_simple\" data-product_id=\"10338\" data-product_sku=\"76126\" aria-label=\"Leia mais sobre &ldquo;Pedra Natural Quarzite Z&rdquo;\" rel=\"nofollow\" data-success_message=\"\"><span class=\"ts-tooltip button-tooltip\">Ler mais<\/span><\/a><\/div><\/div>\t\t<\/div>\r\n\t\t<div class=\"meta-wrapper\">\r\n\t\t\t<a href=\"https:\/\/montael.com\/?page_id=8916&#038;prod=pedra-multicolor-z-copia\" class=\"button request-quote\">Pedir or\u00e7amento<\/a><h3 class=\"heading-title product-name\"><a href=\"https:\/\/montael.com\/?product=pedra-multicolor-z-copia\">Pedra Natural Quarzite Z<\/a><\/h3>\n\t<span class=\"price\"><span class=\"woocommerce-Price-amount amount\"><bdi>54,12&nbsp;<span class=\"woocommerce-Price-currencySymbol\">&euro;<\/span><\/bdi><\/span> <small class=\"woocommerce-price-suffix\">IVA inclu\u00eddo.<\/small><\/span>\n<div class=\"product-group-button-meta\"><\/div>\t\t<\/div>\r\n\t<\/div>\r\n<\/section>\r\n<section class=\"product type-product post-10336 status-publish last instock product_cat-pedra-natural has-post-thumbnail featured taxable shipping-taxable product-type-simple\" data-product_id=\"10336\">\r\n\t<div class=\"product-wrapper\">\r\n\t\t\t\r\n\t\t<div class=\"thumbnail-wrapper\">\r\n\t\t\t<a href=\"https:\/\/montael.com\/?product=pedra-multicolor-z\">\r\n\t\t\t\t<figure class=\"no-back-image\"><img loading=\"lazy\" decoding=\"async\" src=\"https:\/\/montael.com\/new_site\/wp-content\/themes\/nooni\/images\/prod_loading.gif\" data-src=\"https:\/\/montael.com\/new_site\/wp-content\/uploads\/2025\/06\/xisto-multicolor-450x280.png\" class=\"attachment-shop_catalog wp-post-image ts-lazy-load\" alt=\"\" width=\"450\" height=\"572\" \/><\/figure>\t\t\t<\/a>\r\n\t\t\t\t<div class=\"product-group-button\"><div class=\"loop-add-to-cart\"><a href=\"https:\/\/montael.com\/?product=pedra-multicolor-z\" data-quantity=\"1\" class=\"button product_type_simple\" data-product_id=\"10336\" data-product_sku=\"76125\" aria-label=\"Leia mais sobre &ldquo;Pedra Multicolor Z&rdquo;\" rel=\"nofollow\" data-success_message=\"\"><span class=\"ts-tooltip button-tooltip\">Ler mais<\/span><\/a><\/div><\/div>\t\t<\/div>\r\n\t\t<div class=\"meta-wrapper\">\r\n\t\t\t<a href=\"https:\/\/montael.com\/?page_id=8916&#038;prod=pedra-multicolor-z\" class=\"button request-quote\">Pedir or\u00e7amento<\/a><h3 class=\"heading-title product-name\"><a href=\"https:\/\/montael.com\/?product=pedra-multicolor-z\">Pedra Multicolor Z<\/a><\/h3>\n\t<span class=\"price\"><span class=\"woocommerce-Price-amount amount\"><bdi>41,82&nbsp;<span class=\"woocommerce-Price-currencySymbol\">&euro;<\/span><\/bdi><\/span> <small class=\"woocommerce-price-suffix\">IVA inclu\u00eddo.<\/small><\/span>\n<div class=\"product-group-button-meta\"><\/div>\t\t<\/div>\r\n\t<\/div>\r\n<\/section><\/div>\t\t\t\t\n\t\t\t<\/div>\n\t\t\t\n\t\t\t\t\t\t\n\t\t<\/div>\n\t\t\t\t\t\t<\/div>\n\t\t\t\t<\/div>\n\t\t\t\t\t<\/div>\n\t\t\t\t<\/div>\n\t\t\t\t<\/div>\n\t\t","protected":false},"excerpt":{"rendered":"<p>Ler mais Pedir Or\u00e7amento Griseo 60&#215;60 Polido 25,52&nbsp;&euro; IVA inclu\u00eddo. Ler mais Pedir Or\u00e7amento Majestic Crema Marfil 60&#215;60 Polido 21,59&nbsp;&euro; IVA inclu\u00eddo. Ler mais Pedir Or\u00e7amento Etnastone Black 60&#215;120 Sp Rect 29,92&nbsp;&euro; IVA inclu\u00eddo. Ler mais Pedir Or\u00e7amento Ferrum Steel (Metal Steel) 60&#215;120 Rect 37,82&nbsp;&euro; IVA inclu\u00eddo. Ler mais Pedir Or\u00e7amento Mainstone Gray 60&#215;120 Polido [&hellip;]<\/p>\n","protected":false},"author":2,"featured_media":0,"parent":0,"menu_order":0,"comment_status":"closed","ping_status":"closed","template":"","meta":{"footnotes":""},"class_list":["post-9466","page","type-page","status-publish","hentry"],"_links":{"self":[{"href":"https:\/\/montael.com\/index.php?rest_route=\/wp\/v2\/pages\/9466","targetHints":{"allow":["GET"]}}],"collection":[{"href":"https:\/\/montael.com\/index.php?rest_route=\/wp\/v2\/pages"}],"about":[{"href":"https:\/\/montael.com\/index.php?rest_route=\/wp\/v2\/types\/page"}],"author":[{"embeddable":true,"href":"https:\/\/montael.com\/index.php?rest_route=\/wp\/v2\/users\/2"}],"replies":[{"embeddable":true,"href":"https:\/\/montael.com\/index.php?rest_route=%2Fwp%2Fv2%2Fcomments&post=9466"}],"version-history":[{"count":4,"href":"https:\/\/montael.com\/index.php?rest_route=\/wp\/v2\/pages\/9466\/revisions"}],"predecessor-version":[{"id":9470,"href":"https:\/\/montael.com\/index.php?rest_route=\/wp\/v2\/pages\/9466\/revisions\/9470"}],"wp:attachment":[{"href":"https:\/\/montael.com\/index.php?rest_route=%2Fwp%2Fv2%2Fmedia&parent=9466"}],"curies":[{"name":"wp","href":"https:\/\/api.w.org\/{rel}","templated":true}]}}