

{"id":9460,"date":"2025-03-13T15:05:04","date_gmt":"2025-03-13T15:05:04","guid":{"rendered":"https:\/\/montael.com\/new_site\/?page_id=9460"},"modified":"2025-03-13T15:07:06","modified_gmt":"2025-03-13T15:07:06","slug":"produtos-em-destaque-casa-de-banho","status":"publish","type":"page","link":"https:\/\/montael.com\/?page_id=9460","title":{"rendered":"Produtos em Destaque Casa de Banho"},"content":{"rendered":"\t\t<div data-elementor-type=\"wp-page\" data-elementor-id=\"9460\" class=\"elementor elementor-9460\" data-elementor-post-type=\"page\">\n\t\t\t\t<div class=\"elementor-element elementor-element-6c15626 e-flex e-con-boxed e-con e-parent\" data-id=\"6c15626\" data-element_type=\"container\">\n\t\t\t\t\t<div class=\"e-con-inner\">\n\t\t\t\t<div class=\"elementor-element elementor-element-05eaf35 title-align-left elementor-widget elementor-widget-ts-products\" data-id=\"05eaf35\" data-element_type=\"widget\" data-widget_type=\"ts-products.default\">\n\t\t\t\t<div class=\"elementor-widget-container\">\n\t\t\t\t\t\t\t<div class=\"ts-product-wrapper ts-shortcode ts-product woocommerce columns-5 featured style-default\" >\n\t\t\n\t\t\t\t\t\t<div class=\"content-wrapper \">\n\t\t\t\n\t\t\t\t<div class=\"products\">\r\n\r\n<section class=\"product type-product post-10330 status-publish first onbackorder product_cat-torneiras product_cat-duche-e-banheira has-post-thumbnail featured taxable shipping-taxable product-type-simple\" data-product_id=\"10330\">\r\n\t<div class=\"product-wrapper\">\r\n\t\t\t\r\n\t\t<div class=\"thumbnail-wrapper\">\r\n\t\t\t<a href=\"https:\/\/montael.com\/?product=misturadora-banheira-fixacao-ao-chao-new-icone-5268801\">\r\n\t\t\t\t<figure class=\"no-back-image\"><img fetchpriority=\"high\" decoding=\"async\" src=\"https:\/\/montael.com\/new_site\/wp-content\/themes\/nooni\/images\/prod_loading.gif\" data-src=\"https:\/\/montael.com\/new_site\/wp-content\/uploads\/2025\/06\/New-Icone-450x420.png\" class=\"attachment-shop_catalog wp-post-image ts-lazy-load\" alt=\"\" width=\"450\" height=\"572\" \/><\/figure>\t\t\t<\/a>\r\n\t\t\t\t<div class=\"product-group-button\"><div class=\"loop-add-to-cart\"><a href=\"https:\/\/montael.com\/?product=misturadora-banheira-fixacao-ao-chao-new-icone-5268801\" data-quantity=\"1\" class=\"button product_type_simple\" data-product_id=\"10330\" data-product_sku=\"52426\" aria-label=\"Leia mais sobre &ldquo;Misturadora Banheira fixa\u00e7\u00e3o ao ch\u00e3o New Icone 5268801&rdquo;\" rel=\"nofollow\" data-success_message=\"\"><span class=\"ts-tooltip button-tooltip\">Ler mais<\/span><\/a><\/div><\/div>\t\t<\/div>\r\n\t\t<div class=\"meta-wrapper\">\r\n\t\t\t<a href=\"https:\/\/montael.com\/?page_id=8916&#038;prod=misturadora-banheira-fixacao-ao-chao-new-icone-5268801\" class=\"button request-quote\">Pedir or\u00e7amento<\/a><h3 class=\"heading-title product-name\"><a href=\"https:\/\/montael.com\/?product=misturadora-banheira-fixacao-ao-chao-new-icone-5268801\">Misturadora Banheira fixa\u00e7\u00e3o ao ch\u00e3o New Icone 5268801<\/a><\/h3>\n\t<span class=\"price\"><span class=\"woocommerce-Price-amount amount\"><bdi>922,50&nbsp;<span class=\"woocommerce-Price-currencySymbol\">&euro;<\/span><\/bdi><\/span> <small class=\"woocommerce-price-suffix\">IVA inclu\u00eddo.<\/small><\/span>\n<div class=\"product-group-button-meta\"><\/div>\t\t<\/div>\r\n\t<\/div>\r\n<\/section>\r\n<section class=\"product type-product post-10328 status-publish instock product_cat-torneiras has-post-thumbnail featured taxable shipping-taxable product-type-simple\" data-product_id=\"10328\">\r\n\t<div class=\"product-wrapper\">\r\n\t\t\t\r\n\t\t<div class=\"thumbnail-wrapper\">\r\n\t\t\t<a href=\"https:\/\/montael.com\/?product=misturadora-banheira-e-duche-ao-chao-lira-ub2011\">\r\n\t\t\t\t<figure class=\"no-back-image\"><img decoding=\"async\" src=\"https:\/\/montael.com\/new_site\/wp-content\/themes\/nooni\/images\/prod_loading.gif\" data-src=\"https:\/\/montael.com\/new_site\/wp-content\/uploads\/2025\/06\/lira-1-251x572.jpg\" class=\"attachment-shop_catalog wp-post-image ts-lazy-load\" alt=\"\" width=\"450\" height=\"572\" \/><\/figure>\t\t\t<\/a>\r\n\t\t\t\t<div class=\"product-group-button\"><div class=\"loop-add-to-cart\"><a href=\"https:\/\/montael.com\/?product=misturadora-banheira-e-duche-ao-chao-lira-ub2011\" data-quantity=\"1\" class=\"button product_type_simple\" data-product_id=\"10328\" data-product_sku=\"76190\" aria-label=\"Leia mais sobre &ldquo;Misturadora Banheira e Duche ao ch\u00e3o Lira UB2011&rdquo;\" rel=\"nofollow\" data-success_message=\"\"><span class=\"ts-tooltip button-tooltip\">Ler mais<\/span><\/a><\/div><\/div>\t\t<\/div>\r\n\t\t<div class=\"meta-wrapper\">\r\n\t\t\t<a href=\"https:\/\/montael.com\/?page_id=8916&#038;prod=misturadora-banheira-e-duche-ao-chao-lira-ub2011\" class=\"button request-quote\">Pedir or\u00e7amento<\/a><h3 class=\"heading-title product-name\"><a href=\"https:\/\/montael.com\/?product=misturadora-banheira-e-duche-ao-chao-lira-ub2011\">Misturadora Banheira e Duche ao ch\u00e3o Lira UB2011<\/a><\/h3>\n\t<span class=\"price\"><span class=\"woocommerce-Price-amount amount\"><bdi>314,12&nbsp;<span class=\"woocommerce-Price-currencySymbol\">&euro;<\/span><\/bdi><\/span> <small class=\"woocommerce-price-suffix\">IVA inclu\u00eddo.<\/small><\/span>\n<div class=\"product-group-button-meta\"><\/div>\t\t<\/div>\r\n\t<\/div>\r\n<\/section>\r\n<section class=\"product type-product post-10323 status-publish onbackorder product_cat-banheira-freestanding product_cat-banheiras has-post-thumbnail featured taxable shipping-taxable product-type-simple\" data-product_id=\"10323\">\r\n\t<div class=\"product-wrapper\">\r\n\t\t\t\r\n\t\t<div class=\"thumbnail-wrapper\">\r\n\t\t\t<a href=\"https:\/\/montael.com\/?product=banheira-freestanding-urb-y-plus\">\r\n\t\t\t\t<figure class=\"has-back-image\"><img decoding=\"async\" src=\"https:\/\/montael.com\/new_site\/wp-content\/themes\/nooni\/images\/prod_loading.gif\" data-src=\"https:\/\/montael.com\/new_site\/wp-content\/uploads\/2025\/06\/56667-16247755-450x572.jpg\" class=\"attachment-shop_catalog wp-post-image ts-lazy-load\" alt=\"\" width=\"450\" height=\"572\" \/><img loading=\"lazy\" decoding=\"async\" src=\"https:\/\/montael.com\/new_site\/wp-content\/themes\/nooni\/images\/prod_loading.gif\" data-src=\"https:\/\/montael.com\/new_site\/wp-content\/uploads\/2025\/06\/JPG_2b0a7bbf87ba088860c370002d2a751b-450x420.png\" class=\"product-image-back ts-lazy-load\" alt=\"\" width=\"450\" height=\"572\" \/><\/figure>\t\t\t<\/a>\r\n\t\t\t\t<div class=\"product-group-button\"><div class=\"loop-add-to-cart\"><a href=\"https:\/\/montael.com\/?product=banheira-freestanding-urb-y-plus\" data-quantity=\"1\" class=\"button product_type_simple\" data-product_id=\"10323\" data-product_sku=\"55169\" aria-label=\"Leia mais sobre &ldquo;Banheira Freestanding Urb.y Plus&rdquo;\" rel=\"nofollow\" data-success_message=\"\"><span class=\"ts-tooltip button-tooltip\">Ler mais<\/span><\/a><\/div><\/div>\t\t<\/div>\r\n\t\t<div class=\"meta-wrapper\">\r\n\t\t\t<a href=\"https:\/\/montael.com\/?page_id=8916&#038;prod=banheira-freestanding-urb-y-plus\" class=\"button request-quote\">Pedir or\u00e7amento<\/a><h3 class=\"heading-title product-name\"><a href=\"https:\/\/montael.com\/?product=banheira-freestanding-urb-y-plus\">Banheira Freestanding Urb.y Plus<\/a><\/h3>\n\t<span class=\"price\"><span class=\"woocommerce-Price-amount amount\"><bdi>2555,04&nbsp;<span class=\"woocommerce-Price-currencySymbol\">&euro;<\/span><\/bdi><\/span> <small class=\"woocommerce-price-suffix\">IVA inclu\u00eddo.<\/small><\/span>\n<div class=\"product-group-button-meta\"><\/div>\t\t<\/div>\r\n\t<\/div>\r\n<\/section>\r\n<section class=\"product type-product post-10318 status-publish onbackorder product_cat-banheira-freestanding product_cat-banheiras has-post-thumbnail featured taxable shipping-taxable product-type-simple\" data-product_id=\"10318\">\r\n\t<div class=\"product-wrapper\">\r\n\t\t\t\r\n\t\t<div class=\"thumbnail-wrapper\">\r\n\t\t\t<a href=\"https:\/\/montael.com\/?product=banheira-freestanding-aman-s202-0170-0000-000\">\r\n\t\t\t\t<figure class=\"has-back-image\"><img loading=\"lazy\" decoding=\"async\" src=\"https:\/\/montael.com\/new_site\/wp-content\/themes\/nooni\/images\/prod_loading.gif\" data-src=\"https:\/\/montael.com\/new_site\/wp-content\/uploads\/2025\/06\/banheira_aman-450x462.jpg\" class=\"attachment-shop_catalog wp-post-image ts-lazy-load\" alt=\"\" width=\"450\" height=\"572\" \/><img loading=\"lazy\" decoding=\"async\" src=\"https:\/\/montael.com\/new_site\/wp-content\/themes\/nooni\/images\/prod_loading.gif\" data-src=\"https:\/\/montael.com\/new_site\/wp-content\/uploads\/2025\/06\/S20201700000000_D.jpg\" class=\"product-image-back ts-lazy-load\" alt=\"\" width=\"450\" height=\"572\" \/><\/figure>\t\t\t<\/a>\r\n\t\t\t\t<div class=\"product-group-button\"><div class=\"loop-add-to-cart\"><a href=\"https:\/\/montael.com\/?product=banheira-freestanding-aman-s202-0170-0000-000\" data-quantity=\"1\" class=\"button product_type_simple\" data-product_id=\"10318\" data-product_sku=\"50841\" aria-label=\"Leia mais sobre &ldquo;Banheira Freestanding Aman S202 0170 0000 000&rdquo;\" rel=\"nofollow\" data-success_message=\"\"><span class=\"ts-tooltip button-tooltip\">Ler mais<\/span><\/a><\/div><\/div>\t\t<\/div>\r\n\t\t<div class=\"meta-wrapper\">\r\n\t\t\t<a href=\"https:\/\/montael.com\/?page_id=8916&#038;prod=banheira-freestanding-aman-s202-0170-0000-000\" class=\"button request-quote\">Pedir or\u00e7amento<\/a><h3 class=\"heading-title product-name\"><a href=\"https:\/\/montael.com\/?product=banheira-freestanding-aman-s202-0170-0000-000\">Banheira Freestanding Aman S202 0170 0000 000<\/a><\/h3>\n\t<span class=\"price\"><span class=\"woocommerce-Price-amount amount\"><bdi>3777,33&nbsp;<span class=\"woocommerce-Price-currencySymbol\">&euro;<\/span><\/bdi><\/span> <small class=\"woocommerce-price-suffix\">IVA inclu\u00eddo.<\/small><\/span>\n<div class=\"product-group-button-meta\"><\/div>\t\t<\/div>\r\n\t<\/div>\r\n<\/section>\r\n<section class=\"product type-product post-10316 status-publish last instock product_cat-banheira-freestanding product_cat-banheiras has-post-thumbnail featured taxable shipping-taxable product-type-simple\" data-product_id=\"10316\">\r\n\t<div class=\"product-wrapper\">\r\n\t\t\t\r\n\t\t<div class=\"thumbnail-wrapper\">\r\n\t\t\t<a href=\"https:\/\/montael.com\/?product=banheira-freestanding-ub2051\">\r\n\t\t\t\t<figure class=\"no-back-image\"><img loading=\"lazy\" decoding=\"async\" src=\"https:\/\/montael.com\/new_site\/wp-content\/themes\/nooni\/images\/prod_loading.gif\" data-src=\"https:\/\/montael.com\/new_site\/wp-content\/uploads\/2025\/06\/6833-stackable-2-450x572.jpg\" class=\"attachment-shop_catalog wp-post-image ts-lazy-load\" alt=\"\" width=\"450\" height=\"572\" \/><\/figure>\t\t\t<\/a>\r\n\t\t\t\t<div class=\"product-group-button\"><div class=\"loop-add-to-cart\"><a href=\"https:\/\/montael.com\/?product=banheira-freestanding-ub2051\" data-quantity=\"1\" class=\"button product_type_simple\" data-product_id=\"10316\" data-product_sku=\"76223\" aria-label=\"Leia mais sobre &ldquo;Banheira Freestanding UB2051&rdquo;\" rel=\"nofollow\" data-success_message=\"\"><span class=\"ts-tooltip button-tooltip\">Ler mais<\/span><\/a><\/div><\/div>\t\t<\/div>\r\n\t\t<div class=\"meta-wrapper\">\r\n\t\t\t<a href=\"https:\/\/montael.com\/?page_id=8916&#038;prod=banheira-freestanding-ub2051\" class=\"button request-quote\">Pedir or\u00e7amento<\/a><h3 class=\"heading-title product-name\"><a href=\"https:\/\/montael.com\/?product=banheira-freestanding-ub2051\">Banheira Freestanding UB2051<\/a><\/h3>\n\t<span class=\"price\"><span class=\"woocommerce-Price-amount amount\"><bdi>791,53&nbsp;<span class=\"woocommerce-Price-currencySymbol\">&euro;<\/span><\/bdi><\/span> <small class=\"woocommerce-price-suffix\">IVA inclu\u00eddo.<\/small><\/span>\n<div class=\"product-group-button-meta\"><\/div>\t\t<\/div>\r\n\t<\/div>\r\n<\/section>\r\n<section class=\"product type-product post-10314 status-publish first instock product_cat-espelhos product_cat-moveis-casa-banho has-post-thumbnail featured taxable shipping-taxable product-type-simple\" data-product_id=\"10314\">\r\n\t<div class=\"product-wrapper\">\r\n\t\t\t\r\n\t\t<div class=\"thumbnail-wrapper\">\r\n\t\t\t<a href=\"https:\/\/montael.com\/?product=espelho-aurora-120x60-ub1025-com-touch-e-desembaciador\">\r\n\t\t\t\t<figure class=\"no-back-image\"><img loading=\"lazy\" decoding=\"async\" src=\"https:\/\/montael.com\/new_site\/wp-content\/themes\/nooni\/images\/prod_loading.gif\" data-src=\"https:\/\/montael.com\/new_site\/wp-content\/uploads\/2025\/06\/UB1025.png\" class=\"attachment-shop_catalog wp-post-image ts-lazy-load\" alt=\"\" width=\"450\" height=\"572\" \/><\/figure>\t\t\t<\/a>\r\n\t\t\t\t<div class=\"product-group-button\"><div class=\"loop-add-to-cart\"><a href=\"https:\/\/montael.com\/?product=espelho-aurora-120x60-ub1025-com-touch-e-desembaciador\" data-quantity=\"1\" class=\"button product_type_simple\" data-product_id=\"10314\" data-product_sku=\"76612\" aria-label=\"Leia mais sobre &ldquo;Espelho Aurora 120x60 UB1025 com touch e desembaciador&rdquo;\" rel=\"nofollow\" data-success_message=\"\"><span class=\"ts-tooltip button-tooltip\">Ler mais<\/span><\/a><\/div><\/div>\t\t<\/div>\r\n\t\t<div class=\"meta-wrapper\">\r\n\t\t\t<a href=\"https:\/\/montael.com\/?page_id=8916&#038;prod=espelho-aurora-120x60-ub1025-com-touch-e-desembaciador\" class=\"button request-quote\">Pedir or\u00e7amento<\/a><h3 class=\"heading-title product-name\"><a href=\"https:\/\/montael.com\/?product=espelho-aurora-120x60-ub1025-com-touch-e-desembaciador\">Espelho Aurora 120x60 UB1025 com touch e desembaciador<\/a><\/h3>\n\t<span class=\"price\"><span class=\"woocommerce-Price-amount amount\"><bdi>180,08&nbsp;<span class=\"woocommerce-Price-currencySymbol\">&euro;<\/span><\/bdi><\/span> <small class=\"woocommerce-price-suffix\">IVA inclu\u00eddo.<\/small><\/span>\n<div class=\"product-group-button-meta\"><\/div>\t\t<\/div>\r\n\t<\/div>\r\n<\/section>\r\n<section class=\"product type-product post-10312 status-publish instock product_cat-espelhos product_cat-moveis-casa-banho has-post-thumbnail featured taxable shipping-taxable product-type-simple\" data-product_id=\"10312\">\r\n\t<div class=\"product-wrapper\">\r\n\t\t\t\r\n\t\t<div class=\"thumbnail-wrapper\">\r\n\t\t\t<a href=\"https:\/\/montael.com\/?product=espelho-luminous-100x70-ub1037-com-touch-e-desembaciador\">\r\n\t\t\t\t<figure class=\"no-back-image\"><img loading=\"lazy\" decoding=\"async\" src=\"https:\/\/montael.com\/new_site\/wp-content\/themes\/nooni\/images\/prod_loading.gif\" data-src=\"https:\/\/montael.com\/new_site\/wp-content\/uploads\/2025\/06\/1989.jpg\" class=\"attachment-shop_catalog wp-post-image ts-lazy-load\" alt=\"\" width=\"450\" height=\"572\" \/><\/figure>\t\t\t<\/a>\r\n\t\t\t\t<div class=\"product-group-button\"><div class=\"loop-add-to-cart\"><a href=\"https:\/\/montael.com\/?product=espelho-luminous-100x70-ub1037-com-touch-e-desembaciador\" data-quantity=\"1\" class=\"button product_type_simple\" data-product_id=\"10312\" data-product_sku=\"76613\" aria-label=\"Leia mais sobre &ldquo;Espelho Luminous 100x70 UB1037 com touch e desembaciador&rdquo;\" rel=\"nofollow\" data-success_message=\"\"><span class=\"ts-tooltip button-tooltip\">Ler mais<\/span><\/a><\/div><\/div>\t\t<\/div>\r\n\t\t<div class=\"meta-wrapper\">\r\n\t\t\t<a href=\"https:\/\/montael.com\/?page_id=8916&#038;prod=espelho-luminous-100x70-ub1037-com-touch-e-desembaciador\" class=\"button request-quote\">Pedir or\u00e7amento<\/a><h3 class=\"heading-title product-name\"><a href=\"https:\/\/montael.com\/?product=espelho-luminous-100x70-ub1037-com-touch-e-desembaciador\">Espelho Luminous 100x70 UB1037 com touch e desembaciador<\/a><\/h3>\n\t<span class=\"price\"><span class=\"woocommerce-Price-amount amount\"><bdi>180,08&nbsp;<span class=\"woocommerce-Price-currencySymbol\">&euro;<\/span><\/bdi><\/span> <small class=\"woocommerce-price-suffix\">IVA inclu\u00eddo.<\/small><\/span>\n<div class=\"product-group-button-meta\"><\/div>\t\t<\/div>\r\n\t<\/div>\r\n<\/section>\r\n<section class=\"product type-product post-8509 status-publish instock product_cat-louca-sanitaria product_cat-pack product_cat-packs-louca-suspensa has-post-thumbnail featured taxable shipping-taxable product-type-simple\" data-product_id=\"8509\">\r\n\t<div class=\"product-wrapper\">\r\n\t\t\t\r\n\t\t<div class=\"thumbnail-wrapper\">\r\n\t\t\t<a href=\"https:\/\/montael.com\/?product=pack-cube-ub2041-sanita-suspensa-branca-copia\">\r\n\t\t\t\t<figure class=\"no-back-image\"><img loading=\"lazy\" decoding=\"async\" src=\"https:\/\/montael.com\/new_site\/wp-content\/themes\/nooni\/images\/prod_loading.gif\" data-src=\"https:\/\/montael.com\/new_site\/wp-content\/uploads\/2024\/07\/Pack-Globe_UB2045_B2330-450x572.png\" class=\"attachment-shop_catalog wp-post-image ts-lazy-load\" alt=\"\" width=\"450\" height=\"572\" \/><\/figure>\t\t\t<\/a>\r\n\t\t\t\t<div class=\"product-group-button\"><div class=\"loop-add-to-cart\"><a href=\"https:\/\/montael.com\/?product=pack-cube-ub2041-sanita-suspensa-branca-copia\" data-quantity=\"1\" class=\"button product_type_simple\" data-product_id=\"8509\" data-product_sku=\"76287\" aria-label=\"Leia mais sobre &ldquo;Pack Globe UB2045 Sanita suspensa branca&rdquo;\" rel=\"nofollow\" data-success_message=\"\"><span class=\"ts-tooltip button-tooltip\">Ler mais<\/span><\/a><\/div><\/div>\t\t<\/div>\r\n\t\t<div class=\"meta-wrapper\">\r\n\t\t\t<a href=\"https:\/\/montael.com\/?page_id=8916&#038;prod=pack-cube-ub2041-sanita-suspensa-branca-copia\" class=\"button request-quote\">Pedir or\u00e7amento<\/a><h3 class=\"heading-title product-name\"><a href=\"https:\/\/montael.com\/?product=pack-cube-ub2041-sanita-suspensa-branca-copia\">Pack Globe UB2045 Sanita suspensa branca<\/a><\/h3>\n\t<span class=\"price\"><span class=\"woocommerce-Price-amount amount\"><bdi>153,02&nbsp;<span class=\"woocommerce-Price-currencySymbol\">&euro;<\/span><\/bdi><\/span> <small class=\"woocommerce-price-suffix\">IVA inclu\u00eddo.<\/small><\/span>\n<div class=\"product-group-button-meta\"><\/div>\t\t<\/div>\r\n\t<\/div>\r\n<\/section>\r\n<section class=\"product type-product post-8507 status-publish instock product_cat-louca-sanitaria product_cat-pack product_cat-packs-louca-suspensa has-post-thumbnail featured taxable shipping-taxable product-type-simple\" data-product_id=\"8507\">\r\n\t<div class=\"product-wrapper\">\r\n\t\t\t\r\n\t\t<div class=\"thumbnail-wrapper\">\r\n\t\t\t<a href=\"https:\/\/montael.com\/?product=pack-cube-ub2041-sanita-suspensa-branca\">\r\n\t\t\t\t<figure class=\"no-back-image\"><img loading=\"lazy\" decoding=\"async\" src=\"https:\/\/montael.com\/new_site\/wp-content\/themes\/nooni\/images\/prod_loading.gif\" data-src=\"https:\/\/montael.com\/new_site\/wp-content\/uploads\/2024\/07\/pack-Cube_UB2041_B2351-450x572.png\" class=\"attachment-shop_catalog wp-post-image ts-lazy-load\" alt=\"\" width=\"450\" height=\"572\" \/><\/figure>\t\t\t<\/a>\r\n\t\t\t\t<div class=\"product-group-button\"><div class=\"loop-add-to-cart\"><a href=\"https:\/\/montael.com\/?product=pack-cube-ub2041-sanita-suspensa-branca\" data-quantity=\"1\" class=\"button product_type_simple\" data-product_id=\"8507\" data-product_sku=\"76283\" aria-label=\"Leia mais sobre &ldquo;Pack Cube UB2041 Sanita suspensa branca&rdquo;\" rel=\"nofollow\" data-success_message=\"\"><span class=\"ts-tooltip button-tooltip\">Ler mais<\/span><\/a><\/div><\/div>\t\t<\/div>\r\n\t\t<div class=\"meta-wrapper\">\r\n\t\t\t<a href=\"https:\/\/montael.com\/?page_id=8916&#038;prod=pack-cube-ub2041-sanita-suspensa-branca\" class=\"button request-quote\">Pedir or\u00e7amento<\/a><h3 class=\"heading-title product-name\"><a href=\"https:\/\/montael.com\/?product=pack-cube-ub2041-sanita-suspensa-branca\">Pack Cube UB2041 Sanita suspensa branca<\/a><\/h3>\n\t<span class=\"price\"><span class=\"woocommerce-Price-amount amount\"><bdi>153,02&nbsp;<span class=\"woocommerce-Price-currencySymbol\">&euro;<\/span><\/bdi><\/span> <small class=\"woocommerce-price-suffix\">IVA inclu\u00eddo.<\/small><\/span>\n<div class=\"product-group-button-meta\"><\/div>\t\t<\/div>\r\n\t<\/div>\r\n<\/section>\r\n<section class=\"product type-product post-8505 status-publish last instock product_cat-pack-sanita-compacta product_cat-pack has-post-thumbnail featured taxable shipping-taxable product-type-simple\" data-product_id=\"8505\">\r\n\t<div class=\"product-wrapper\">\r\n\t\t\t\r\n\t\t<div class=\"thumbnail-wrapper\">\r\n\t\t\t<a href=\"https:\/\/montael.com\/?product=pack-cube-ub2047-sanita-compacta-branca\">\r\n\t\t\t\t<figure class=\"no-back-image\"><img loading=\"lazy\" decoding=\"async\" src=\"https:\/\/montael.com\/new_site\/wp-content\/themes\/nooni\/images\/prod_loading.gif\" data-src=\"https:\/\/montael.com\/new_site\/wp-content\/uploads\/2024\/07\/Pack_UB2047_A2330X-450x572.png\" class=\"attachment-shop_catalog wp-post-image ts-lazy-load\" alt=\"\" width=\"450\" height=\"572\" \/><\/figure>\t\t\t<\/a>\r\n\t\t\t\t<div class=\"product-group-button\"><div class=\"loop-add-to-cart\"><a href=\"https:\/\/montael.com\/?product=pack-cube-ub2047-sanita-compacta-branca\" data-quantity=\"1\" class=\"button product_type_simple\" data-product_id=\"8505\" data-product_sku=\"76285\" aria-label=\"Leia mais sobre &ldquo;Pack Globe UB2047 Sanita compacta branca&rdquo;\" rel=\"nofollow\" data-success_message=\"\"><span class=\"ts-tooltip button-tooltip\">Ler mais<\/span><\/a><\/div><\/div>\t\t<\/div>\r\n\t\t<div class=\"meta-wrapper\">\r\n\t\t\t<a href=\"https:\/\/montael.com\/?page_id=8916&#038;prod=pack-cube-ub2047-sanita-compacta-branca\" class=\"button request-quote\">Pedir or\u00e7amento<\/a><h3 class=\"heading-title product-name\"><a href=\"https:\/\/montael.com\/?product=pack-cube-ub2047-sanita-compacta-branca\">Pack Globe UB2047 Sanita compacta branca<\/a><\/h3>\n\t<span class=\"price\"><span class=\"woocommerce-Price-amount amount\"><bdi>223,32&nbsp;<span class=\"woocommerce-Price-currencySymbol\">&euro;<\/span><\/bdi><\/span> <small class=\"woocommerce-price-suffix\">IVA inclu\u00eddo.<\/small><\/span>\n<div class=\"product-group-button-meta\"><\/div>\t\t<\/div>\r\n\t<\/div>\r\n<\/section><\/div>\t\t\t\t\n\t\t\t<\/div>\n\t\t\t\n\t\t\t\t\t\t\n\t\t<\/div>\n\t\t\t\t\t\t<\/div>\n\t\t\t\t<\/div>\n\t\t\t\t\t<\/div>\n\t\t\t\t<\/div>\n\t\t\t\t<\/div>\n\t\t","protected":false},"excerpt":{"rendered":"<p>Ler mais Pedir Or\u00e7amento Pack Globe UB2045 Sanita suspensa branca 153,02&nbsp;&euro; IVA inclu\u00eddo. Ler mais Pedir Or\u00e7amento Pack Cube UB2041 Sanita suspensa branca 153,02&nbsp;&euro; IVA inclu\u00eddo. Ler mais Pedir Or\u00e7amento Pack Globe UB2047 Sanita compacta branca 223,32&nbsp;&euro; IVA inclu\u00eddo. Ler mais Pedir Or\u00e7amento Pack Cube UB2039 Sanita compacta branca 226,82&nbsp;&euro; IVA inclu\u00eddo. Ler mais Pedir [&hellip;]<\/p>\n","protected":false},"author":2,"featured_media":0,"parent":0,"menu_order":0,"comment_status":"closed","ping_status":"closed","template":"","meta":{"footnotes":""},"class_list":["post-9460","page","type-page","status-publish","hentry"],"_links":{"self":[{"href":"https:\/\/montael.com\/index.php?rest_route=\/wp\/v2\/pages\/9460","targetHints":{"allow":["GET"]}}],"collection":[{"href":"https:\/\/montael.com\/index.php?rest_route=\/wp\/v2\/pages"}],"about":[{"href":"https:\/\/montael.com\/index.php?rest_route=\/wp\/v2\/types\/page"}],"author":[{"embeddable":true,"href":"https:\/\/montael.com\/index.php?rest_route=\/wp\/v2\/users\/2"}],"replies":[{"embeddable":true,"href":"https:\/\/montael.com\/index.php?rest_route=%2Fwp%2Fv2%2Fcomments&post=9460"}],"version-history":[{"count":4,"href":"https:\/\/montael.com\/index.php?rest_route=\/wp\/v2\/pages\/9460\/revisions"}],"predecessor-version":[{"id":9464,"href":"https:\/\/montael.com\/index.php?rest_route=\/wp\/v2\/pages\/9460\/revisions\/9464"}],"wp:attachment":[{"href":"https:\/\/montael.com\/index.php?rest_route=%2Fwp%2Fv2%2Fmedia&parent=9460"}],"curies":[{"name":"wp","href":"https:\/\/api.w.org\/{rel}","templated":true}]}}