

{"id":6784,"date":"2024-02-05T12:35:10","date_gmt":"2024-02-05T12:35:10","guid":{"rendered":"https:\/\/montael.com\/new_site\/?page_id=6784"},"modified":"2024-02-05T12:55:06","modified_gmt":"2024-02-05T12:55:06","slug":"portfolio","status":"publish","type":"page","link":"https:\/\/montael.com\/?page_id=6784","title":{"rendered":"Portf\u00f3lio"},"content":{"rendered":"\t\t<div data-elementor-type=\"wp-page\" data-elementor-id=\"6784\" class=\"elementor elementor-6784\" data-elementor-post-type=\"page\">\n\t\t\t\t<div class=\"elementor-element elementor-element-3df108a e-flex e-con-boxed e-con e-parent\" data-id=\"3df108a\" data-element_type=\"container\">\n\t\t\t\t\t<div class=\"e-con-inner\">\n\t\t\t\t<div class=\"elementor-element elementor-element-95aa7db elementor-widget elementor-widget-text-editor\" data-id=\"95aa7db\" data-element_type=\"widget\" data-widget_type=\"text-editor.default\">\n\t\t\t\t<div class=\"elementor-widget-container\">\n\t\t\t\t\t\t\t\t\t<h3>Remodela\u00e7\u00e3o<\/h3><p>Substitui\u00e7\u00e3o de <strong>lavat\u00f3rio com coluna<\/strong>, por <strong>m\u00f3vel suspenso<\/strong> com <strong>lavat\u00f3rio de pousar<\/strong>.<\/p>\t\t\t\t\t\t\t\t<\/div>\n\t\t\t\t<\/div>\n\t\t\t\t\t<\/div>\n\t\t\t\t<\/div>\n\t\t<div class=\"elementor-element elementor-element-9332f3b e-flex e-con-boxed e-con e-parent\" data-id=\"9332f3b\" data-element_type=\"container\">\n\t\t\t\t\t<div class=\"e-con-inner\">\n\t\t<div class=\"elementor-element elementor-element-1bc54a2 e-con-full e-flex e-con e-child\" data-id=\"1bc54a2\" data-element_type=\"container\">\n\t\t\t\t<div class=\"elementor-element elementor-element-d3caf6b elementor-widget elementor-widget-image\" data-id=\"d3caf6b\" data-element_type=\"widget\" data-widget_type=\"image.default\">\n\t\t\t\t<div class=\"elementor-widget-container\">\n\t\t\t\t\t\t\t\t\t\t\t\t\t\t\t<img fetchpriority=\"high\" decoding=\"async\" width=\"820\" height=\"615\" src=\"https:\/\/montael.com\/new_site\/wp-content\/uploads\/2024\/02\/portf1a.jpg\" class=\"attachment-full size-full wp-image-6790\" alt=\"\" srcset=\"https:\/\/montael.com\/new_site\/wp-content\/uploads\/2024\/02\/portf1a.jpg 820w, https:\/\/montael.com\/new_site\/wp-content\/uploads\/2024\/02\/portf1a-300x225.jpg 300w, https:\/\/montael.com\/new_site\/wp-content\/uploads\/2024\/02\/portf1a-768x576.jpg 768w\" sizes=\"(max-width: 820px) 100vw, 820px\" \/>\t\t\t\t\t\t\t\t\t\t\t\t\t\t\t<\/div>\n\t\t\t\t<\/div>\n\t\t\t\t<div class=\"elementor-element elementor-element-6432f15 elementor-widget elementor-widget-text-editor\" data-id=\"6432f15\" data-element_type=\"widget\" data-widget_type=\"text-editor.default\">\n\t\t\t\t<div class=\"elementor-widget-container\">\n\t\t\t\t\t\t\t\t\t<p><strong>Antes<\/strong><\/p>\t\t\t\t\t\t\t\t<\/div>\n\t\t\t\t<\/div>\n\t\t\t\t<\/div>\n\t\t<div class=\"elementor-element elementor-element-9073e24 e-con-full e-flex e-con e-child\" data-id=\"9073e24\" data-element_type=\"container\">\n\t\t\t\t<div class=\"elementor-element elementor-element-f9d1c61 elementor-widget elementor-widget-image\" data-id=\"f9d1c61\" data-element_type=\"widget\" data-widget_type=\"image.default\">\n\t\t\t\t<div class=\"elementor-widget-container\">\n\t\t\t\t\t\t\t\t\t\t\t\t\t\t\t<img decoding=\"async\" width=\"820\" height=\"615\" src=\"https:\/\/montael.com\/new_site\/wp-content\/uploads\/2024\/02\/portf1.jpg\" class=\"attachment-full size-full wp-image-6789\" alt=\"\" srcset=\"https:\/\/montael.com\/new_site\/wp-content\/uploads\/2024\/02\/portf1.jpg 820w, https:\/\/montael.com\/new_site\/wp-content\/uploads\/2024\/02\/portf1-300x225.jpg 300w, https:\/\/montael.com\/new_site\/wp-content\/uploads\/2024\/02\/portf1-768x576.jpg 768w\" sizes=\"(max-width: 820px) 100vw, 820px\" \/>\t\t\t\t\t\t\t\t\t\t\t\t\t\t\t<\/div>\n\t\t\t\t<\/div>\n\t\t\t\t<div class=\"elementor-element elementor-element-9a9c17e elementor-widget elementor-widget-text-editor\" data-id=\"9a9c17e\" data-element_type=\"widget\" data-widget_type=\"text-editor.default\">\n\t\t\t\t<div class=\"elementor-widget-container\">\n\t\t\t\t\t\t\t\t\t<p><strong>Depois<\/strong><\/p>\t\t\t\t\t\t\t\t<\/div>\n\t\t\t\t<\/div>\n\t\t\t\t<\/div>\n\t\t\t\t\t<\/div>\n\t\t\t\t<\/div>\n\t\t<div class=\"elementor-element elementor-element-a521a4c e-flex e-con-boxed e-con e-parent\" data-id=\"a521a4c\" data-element_type=\"container\">\n\t\t\t\t\t<div class=\"e-con-inner\">\n\t\t\t\t<div class=\"elementor-element elementor-element-f081db2 elementor-widget elementor-widget-text-editor\" data-id=\"f081db2\" data-element_type=\"widget\" data-widget_type=\"text-editor.default\">\n\t\t\t\t<div class=\"elementor-widget-container\">\n\t\t\t\t\t\t\t\t\t<h3>Remodela\u00e7\u00e3o<\/h3><p>Remo\u00e7\u00e3o da <strong>banheira<\/strong>, aplica\u00e7\u00e3o de <strong>novos azulejos<\/strong> na zona do duche, <strong>base duche<\/strong>, <strong>coluna de hidromassagem<\/strong>, <strong>frontal<\/strong> de duche, <strong>m\u00f3vel e lavat\u00f3rio de pousar<\/strong>.<\/p>\t\t\t\t\t\t\t\t<\/div>\n\t\t\t\t<\/div>\n\t\t\t\t\t<\/div>\n\t\t\t\t<\/div>\n\t\t<div class=\"elementor-element elementor-element-e462b9b e-flex e-con-boxed e-con e-parent\" data-id=\"e462b9b\" data-element_type=\"container\">\n\t\t\t\t\t<div class=\"e-con-inner\">\n\t\t<div class=\"elementor-element elementor-element-0d317d1 e-con-full e-flex e-con e-child\" data-id=\"0d317d1\" data-element_type=\"container\">\n\t\t\t\t<div class=\"elementor-element elementor-element-a28fc97 elementor-widget elementor-widget-image\" data-id=\"a28fc97\" data-element_type=\"widget\" data-widget_type=\"image.default\">\n\t\t\t\t<div class=\"elementor-widget-container\">\n\t\t\t\t\t\t\t\t\t\t\t\t\t\t\t<img decoding=\"async\" width=\"820\" height=\"615\" src=\"https:\/\/montael.com\/new_site\/wp-content\/uploads\/2024\/02\/portf2a.jpg\" class=\"attachment-full size-full wp-image-6812\" alt=\"\" srcset=\"https:\/\/montael.com\/new_site\/wp-content\/uploads\/2024\/02\/portf2a.jpg 820w, https:\/\/montael.com\/new_site\/wp-content\/uploads\/2024\/02\/portf2a-300x225.jpg 300w, https:\/\/montael.com\/new_site\/wp-content\/uploads\/2024\/02\/portf2a-768x576.jpg 768w\" sizes=\"(max-width: 820px) 100vw, 820px\" \/>\t\t\t\t\t\t\t\t\t\t\t\t\t\t\t<\/div>\n\t\t\t\t<\/div>\n\t\t\t\t<div class=\"elementor-element elementor-element-d8df226 elementor-widget elementor-widget-text-editor\" data-id=\"d8df226\" data-element_type=\"widget\" data-widget_type=\"text-editor.default\">\n\t\t\t\t<div class=\"elementor-widget-container\">\n\t\t\t\t\t\t\t\t\t<p><strong>Antes<\/strong><\/p>\t\t\t\t\t\t\t\t<\/div>\n\t\t\t\t<\/div>\n\t\t\t\t<\/div>\n\t\t<div class=\"elementor-element elementor-element-0d69d3c e-con-full e-flex e-con e-child\" data-id=\"0d69d3c\" data-element_type=\"container\">\n\t\t\t\t<div class=\"elementor-element elementor-element-430b2b1 elementor-widget elementor-widget-image\" data-id=\"430b2b1\" data-element_type=\"widget\" data-widget_type=\"image.default\">\n\t\t\t\t<div class=\"elementor-widget-container\">\n\t\t\t\t\t\t\t\t\t\t\t\t\t\t\t<img loading=\"lazy\" decoding=\"async\" width=\"820\" height=\"615\" src=\"https:\/\/montael.com\/new_site\/wp-content\/uploads\/2024\/02\/portf2.jpg\" class=\"attachment-full size-full wp-image-6811\" alt=\"\" srcset=\"https:\/\/montael.com\/new_site\/wp-content\/uploads\/2024\/02\/portf2.jpg 820w, https:\/\/montael.com\/new_site\/wp-content\/uploads\/2024\/02\/portf2-300x225.jpg 300w, https:\/\/montael.com\/new_site\/wp-content\/uploads\/2024\/02\/portf2-768x576.jpg 768w\" sizes=\"(max-width: 820px) 100vw, 820px\" \/>\t\t\t\t\t\t\t\t\t\t\t\t\t\t\t<\/div>\n\t\t\t\t<\/div>\n\t\t\t\t<div class=\"elementor-element elementor-element-6ecf66f elementor-widget elementor-widget-text-editor\" data-id=\"6ecf66f\" data-element_type=\"widget\" data-widget_type=\"text-editor.default\">\n\t\t\t\t<div class=\"elementor-widget-container\">\n\t\t\t\t\t\t\t\t\t<p><strong>Depois<\/strong><\/p>\t\t\t\t\t\t\t\t<\/div>\n\t\t\t\t<\/div>\n\t\t\t\t<\/div>\n\t\t\t\t\t<\/div>\n\t\t\t\t<\/div>\n\t\t\t\t<\/div>\n\t\t","protected":false},"excerpt":{"rendered":"<p>Remodela\u00e7\u00e3o Substitui\u00e7\u00e3o de lavat\u00f3rio com coluna, por m\u00f3vel suspenso com lavat\u00f3rio de pousar. Antes Depois Remodela\u00e7\u00e3o Remo\u00e7\u00e3o da banheira, aplica\u00e7\u00e3o de novos azulejos na zona do duche, base duche, coluna de hidromassagem, frontal de duche, m\u00f3vel e lavat\u00f3rio de pousar. Antes Depois<\/p>\n","protected":false},"author":2,"featured_media":0,"parent":0,"menu_order":0,"comment_status":"closed","ping_status":"closed","template":"","meta":{"footnotes":""},"class_list":["post-6784","page","type-page","status-publish","hentry"],"_links":{"self":[{"href":"https:\/\/montael.com\/index.php?rest_route=\/wp\/v2\/pages\/6784","targetHints":{"allow":["GET"]}}],"collection":[{"href":"https:\/\/montael.com\/index.php?rest_route=\/wp\/v2\/pages"}],"about":[{"href":"https:\/\/montael.com\/index.php?rest_route=\/wp\/v2\/types\/page"}],"author":[{"embeddable":true,"href":"https:\/\/montael.com\/index.php?rest_route=\/wp\/v2\/users\/2"}],"replies":[{"embeddable":true,"href":"https:\/\/montael.com\/index.php?rest_route=%2Fwp%2Fv2%2Fcomments&post=6784"}],"version-history":[{"count":25,"href":"https:\/\/montael.com\/index.php?rest_route=\/wp\/v2\/pages\/6784\/revisions"}],"predecessor-version":[{"id":6815,"href":"https:\/\/montael.com\/index.php?rest_route=\/wp\/v2\/pages\/6784\/revisions\/6815"}],"wp:attachment":[{"href":"https:\/\/montael.com\/index.php?rest_route=%2Fwp%2Fv2%2Fmedia&parent=6784"}],"curies":[{"name":"wp","href":"https:\/\/api.w.org\/{rel}","templated":true}]}}