

{"id":6688,"date":"2024-02-05T12:07:16","date_gmt":"2024-02-05T12:07:16","guid":{"rendered":"https:\/\/montael.com\/new_site\/?page_id=6688"},"modified":"2025-03-13T16:17:35","modified_gmt":"2025-03-13T16:17:35","slug":"produtos","status":"publish","type":"page","link":"https:\/\/montael.com\/?page_id=6688","title":{"rendered":"Produtos"},"content":{"rendered":"\t\t<div data-elementor-type=\"wp-page\" data-elementor-id=\"6688\" class=\"elementor elementor-6688\" data-elementor-post-type=\"page\">\n\t\t\t\t<div class=\"elementor-element elementor-element-fb6cdb0 e-flex e-con-boxed e-con e-parent\" data-id=\"fb6cdb0\" data-element_type=\"container\">\n\t\t\t\t\t<div class=\"e-con-inner\">\n\t\t\t\t<div class=\"elementor-element elementor-element-a01ce4d title-align--tabletleft title-align--mobilecenter title-align-left elementor-widget elementor-widget-ts-product-categories\" data-id=\"a01ce4d\" data-element_type=\"widget\" data-widget_type=\"ts-product-categories.default\">\n\t\t\t\t<div class=\"elementor-widget-container\">\n\t\t\t\t\t\t\t\t<div class=\"ts-product-category-wrapper ts-product ts-shortcode woocommerce columns-5 style-img-large grid\" >\n\t\t\t\t\t\t\t\t\n\t\t\t\t<div class=\"content-wrapper \">\n\t\t\t\t\t<div class=\"products\">\r\n<section class=\"product-category product first\">\n\t\n\t<div class=\"product-wrapper\">\n\n\t\t\t\t\n\t\t<a href=\"https:\/\/montael.com\/?product_cat=aquecimento\">\n\t\t\t<img fetchpriority=\"high\" decoding=\"async\" src=\"https:\/\/montael.com\/new_site\/wp-content\/uploads\/2025\/02\/recuperador-de-calor-a-lenha-ventilado-tri-quina-metlor-500x500-1.jpg\" alt=\"Aquecimento\" width=\"600\" height=\"600\" srcset=\"https:\/\/montael.com\/new_site\/wp-content\/uploads\/2025\/02\/recuperador-de-calor-a-lenha-ventilado-tri-quina-metlor-500x500-1.jpg 500w, https:\/\/montael.com\/new_site\/wp-content\/uploads\/2025\/02\/recuperador-de-calor-a-lenha-ventilado-tri-quina-metlor-500x500-1-300x300.jpg 300w, https:\/\/montael.com\/new_site\/wp-content\/uploads\/2025\/02\/recuperador-de-calor-a-lenha-ventilado-tri-quina-metlor-500x500-1-150x150.jpg 150w, https:\/\/montael.com\/new_site\/wp-content\/uploads\/2025\/02\/recuperador-de-calor-a-lenha-ventilado-tri-quina-metlor-500x500-1-180x180.jpg 180w, https:\/\/montael.com\/new_site\/wp-content\/uploads\/2025\/02\/recuperador-de-calor-a-lenha-ventilado-tri-quina-metlor-500x500-1-46x46.jpg 46w, https:\/\/montael.com\/new_site\/wp-content\/uploads\/2025\/02\/recuperador-de-calor-a-lenha-ventilado-tri-quina-metlor-500x500-1-100x100.jpg 100w, https:\/\/montael.com\/new_site\/wp-content\/uploads\/2025\/02\/recuperador-de-calor-a-lenha-ventilado-tri-quina-metlor-500x500-1-54x54.jpg 54w, https:\/\/montael.com\/new_site\/wp-content\/uploads\/2025\/02\/recuperador-de-calor-a-lenha-ventilado-tri-quina-metlor-500x500-1-310x310.jpg 310w, https:\/\/montael.com\/new_site\/wp-content\/uploads\/2025\/02\/recuperador-de-calor-a-lenha-ventilado-tri-quina-metlor-500x500-1-80x80.jpg 80w\" sizes=\"(max-width: 500px) 100vw, 500px\" \/>\t\t<\/a>\n\t\t\n\t\t<div class=\"meta-wrapper\">\n\t\t\t<div class=\"category-name\">\n                \t\t\t\t<h3 class=\"heading-title\">\n\t\t\t\t\t<a href=\"https:\/\/montael.com\/?product_cat=aquecimento\">\n\t\t\t\t\t\tAquecimento\t\t\t\t\t<\/a>\n\t\t\t\t<\/h3>\n\t\t\t\t\t\t\t<\/div>\n\t\t\t\n\t\t\t\t\t\t\n\t\t\t\t\t<\/div>\n\t\t\n\t\t\n\t\t\t\t\n\t\t\t\t<a href=\"https:\/\/montael.com\/?product_cat=aquecimento\" class=\"term-link\"><\/a>\n\t\t\t\t\n\t<\/div>\n\n<\/section><section class=\"product-category product\">\n\t\n\t<div class=\"product-wrapper\">\n\n\t\t\t\t\n\t\t<a href=\"https:\/\/montael.com\/?product_cat=canalizacao\">\n\t\t\t<img decoding=\"async\" src=\"https:\/\/montael.com\/new_site\/wp-content\/uploads\/2024\/02\/img7.jpg\" alt=\"Gest\u00e3o de \u00c1guas\" width=\"600\" height=\"600\" srcset=\"https:\/\/montael.com\/new_site\/wp-content\/uploads\/2024\/02\/img7.jpg 390w, https:\/\/montael.com\/new_site\/wp-content\/uploads\/2024\/02\/img7-300x300.jpg 300w, https:\/\/montael.com\/new_site\/wp-content\/uploads\/2024\/02\/img7-150x150.jpg 150w, https:\/\/montael.com\/new_site\/wp-content\/uploads\/2024\/02\/img7-180x180.jpg 180w, https:\/\/montael.com\/new_site\/wp-content\/uploads\/2024\/02\/img7-46x46.jpg 46w, https:\/\/montael.com\/new_site\/wp-content\/uploads\/2024\/02\/img7-100x100.jpg 100w, https:\/\/montael.com\/new_site\/wp-content\/uploads\/2024\/02\/img7-54x54.jpg 54w, https:\/\/montael.com\/new_site\/wp-content\/uploads\/2024\/02\/img7-310x310.jpg 310w, https:\/\/montael.com\/new_site\/wp-content\/uploads\/2024\/02\/img7-80x80.jpg 80w\" sizes=\"(max-width: 390px) 100vw, 390px\" \/>\t\t<\/a>\n\t\t\n\t\t<div class=\"meta-wrapper\">\n\t\t\t<div class=\"category-name\">\n                \t\t\t\t<h3 class=\"heading-title\">\n\t\t\t\t\t<a href=\"https:\/\/montael.com\/?product_cat=canalizacao\">\n\t\t\t\t\t\tGest\u00e3o de \u00c1guas\t\t\t\t\t<\/a>\n\t\t\t\t<\/h3>\n\t\t\t\t\t\t\t<\/div>\n\t\t\t\n\t\t\t\t\t\t\n\t\t\t\t\t<\/div>\n\t\t\n\t\t\n\t\t\t\t\n\t\t\t\t<a href=\"https:\/\/montael.com\/?product_cat=canalizacao\" class=\"term-link\"><\/a>\n\t\t\t\t\n\t<\/div>\n\n<\/section><section class=\"product-category product\">\n\t\n\t<div class=\"product-wrapper\">\n\n\t\t\t\t\n\t\t<a href=\"https:\/\/montael.com\/?product_cat=casa-de-banho\">\n\t\t\t<img decoding=\"async\" src=\"https:\/\/montael.com\/new_site\/wp-content\/uploads\/2025\/02\/img-geberit-bath-smyle-toilet-bidet-washbasin-1-1.jpg\" alt=\"Casa de Banho\" width=\"600\" height=\"600\" srcset=\"https:\/\/montael.com\/new_site\/wp-content\/uploads\/2025\/02\/img-geberit-bath-smyle-toilet-bidet-washbasin-1-1.jpg 960w, https:\/\/montael.com\/new_site\/wp-content\/uploads\/2025\/02\/img-geberit-bath-smyle-toilet-bidet-washbasin-1-1-300x300.jpg 300w, https:\/\/montael.com\/new_site\/wp-content\/uploads\/2025\/02\/img-geberit-bath-smyle-toilet-bidet-washbasin-1-1-150x150.jpg 150w, https:\/\/montael.com\/new_site\/wp-content\/uploads\/2025\/02\/img-geberit-bath-smyle-toilet-bidet-washbasin-1-1-768x768.jpg 768w, https:\/\/montael.com\/new_site\/wp-content\/uploads\/2025\/02\/img-geberit-bath-smyle-toilet-bidet-washbasin-1-1-180x180.jpg 180w, https:\/\/montael.com\/new_site\/wp-content\/uploads\/2025\/02\/img-geberit-bath-smyle-toilet-bidet-washbasin-1-1-46x46.jpg 46w, https:\/\/montael.com\/new_site\/wp-content\/uploads\/2025\/02\/img-geberit-bath-smyle-toilet-bidet-washbasin-1-1-100x100.jpg 100w, https:\/\/montael.com\/new_site\/wp-content\/uploads\/2025\/02\/img-geberit-bath-smyle-toilet-bidet-washbasin-1-1-54x54.jpg 54w, https:\/\/montael.com\/new_site\/wp-content\/uploads\/2025\/02\/img-geberit-bath-smyle-toilet-bidet-washbasin-1-1-310x310.jpg 310w, https:\/\/montael.com\/new_site\/wp-content\/uploads\/2025\/02\/img-geberit-bath-smyle-toilet-bidet-washbasin-1-1-80x80.jpg 80w\" sizes=\"(max-width: 960px) 100vw, 960px\" \/>\t\t<\/a>\n\t\t\n\t\t<div class=\"meta-wrapper\">\n\t\t\t<div class=\"category-name\">\n                \t\t\t\t<h3 class=\"heading-title\">\n\t\t\t\t\t<a href=\"https:\/\/montael.com\/?product_cat=casa-de-banho\">\n\t\t\t\t\t\tCasa de Banho\t\t\t\t\t<\/a>\n\t\t\t\t<\/h3>\n\t\t\t\t\t\t\t<\/div>\n\t\t\t\n\t\t\t\t\t\t\n\t\t\t\t\t<\/div>\n\t\t\n\t\t\n\t\t\t\t\n\t\t\t\t<a href=\"https:\/\/montael.com\/?product_cat=casa-de-banho\" class=\"term-link\"><\/a>\n\t\t\t\t\n\t<\/div>\n\n<\/section><section class=\"product-category product\">\n\t\n\t<div class=\"product-wrapper\">\n\n\t\t\t\t\n\t\t<a href=\"https:\/\/montael.com\/?product_cat=construcao\">\n\t\t\t<img loading=\"lazy\" decoding=\"async\" src=\"https:\/\/montael.com\/new_site\/wp-content\/uploads\/2024\/02\/icon_construcao.jpg\" alt=\"Constru\u00e7\u00e3o\" width=\"600\" height=\"600\" srcset=\"https:\/\/montael.com\/new_site\/wp-content\/uploads\/2024\/02\/icon_construcao.jpg 160w, https:\/\/montael.com\/new_site\/wp-content\/uploads\/2024\/02\/icon_construcao-150x150.jpg 150w, https:\/\/montael.com\/new_site\/wp-content\/uploads\/2024\/02\/icon_construcao-46x46.jpg 46w, https:\/\/montael.com\/new_site\/wp-content\/uploads\/2024\/02\/icon_construcao-100x100.jpg 100w, https:\/\/montael.com\/new_site\/wp-content\/uploads\/2024\/02\/icon_construcao-54x54.jpg 54w, https:\/\/montael.com\/new_site\/wp-content\/uploads\/2024\/02\/icon_construcao-80x80.jpg 80w\" sizes=\"(max-width: 160px) 100vw, 160px\" \/>\t\t<\/a>\n\t\t\n\t\t<div class=\"meta-wrapper\">\n\t\t\t<div class=\"category-name\">\n                \t\t\t\t<h3 class=\"heading-title\">\n\t\t\t\t\t<a href=\"https:\/\/montael.com\/?product_cat=construcao\">\n\t\t\t\t\t\tConstru\u00e7\u00e3o\t\t\t\t\t<\/a>\n\t\t\t\t<\/h3>\n\t\t\t\t\t\t\t<\/div>\n\t\t\t\n\t\t\t\t\t\t\n\t\t\t\t\t<\/div>\n\t\t\n\t\t\n\t\t\t\t\n\t\t\t\t<a href=\"https:\/\/montael.com\/?product_cat=construcao\" class=\"term-link\"><\/a>\n\t\t\t\t\n\t<\/div>\n\n<\/section><section class=\"product-category product last\">\n\t\n\t<div class=\"product-wrapper\">\n\n\t\t\t\t\n\t\t<a href=\"https:\/\/montael.com\/?product_cat=cozinha\">\n\t\t\t<img loading=\"lazy\" decoding=\"async\" src=\"https:\/\/montael.com\/new_site\/wp-content\/uploads\/2025\/03\/Raku-Grey-Urban-Stone-Anthracite-Cozinha-amb.jpg\" alt=\"Cozinha\" width=\"600\" height=\"600\" srcset=\"https:\/\/montael.com\/new_site\/wp-content\/uploads\/2025\/03\/Raku-Grey-Urban-Stone-Anthracite-Cozinha-amb.jpg 2000w, https:\/\/montael.com\/new_site\/wp-content\/uploads\/2025\/03\/Raku-Grey-Urban-Stone-Anthracite-Cozinha-amb-300x300.jpg 300w, https:\/\/montael.com\/new_site\/wp-content\/uploads\/2025\/03\/Raku-Grey-Urban-Stone-Anthracite-Cozinha-amb-1024x1024.jpg 1024w, https:\/\/montael.com\/new_site\/wp-content\/uploads\/2025\/03\/Raku-Grey-Urban-Stone-Anthracite-Cozinha-amb-150x150.jpg 150w, https:\/\/montael.com\/new_site\/wp-content\/uploads\/2025\/03\/Raku-Grey-Urban-Stone-Anthracite-Cozinha-amb-768x768.jpg 768w, https:\/\/montael.com\/new_site\/wp-content\/uploads\/2025\/03\/Raku-Grey-Urban-Stone-Anthracite-Cozinha-amb-180x180.jpg 180w, https:\/\/montael.com\/new_site\/wp-content\/uploads\/2025\/03\/Raku-Grey-Urban-Stone-Anthracite-Cozinha-amb-1536x1536.jpg 1536w, https:\/\/montael.com\/new_site\/wp-content\/uploads\/2025\/03\/Raku-Grey-Urban-Stone-Anthracite-Cozinha-amb-46x46.jpg 46w, https:\/\/montael.com\/new_site\/wp-content\/uploads\/2025\/03\/Raku-Grey-Urban-Stone-Anthracite-Cozinha-amb-1000x1000.jpg 1000w, https:\/\/montael.com\/new_site\/wp-content\/uploads\/2025\/03\/Raku-Grey-Urban-Stone-Anthracite-Cozinha-amb-100x100.jpg 100w, https:\/\/montael.com\/new_site\/wp-content\/uploads\/2025\/03\/Raku-Grey-Urban-Stone-Anthracite-Cozinha-amb-54x54.jpg 54w, https:\/\/montael.com\/new_site\/wp-content\/uploads\/2025\/03\/Raku-Grey-Urban-Stone-Anthracite-Cozinha-amb-310x310.jpg 310w, https:\/\/montael.com\/new_site\/wp-content\/uploads\/2025\/03\/Raku-Grey-Urban-Stone-Anthracite-Cozinha-amb-80x80.jpg 80w\" sizes=\"(max-width: 2000px) 100vw, 2000px\" \/>\t\t<\/a>\n\t\t\n\t\t<div class=\"meta-wrapper\">\n\t\t\t<div class=\"category-name\">\n                \t\t\t\t<h3 class=\"heading-title\">\n\t\t\t\t\t<a href=\"https:\/\/montael.com\/?product_cat=cozinha\">\n\t\t\t\t\t\tCozinha\t\t\t\t\t<\/a>\n\t\t\t\t<\/h3>\n\t\t\t\t\t\t\t<\/div>\n\t\t\t\n\t\t\t\t\t\t\n\t\t\t\t\t<\/div>\n\t\t\n\t\t\n\t\t\t\t\n\t\t\t\t<a href=\"https:\/\/montael.com\/?product_cat=cozinha\" class=\"term-link\"><\/a>\n\t\t\t\t\n\t<\/div>\n\n<\/section><\/div>\t\t\t\t<\/div>\n\t\t\t<\/div>\n\t\t\t\t\t\t<\/div>\n\t\t\t\t<\/div>\n\t\t\t\t<div class=\"elementor-element elementor-element-88ec298 elementor-widget-divider--view-line elementor-widget elementor-widget-divider\" data-id=\"88ec298\" data-element_type=\"widget\" data-widget_type=\"divider.default\">\n\t\t\t\t<div class=\"elementor-widget-container\">\n\t\t\t\t\t\t\t<div class=\"elementor-divider\">\n\t\t\t<span class=\"elementor-divider-separator\">\n\t\t\t\t\t\t<\/span>\n\t\t<\/div>\n\t\t\t\t\t\t<\/div>\n\t\t\t\t<\/div>\n\t\t\t\t<div class=\"elementor-element elementor-element-2402321 title-align--tabletleft title-align--mobilecenter title-align-left elementor-widget elementor-widget-ts-product-categories\" data-id=\"2402321\" data-element_type=\"widget\" data-widget_type=\"ts-product-categories.default\">\n\t\t\t\t<div class=\"elementor-widget-container\">\n\t\t\t\t\t\t\t\t<div class=\"ts-product-category-wrapper ts-product ts-shortcode woocommerce columns-5 style-img-large grid\" >\n\t\t\t\t\t\t\t\t\n\t\t\t\t<div class=\"content-wrapper \">\n\t\t\t\t\t<div class=\"products\">\r\n<section class=\"product-category product first\">\n\t\n\t<div class=\"product-wrapper\">\n\n\t\t\t\t\n\t\t<a href=\"https:\/\/montael.com\/?product_cat=ferramentas\">\n\t\t\t<img loading=\"lazy\" decoding=\"async\" src=\"https:\/\/montael.com\/new_site\/wp-content\/uploads\/2024\/02\/img3.jpg\" alt=\"Ferramentas\" width=\"600\" height=\"600\" srcset=\"https:\/\/montael.com\/new_site\/wp-content\/uploads\/2024\/02\/img3.jpg 390w, https:\/\/montael.com\/new_site\/wp-content\/uploads\/2024\/02\/img3-300x300.jpg 300w, https:\/\/montael.com\/new_site\/wp-content\/uploads\/2024\/02\/img3-150x150.jpg 150w, https:\/\/montael.com\/new_site\/wp-content\/uploads\/2024\/02\/img3-180x180.jpg 180w, https:\/\/montael.com\/new_site\/wp-content\/uploads\/2024\/02\/img3-46x46.jpg 46w, https:\/\/montael.com\/new_site\/wp-content\/uploads\/2024\/02\/img3-100x100.jpg 100w, https:\/\/montael.com\/new_site\/wp-content\/uploads\/2024\/02\/img3-54x54.jpg 54w, https:\/\/montael.com\/new_site\/wp-content\/uploads\/2024\/02\/img3-310x310.jpg 310w, https:\/\/montael.com\/new_site\/wp-content\/uploads\/2024\/02\/img3-80x80.jpg 80w\" sizes=\"(max-width: 390px) 100vw, 390px\" \/>\t\t<\/a>\n\t\t\n\t\t<div class=\"meta-wrapper\">\n\t\t\t<div class=\"category-name\">\n                \t\t\t\t<h3 class=\"heading-title\">\n\t\t\t\t\t<a href=\"https:\/\/montael.com\/?product_cat=ferramentas\">\n\t\t\t\t\t\tFerramentas\t\t\t\t\t<\/a>\n\t\t\t\t<\/h3>\n\t\t\t\t\t\t\t<\/div>\n\t\t\t\n\t\t\t\t\t\t\n\t\t\t\t\t<\/div>\n\t\t\n\t\t\n\t\t\t\t\n\t\t\t\t<a href=\"https:\/\/montael.com\/?product_cat=ferramentas\" class=\"term-link\"><\/a>\n\t\t\t\t\n\t<\/div>\n\n<\/section><section class=\"product-category product\">\n\t\n\t<div class=\"product-wrapper\">\n\n\t\t\t\t\n\t\t<a href=\"https:\/\/montael.com\/?product_cat=jardim\">\n\t\t\t<img loading=\"lazy\" decoding=\"async\" src=\"https:\/\/montael.com\/new_site\/wp-content\/uploads\/2024\/02\/img10.jpg\" alt=\"Jardim\" width=\"600\" height=\"600\" srcset=\"https:\/\/montael.com\/new_site\/wp-content\/uploads\/2024\/02\/img10.jpg 390w, https:\/\/montael.com\/new_site\/wp-content\/uploads\/2024\/02\/img10-300x300.jpg 300w, https:\/\/montael.com\/new_site\/wp-content\/uploads\/2024\/02\/img10-150x150.jpg 150w, https:\/\/montael.com\/new_site\/wp-content\/uploads\/2024\/02\/img10-180x180.jpg 180w, https:\/\/montael.com\/new_site\/wp-content\/uploads\/2024\/02\/img10-46x46.jpg 46w, https:\/\/montael.com\/new_site\/wp-content\/uploads\/2024\/02\/img10-100x100.jpg 100w, https:\/\/montael.com\/new_site\/wp-content\/uploads\/2024\/02\/img10-54x54.jpg 54w, https:\/\/montael.com\/new_site\/wp-content\/uploads\/2024\/02\/img10-310x310.jpg 310w, https:\/\/montael.com\/new_site\/wp-content\/uploads\/2024\/02\/img10-80x80.jpg 80w\" sizes=\"(max-width: 390px) 100vw, 390px\" \/>\t\t<\/a>\n\t\t\n\t\t<div class=\"meta-wrapper\">\n\t\t\t<div class=\"category-name\">\n                \t\t\t\t<h3 class=\"heading-title\">\n\t\t\t\t\t<a href=\"https:\/\/montael.com\/?product_cat=jardim\">\n\t\t\t\t\t\tJardim\t\t\t\t\t<\/a>\n\t\t\t\t<\/h3>\n\t\t\t\t\t\t\t<\/div>\n\t\t\t\n\t\t\t\t\t\t\n\t\t\t\t\t<\/div>\n\t\t\n\t\t\n\t\t\t\t\n\t\t\t\t<a href=\"https:\/\/montael.com\/?product_cat=jardim\" class=\"term-link\"><\/a>\n\t\t\t\t\n\t<\/div>\n\n<\/section><section class=\"product-category product\">\n\t\n\t<div class=\"product-wrapper\">\n\n\t\t\t\t\n\t\t<a href=\"https:\/\/montael.com\/?product_cat=ceramica\">\n\t\t\t<img loading=\"lazy\" decoding=\"async\" src=\"https:\/\/montael.com\/new_site\/wp-content\/uploads\/2024\/02\/icon_ceramica.jpg\" alt=\"Pavimentos e Revestimentos\" width=\"600\" height=\"600\" srcset=\"https:\/\/montael.com\/new_site\/wp-content\/uploads\/2024\/02\/icon_ceramica.jpg 160w, https:\/\/montael.com\/new_site\/wp-content\/uploads\/2024\/02\/icon_ceramica-150x150.jpg 150w, https:\/\/montael.com\/new_site\/wp-content\/uploads\/2024\/02\/icon_ceramica-46x46.jpg 46w, https:\/\/montael.com\/new_site\/wp-content\/uploads\/2024\/02\/icon_ceramica-100x100.jpg 100w, https:\/\/montael.com\/new_site\/wp-content\/uploads\/2024\/02\/icon_ceramica-54x54.jpg 54w, https:\/\/montael.com\/new_site\/wp-content\/uploads\/2024\/02\/icon_ceramica-80x80.jpg 80w\" sizes=\"(max-width: 160px) 100vw, 160px\" \/>\t\t<\/a>\n\t\t\n\t\t<div class=\"meta-wrapper\">\n\t\t\t<div class=\"category-name\">\n                \t\t\t\t<h3 class=\"heading-title\">\n\t\t\t\t\t<a href=\"https:\/\/montael.com\/?product_cat=ceramica\">\n\t\t\t\t\t\tPavimentos e Revestimentos\t\t\t\t\t<\/a>\n\t\t\t\t<\/h3>\n\t\t\t\t\t\t\t<\/div>\n\t\t\t\n\t\t\t\t\t\t\n\t\t\t\t\t<\/div>\n\t\t\n\t\t\n\t\t\t\t\n\t\t\t\t<a href=\"https:\/\/montael.com\/?product_cat=ceramica\" class=\"term-link\"><\/a>\n\t\t\t\t\n\t<\/div>\n\n<\/section><section class=\"product-category product\">\n\t\n\t<div class=\"product-wrapper\">\n\n\t\t\t\t\n\t\t<a href=\"https:\/\/montael.com\/?product_cat=eletricidade-e-iluminacao\">\n\t\t\t<img loading=\"lazy\" decoding=\"async\" src=\"https:\/\/montael.com\/new_site\/wp-content\/uploads\/2024\/02\/img11.jpg\" alt=\"Eletricidade e Ilumina\u00e7\u00e3o\" width=\"600\" height=\"600\" srcset=\"https:\/\/montael.com\/new_site\/wp-content\/uploads\/2024\/02\/img11.jpg 390w, https:\/\/montael.com\/new_site\/wp-content\/uploads\/2024\/02\/img11-300x300.jpg 300w, https:\/\/montael.com\/new_site\/wp-content\/uploads\/2024\/02\/img11-150x150.jpg 150w, https:\/\/montael.com\/new_site\/wp-content\/uploads\/2024\/02\/img11-180x180.jpg 180w, https:\/\/montael.com\/new_site\/wp-content\/uploads\/2024\/02\/img11-46x46.jpg 46w, https:\/\/montael.com\/new_site\/wp-content\/uploads\/2024\/02\/img11-100x100.jpg 100w, https:\/\/montael.com\/new_site\/wp-content\/uploads\/2024\/02\/img11-54x54.jpg 54w, https:\/\/montael.com\/new_site\/wp-content\/uploads\/2024\/02\/img11-310x310.jpg 310w, https:\/\/montael.com\/new_site\/wp-content\/uploads\/2024\/02\/img11-80x80.jpg 80w\" sizes=\"(max-width: 390px) 100vw, 390px\" \/>\t\t<\/a>\n\t\t\n\t\t<div class=\"meta-wrapper\">\n\t\t\t<div class=\"category-name\">\n                \t\t\t\t<h3 class=\"heading-title\">\n\t\t\t\t\t<a href=\"https:\/\/montael.com\/?product_cat=eletricidade-e-iluminacao\">\n\t\t\t\t\t\tEletricidade e Ilumina\u00e7\u00e3o\t\t\t\t\t<\/a>\n\t\t\t\t<\/h3>\n\t\t\t\t\t\t\t<\/div>\n\t\t\t\n\t\t\t\t\t\t\n\t\t\t\t\t<\/div>\n\t\t\n\t\t\n\t\t\t\t\n\t\t\t\t<a href=\"https:\/\/montael.com\/?product_cat=eletricidade-e-iluminacao\" class=\"term-link\"><\/a>\n\t\t\t\t\n\t<\/div>\n\n<\/section><section class=\"product-category product last\">\n\t\n\t<div class=\"product-wrapper\">\n\n\t\t\t\t\n\t\t<a href=\"https:\/\/montael.com\/?product_cat=pintura\">\n\t\t\t<img loading=\"lazy\" decoding=\"async\" src=\"https:\/\/montael.com\/new_site\/wp-content\/uploads\/2024\/02\/img12.jpg\" alt=\"Pintura\" width=\"600\" height=\"600\" srcset=\"https:\/\/montael.com\/new_site\/wp-content\/uploads\/2024\/02\/img12.jpg 390w, https:\/\/montael.com\/new_site\/wp-content\/uploads\/2024\/02\/img12-300x300.jpg 300w, https:\/\/montael.com\/new_site\/wp-content\/uploads\/2024\/02\/img12-150x150.jpg 150w, https:\/\/montael.com\/new_site\/wp-content\/uploads\/2024\/02\/img12-180x180.jpg 180w, https:\/\/montael.com\/new_site\/wp-content\/uploads\/2024\/02\/img12-46x46.jpg 46w, https:\/\/montael.com\/new_site\/wp-content\/uploads\/2024\/02\/img12-100x100.jpg 100w, https:\/\/montael.com\/new_site\/wp-content\/uploads\/2024\/02\/img12-54x54.jpg 54w, https:\/\/montael.com\/new_site\/wp-content\/uploads\/2024\/02\/img12-310x310.jpg 310w, https:\/\/montael.com\/new_site\/wp-content\/uploads\/2024\/02\/img12-80x80.jpg 80w\" sizes=\"(max-width: 390px) 100vw, 390px\" \/>\t\t<\/a>\n\t\t\n\t\t<div class=\"meta-wrapper\">\n\t\t\t<div class=\"category-name\">\n                \t\t\t\t<h3 class=\"heading-title\">\n\t\t\t\t\t<a href=\"https:\/\/montael.com\/?product_cat=pintura\">\n\t\t\t\t\t\tPintura\t\t\t\t\t<\/a>\n\t\t\t\t<\/h3>\n\t\t\t\t\t\t\t<\/div>\n\t\t\t\n\t\t\t\t\t\t\n\t\t\t\t\t<\/div>\n\t\t\n\t\t\n\t\t\t\t\n\t\t\t\t<a href=\"https:\/\/montael.com\/?product_cat=pintura\" class=\"term-link\"><\/a>\n\t\t\t\t\n\t<\/div>\n\n<\/section><\/div>\t\t\t\t<\/div>\n\t\t\t<\/div>\n\t\t\t\t\t\t<\/div>\n\t\t\t\t<\/div>\n\t\t\t\t\t<\/div>\n\t\t\t\t<\/div>\n\t\t\t\t<\/div>\n\t\t","protected":false},"excerpt":{"rendered":"<p>Aquecimento Gest\u00e3o de \u00c1guas Casa de Banho Constru\u00e7\u00e3o Cozinha Ferramentas Jardim Pavimentos e Revestimentos Eletricidade e Ilumina\u00e7\u00e3o Pintura<\/p>\n","protected":false},"author":2,"featured_media":0,"parent":0,"menu_order":0,"comment_status":"closed","ping_status":"closed","template":"","meta":{"footnotes":""},"class_list":["post-6688","page","type-page","status-publish","hentry"],"_links":{"self":[{"href":"https:\/\/montael.com\/index.php?rest_route=\/wp\/v2\/pages\/6688","targetHints":{"allow":["GET"]}}],"collection":[{"href":"https:\/\/montael.com\/index.php?rest_route=\/wp\/v2\/pages"}],"about":[{"href":"https:\/\/montael.com\/index.php?rest_route=\/wp\/v2\/types\/page"}],"author":[{"embeddable":true,"href":"https:\/\/montael.com\/index.php?rest_route=\/wp\/v2\/users\/2"}],"replies":[{"embeddable":true,"href":"https:\/\/montael.com\/index.php?rest_route=%2Fwp%2Fv2%2Fcomments&post=6688"}],"version-history":[{"count":103,"href":"https:\/\/montael.com\/index.php?rest_route=\/wp\/v2\/pages\/6688\/revisions"}],"predecessor-version":[{"id":9477,"href":"https:\/\/montael.com\/index.php?rest_route=\/wp\/v2\/pages\/6688\/revisions\/9477"}],"wp:attachment":[{"href":"https:\/\/montael.com\/index.php?rest_route=%2Fwp%2Fv2%2Fmedia&parent=6688"}],"curies":[{"name":"wp","href":"https:\/\/api.w.org\/{rel}","templated":true}]}}