

{"id":6654,"date":"2024-02-05T11:49:54","date_gmt":"2024-02-05T11:49:54","guid":{"rendered":"https:\/\/montael.com\/new_site\/?page_id=6654"},"modified":"2025-04-14T16:20:54","modified_gmt":"2025-04-14T15:20:54","slug":"showroom","status":"publish","type":"page","link":"https:\/\/montael.com\/?page_id=6654","title":{"rendered":"Showroom"},"content":{"rendered":"\t\t<div data-elementor-type=\"wp-page\" data-elementor-id=\"6654\" class=\"elementor elementor-6654\" data-elementor-post-type=\"page\">\n\t\t\t\t<div class=\"elementor-element elementor-element-1aac599 e-flex e-con-boxed e-con e-parent\" data-id=\"1aac599\" data-element_type=\"container\">\n\t\t\t\t\t<div class=\"e-con-inner\">\n\t\t\t\t<div class=\"elementor-element elementor-element-b00dac2 elementor-widget elementor-widget-text-editor\" data-id=\"b00dac2\" data-element_type=\"widget\" data-widget_type=\"text-editor.default\">\n\t\t\t\t<div class=\"elementor-widget-container\">\n\t\t\t\t\t\t\t\t\t<p>O nosso showroom encontra-se dispon\u00edvel para visita. N\u00e3o hesite em deslocar-se at\u00e9 \u00e0s nossas instala\u00e7\u00f5es!<\/p><p>Casa Meada 3040-584 Antanhol \u2013 Coimbra<\/p><p><strong> Hor\u00e1rio<\/strong>: 2\u00aa a 6\u00aa \u2013 10h-13h | 14h-19h \/ S\u00e1b. \u2013 09h-13h | 14h-18h<\/p>\t\t\t\t\t\t\t\t<\/div>\n\t\t\t\t<\/div>\n\t\t\t\t\t<\/div>\n\t\t\t\t<\/div>\n\t\t<div class=\"elementor-element elementor-element-a80dad4 e-flex e-con-boxed e-con e-parent\" data-id=\"a80dad4\" data-element_type=\"container\">\n\t\t\t\t\t<div class=\"e-con-inner\">\n\t\t\t\t<div class=\"elementor-element elementor-element-1d6e003 gallery-spacing-custom elementor-widget elementor-widget-image-gallery\" data-id=\"1d6e003\" data-element_type=\"widget\" data-widget_type=\"image-gallery.default\">\n\t\t\t\t<div class=\"elementor-widget-container\">\n\t\t\t\t\t\t\t<div class=\"elementor-image-gallery\">\n\t\t\t\n\t\t<style type=\"text\/css\">\n\t\t\t#gallery-1 {\n\t\t\t\tmargin: auto;\n\t\t\t}\n\t\t\t#gallery-1 .gallery-item {\n\t\t\t\tfloat: left;\n\t\t\t\tmargin-top: 10px;\n\t\t\t\ttext-align: center;\n\t\t\t\twidth: 25%;\n\t\t\t}\n\t\t\t#gallery-1 img {\n\t\t\t\tborder: 2px solid #cfcfcf;\n\t\t\t}\n\t\t\t#gallery-1 .gallery-caption {\n\t\t\t\tmargin-left: 0;\n\t\t\t}\n\t\t\t\/* see gallery_shortcode() in wp-includes\/media.php *\/\n\t\t<\/style>\n\t\t<div id='gallery-1' class='gallery galleryid-6654 gallery-columns-4 gallery-size-full'><dl class='gallery-item'>\n\t\t\t<dt class='gallery-icon landscape'>\n\t\t\t\t<a data-elementor-open-lightbox=\"yes\" data-elementor-lightbox-slideshow=\"1d6e003\" data-e-action-hash=\"#elementor-action%3Aaction%3Dlightbox%26settings%3DeyJpZCI6NjY2MCwidXJsIjoiaHR0cHM6XC9cL21vbnRhZWwuY29tXC9uZXdfc2l0ZVwvd3AtY29udGVudFwvdXBsb2Fkc1wvMjAyNFwvMDJcLzE0NTIyNDk4OTZfaW1nXzQ2ODctbWluLmpwZyIsInNsaWRlc2hvdyI6IjFkNmUwMDMifQ%3D%3D\" href='https:\/\/montael.com\/new_site\/wp-content\/uploads\/2024\/02\/1452249896_img_4687-min.jpg'><img fetchpriority=\"high\" decoding=\"async\" width=\"820\" height=\"615\" src=\"https:\/\/montael.com\/new_site\/wp-content\/uploads\/2024\/02\/1452249896_img_4687-min.jpg\" class=\"attachment-full size-full\" alt=\"\" srcset=\"https:\/\/montael.com\/new_site\/wp-content\/uploads\/2024\/02\/1452249896_img_4687-min.jpg 820w, https:\/\/montael.com\/new_site\/wp-content\/uploads\/2024\/02\/1452249896_img_4687-min-300x225.jpg 300w, https:\/\/montael.com\/new_site\/wp-content\/uploads\/2024\/02\/1452249896_img_4687-min-768x576.jpg 768w\" sizes=\"(max-width: 820px) 100vw, 820px\" \/><\/a>\n\t\t\t<\/dt><\/dl><dl class='gallery-item'>\n\t\t\t<dt class='gallery-icon landscape'>\n\t\t\t\t<a data-elementor-open-lightbox=\"yes\" data-elementor-lightbox-slideshow=\"1d6e003\" data-e-action-hash=\"#elementor-action%3Aaction%3Dlightbox%26settings%3DeyJpZCI6NjY2MSwidXJsIjoiaHR0cHM6XC9cL21vbnRhZWwuY29tXC9uZXdfc2l0ZVwvd3AtY29udGVudFwvdXBsb2Fkc1wvMjAyNFwvMDJcLzE0NTIyNDk5MTlfaW1nXzQ2ODgtbWluLmpwZyIsInNsaWRlc2hvdyI6IjFkNmUwMDMifQ%3D%3D\" href='https:\/\/montael.com\/new_site\/wp-content\/uploads\/2024\/02\/1452249919_img_4688-min.jpg'><img decoding=\"async\" width=\"820\" height=\"615\" src=\"https:\/\/montael.com\/new_site\/wp-content\/uploads\/2024\/02\/1452249919_img_4688-min.jpg\" class=\"attachment-full size-full\" alt=\"\" srcset=\"https:\/\/montael.com\/new_site\/wp-content\/uploads\/2024\/02\/1452249919_img_4688-min.jpg 820w, https:\/\/montael.com\/new_site\/wp-content\/uploads\/2024\/02\/1452249919_img_4688-min-300x225.jpg 300w, https:\/\/montael.com\/new_site\/wp-content\/uploads\/2024\/02\/1452249919_img_4688-min-768x576.jpg 768w\" sizes=\"(max-width: 820px) 100vw, 820px\" \/><\/a>\n\t\t\t<\/dt><\/dl><dl class='gallery-item'>\n\t\t\t<dt class='gallery-icon landscape'>\n\t\t\t\t<a data-elementor-open-lightbox=\"yes\" data-elementor-lightbox-slideshow=\"1d6e003\" data-e-action-hash=\"#elementor-action%3Aaction%3Dlightbox%26settings%3DeyJpZCI6NjY2MiwidXJsIjoiaHR0cHM6XC9cL21vbnRhZWwuY29tXC9uZXdfc2l0ZVwvd3AtY29udGVudFwvdXBsb2Fkc1wvMjAyNFwvMDJcLzE0NTIyNTAxMThfaW1nXzQ3MDMtbWluLmpwZyIsInNsaWRlc2hvdyI6IjFkNmUwMDMifQ%3D%3D\" href='https:\/\/montael.com\/new_site\/wp-content\/uploads\/2024\/02\/1452250118_img_4703-min.jpg'><img decoding=\"async\" width=\"820\" height=\"615\" src=\"https:\/\/montael.com\/new_site\/wp-content\/uploads\/2024\/02\/1452250118_img_4703-min.jpg\" class=\"attachment-full size-full\" alt=\"\" srcset=\"https:\/\/montael.com\/new_site\/wp-content\/uploads\/2024\/02\/1452250118_img_4703-min.jpg 820w, https:\/\/montael.com\/new_site\/wp-content\/uploads\/2024\/02\/1452250118_img_4703-min-300x225.jpg 300w, https:\/\/montael.com\/new_site\/wp-content\/uploads\/2024\/02\/1452250118_img_4703-min-768x576.jpg 768w\" sizes=\"(max-width: 820px) 100vw, 820px\" \/><\/a>\n\t\t\t<\/dt><\/dl><dl class='gallery-item'>\n\t\t\t<dt class='gallery-icon landscape'>\n\t\t\t\t<a data-elementor-open-lightbox=\"yes\" data-elementor-lightbox-slideshow=\"1d6e003\" data-e-action-hash=\"#elementor-action%3Aaction%3Dlightbox%26settings%3DeyJpZCI6NjY3NywidXJsIjoiaHR0cHM6XC9cL21vbnRhZWwuY29tXC9uZXdfc2l0ZVwvd3AtY29udGVudFwvdXBsb2Fkc1wvMjAyNFwvMDJcL2dhbF8xNS5qcGciLCJzbGlkZXNob3ciOiIxZDZlMDAzIn0%3D\" href='https:\/\/montael.com\/new_site\/wp-content\/uploads\/2024\/02\/gal_15.jpg'><img loading=\"lazy\" decoding=\"async\" width=\"820\" height=\"615\" src=\"https:\/\/montael.com\/new_site\/wp-content\/uploads\/2024\/02\/gal_15.jpg\" class=\"attachment-full size-full\" alt=\"\" srcset=\"https:\/\/montael.com\/new_site\/wp-content\/uploads\/2024\/02\/gal_15.jpg 820w, https:\/\/montael.com\/new_site\/wp-content\/uploads\/2024\/02\/gal_15-300x225.jpg 300w, https:\/\/montael.com\/new_site\/wp-content\/uploads\/2024\/02\/gal_15-768x576.jpg 768w\" sizes=\"(max-width: 820px) 100vw, 820px\" \/><\/a>\n\t\t\t<\/dt><\/dl><br style=\"clear: both\" \/><dl class='gallery-item'>\n\t\t\t<dt class='gallery-icon landscape'>\n\t\t\t\t<a data-elementor-open-lightbox=\"yes\" data-elementor-lightbox-slideshow=\"1d6e003\" data-e-action-hash=\"#elementor-action%3Aaction%3Dlightbox%26settings%3DeyJpZCI6NjY2MywidXJsIjoiaHR0cHM6XC9cL21vbnRhZWwuY29tXC9uZXdfc2l0ZVwvd3AtY29udGVudFwvdXBsb2Fkc1wvMjAyNFwvMDJcL2dhbF8xLmpwZyIsInNsaWRlc2hvdyI6IjFkNmUwMDMifQ%3D%3D\" href='https:\/\/montael.com\/new_site\/wp-content\/uploads\/2024\/02\/gal_1.jpg'><img loading=\"lazy\" decoding=\"async\" width=\"820\" height=\"615\" src=\"https:\/\/montael.com\/new_site\/wp-content\/uploads\/2024\/02\/gal_1.jpg\" class=\"attachment-full size-full\" alt=\"\" srcset=\"https:\/\/montael.com\/new_site\/wp-content\/uploads\/2024\/02\/gal_1.jpg 820w, https:\/\/montael.com\/new_site\/wp-content\/uploads\/2024\/02\/gal_1-300x225.jpg 300w, https:\/\/montael.com\/new_site\/wp-content\/uploads\/2024\/02\/gal_1-768x576.jpg 768w\" sizes=\"(max-width: 820px) 100vw, 820px\" \/><\/a>\n\t\t\t<\/dt><\/dl><dl class='gallery-item'>\n\t\t\t<dt class='gallery-icon landscape'>\n\t\t\t\t<a data-elementor-open-lightbox=\"yes\" data-elementor-lightbox-slideshow=\"1d6e003\" data-e-action-hash=\"#elementor-action%3Aaction%3Dlightbox%26settings%3DeyJpZCI6NjY2NCwidXJsIjoiaHR0cHM6XC9cL21vbnRhZWwuY29tXC9uZXdfc2l0ZVwvd3AtY29udGVudFwvdXBsb2Fkc1wvMjAyNFwvMDJcL2dhbF8yLmpwZyIsInNsaWRlc2hvdyI6IjFkNmUwMDMifQ%3D%3D\" href='https:\/\/montael.com\/new_site\/wp-content\/uploads\/2024\/02\/gal_2.jpg'><img loading=\"lazy\" decoding=\"async\" width=\"820\" height=\"615\" src=\"https:\/\/montael.com\/new_site\/wp-content\/uploads\/2024\/02\/gal_2.jpg\" class=\"attachment-full size-full\" alt=\"\" srcset=\"https:\/\/montael.com\/new_site\/wp-content\/uploads\/2024\/02\/gal_2.jpg 820w, https:\/\/montael.com\/new_site\/wp-content\/uploads\/2024\/02\/gal_2-300x225.jpg 300w, https:\/\/montael.com\/new_site\/wp-content\/uploads\/2024\/02\/gal_2-768x576.jpg 768w\" sizes=\"(max-width: 820px) 100vw, 820px\" \/><\/a>\n\t\t\t<\/dt><\/dl><dl class='gallery-item'>\n\t\t\t<dt class='gallery-icon landscape'>\n\t\t\t\t<a data-elementor-open-lightbox=\"yes\" data-elementor-lightbox-slideshow=\"1d6e003\" data-e-action-hash=\"#elementor-action%3Aaction%3Dlightbox%26settings%3DeyJpZCI6NjY2NSwidXJsIjoiaHR0cHM6XC9cL21vbnRhZWwuY29tXC9uZXdfc2l0ZVwvd3AtY29udGVudFwvdXBsb2Fkc1wvMjAyNFwvMDJcL2dhbF8zLmpwZyIsInNsaWRlc2hvdyI6IjFkNmUwMDMifQ%3D%3D\" href='https:\/\/montael.com\/new_site\/wp-content\/uploads\/2024\/02\/gal_3.jpg'><img loading=\"lazy\" decoding=\"async\" width=\"820\" height=\"615\" src=\"https:\/\/montael.com\/new_site\/wp-content\/uploads\/2024\/02\/gal_3.jpg\" class=\"attachment-full size-full\" alt=\"\" srcset=\"https:\/\/montael.com\/new_site\/wp-content\/uploads\/2024\/02\/gal_3.jpg 820w, https:\/\/montael.com\/new_site\/wp-content\/uploads\/2024\/02\/gal_3-300x225.jpg 300w, https:\/\/montael.com\/new_site\/wp-content\/uploads\/2024\/02\/gal_3-768x576.jpg 768w\" sizes=\"(max-width: 820px) 100vw, 820px\" \/><\/a>\n\t\t\t<\/dt><\/dl><dl class='gallery-item'>\n\t\t\t<dt class='gallery-icon landscape'>\n\t\t\t\t<a data-elementor-open-lightbox=\"yes\" data-elementor-lightbox-slideshow=\"1d6e003\" data-e-action-hash=\"#elementor-action%3Aaction%3Dlightbox%26settings%3DeyJpZCI6NjY2NiwidXJsIjoiaHR0cHM6XC9cL21vbnRhZWwuY29tXC9uZXdfc2l0ZVwvd3AtY29udGVudFwvdXBsb2Fkc1wvMjAyNFwvMDJcL2dhbF80LmpwZyIsInNsaWRlc2hvdyI6IjFkNmUwMDMifQ%3D%3D\" href='https:\/\/montael.com\/new_site\/wp-content\/uploads\/2024\/02\/gal_4.jpg'><img loading=\"lazy\" decoding=\"async\" width=\"820\" height=\"615\" src=\"https:\/\/montael.com\/new_site\/wp-content\/uploads\/2024\/02\/gal_4.jpg\" class=\"attachment-full size-full\" alt=\"\" srcset=\"https:\/\/montael.com\/new_site\/wp-content\/uploads\/2024\/02\/gal_4.jpg 820w, https:\/\/montael.com\/new_site\/wp-content\/uploads\/2024\/02\/gal_4-300x225.jpg 300w, https:\/\/montael.com\/new_site\/wp-content\/uploads\/2024\/02\/gal_4-768x576.jpg 768w\" sizes=\"(max-width: 820px) 100vw, 820px\" \/><\/a>\n\t\t\t<\/dt><\/dl><br style=\"clear: both\" \/><dl class='gallery-item'>\n\t\t\t<dt class='gallery-icon landscape'>\n\t\t\t\t<a data-elementor-open-lightbox=\"yes\" data-elementor-lightbox-slideshow=\"1d6e003\" data-e-action-hash=\"#elementor-action%3Aaction%3Dlightbox%26settings%3DeyJpZCI6NjY2NywidXJsIjoiaHR0cHM6XC9cL21vbnRhZWwuY29tXC9uZXdfc2l0ZVwvd3AtY29udGVudFwvdXBsb2Fkc1wvMjAyNFwvMDJcL2dhbF81LmpwZyIsInNsaWRlc2hvdyI6IjFkNmUwMDMifQ%3D%3D\" href='https:\/\/montael.com\/new_site\/wp-content\/uploads\/2024\/02\/gal_5.jpg'><img loading=\"lazy\" decoding=\"async\" width=\"820\" height=\"615\" src=\"https:\/\/montael.com\/new_site\/wp-content\/uploads\/2024\/02\/gal_5.jpg\" class=\"attachment-full size-full\" alt=\"\" srcset=\"https:\/\/montael.com\/new_site\/wp-content\/uploads\/2024\/02\/gal_5.jpg 820w, https:\/\/montael.com\/new_site\/wp-content\/uploads\/2024\/02\/gal_5-300x225.jpg 300w, https:\/\/montael.com\/new_site\/wp-content\/uploads\/2024\/02\/gal_5-768x576.jpg 768w\" sizes=\"(max-width: 820px) 100vw, 820px\" \/><\/a>\n\t\t\t<\/dt><\/dl><dl class='gallery-item'>\n\t\t\t<dt class='gallery-icon landscape'>\n\t\t\t\t<a data-elementor-open-lightbox=\"yes\" data-elementor-lightbox-slideshow=\"1d6e003\" data-e-action-hash=\"#elementor-action%3Aaction%3Dlightbox%26settings%3DeyJpZCI6NjY2OCwidXJsIjoiaHR0cHM6XC9cL21vbnRhZWwuY29tXC9uZXdfc2l0ZVwvd3AtY29udGVudFwvdXBsb2Fkc1wvMjAyNFwvMDJcL2dhbF82LmpwZyIsInNsaWRlc2hvdyI6IjFkNmUwMDMifQ%3D%3D\" href='https:\/\/montael.com\/new_site\/wp-content\/uploads\/2024\/02\/gal_6.jpg'><img loading=\"lazy\" decoding=\"async\" width=\"820\" height=\"615\" src=\"https:\/\/montael.com\/new_site\/wp-content\/uploads\/2024\/02\/gal_6.jpg\" class=\"attachment-full size-full\" alt=\"\" srcset=\"https:\/\/montael.com\/new_site\/wp-content\/uploads\/2024\/02\/gal_6.jpg 820w, https:\/\/montael.com\/new_site\/wp-content\/uploads\/2024\/02\/gal_6-300x225.jpg 300w, https:\/\/montael.com\/new_site\/wp-content\/uploads\/2024\/02\/gal_6-768x576.jpg 768w\" sizes=\"(max-width: 820px) 100vw, 820px\" \/><\/a>\n\t\t\t<\/dt><\/dl><dl class='gallery-item'>\n\t\t\t<dt class='gallery-icon landscape'>\n\t\t\t\t<a data-elementor-open-lightbox=\"yes\" data-elementor-lightbox-slideshow=\"1d6e003\" data-e-action-hash=\"#elementor-action%3Aaction%3Dlightbox%26settings%3DeyJpZCI6NjY2OSwidXJsIjoiaHR0cHM6XC9cL21vbnRhZWwuY29tXC9uZXdfc2l0ZVwvd3AtY29udGVudFwvdXBsb2Fkc1wvMjAyNFwvMDJcL2dhbF83LmpwZyIsInNsaWRlc2hvdyI6IjFkNmUwMDMifQ%3D%3D\" href='https:\/\/montael.com\/new_site\/wp-content\/uploads\/2024\/02\/gal_7.jpg'><img loading=\"lazy\" decoding=\"async\" width=\"820\" height=\"615\" src=\"https:\/\/montael.com\/new_site\/wp-content\/uploads\/2024\/02\/gal_7.jpg\" class=\"attachment-full size-full\" alt=\"\" srcset=\"https:\/\/montael.com\/new_site\/wp-content\/uploads\/2024\/02\/gal_7.jpg 820w, https:\/\/montael.com\/new_site\/wp-content\/uploads\/2024\/02\/gal_7-300x225.jpg 300w, https:\/\/montael.com\/new_site\/wp-content\/uploads\/2024\/02\/gal_7-768x576.jpg 768w\" sizes=\"(max-width: 820px) 100vw, 820px\" \/><\/a>\n\t\t\t<\/dt><\/dl><dl class='gallery-item'>\n\t\t\t<dt class='gallery-icon landscape'>\n\t\t\t\t<a data-elementor-open-lightbox=\"yes\" data-elementor-lightbox-slideshow=\"1d6e003\" data-e-action-hash=\"#elementor-action%3Aaction%3Dlightbox%26settings%3DeyJpZCI6NjY3MCwidXJsIjoiaHR0cHM6XC9cL21vbnRhZWwuY29tXC9uZXdfc2l0ZVwvd3AtY29udGVudFwvdXBsb2Fkc1wvMjAyNFwvMDJcL2dhbF84LmpwZyIsInNsaWRlc2hvdyI6IjFkNmUwMDMifQ%3D%3D\" href='https:\/\/montael.com\/new_site\/wp-content\/uploads\/2024\/02\/gal_8.jpg'><img loading=\"lazy\" decoding=\"async\" width=\"820\" height=\"615\" src=\"https:\/\/montael.com\/new_site\/wp-content\/uploads\/2024\/02\/gal_8.jpg\" class=\"attachment-full size-full\" alt=\"\" srcset=\"https:\/\/montael.com\/new_site\/wp-content\/uploads\/2024\/02\/gal_8.jpg 820w, https:\/\/montael.com\/new_site\/wp-content\/uploads\/2024\/02\/gal_8-300x225.jpg 300w, https:\/\/montael.com\/new_site\/wp-content\/uploads\/2024\/02\/gal_8-768x576.jpg 768w\" sizes=\"(max-width: 820px) 100vw, 820px\" \/><\/a>\n\t\t\t<\/dt><\/dl><br style=\"clear: both\" \/><dl class='gallery-item'>\n\t\t\t<dt class='gallery-icon landscape'>\n\t\t\t\t<a data-elementor-open-lightbox=\"yes\" data-elementor-lightbox-slideshow=\"1d6e003\" data-e-action-hash=\"#elementor-action%3Aaction%3Dlightbox%26settings%3DeyJpZCI6NjY3MSwidXJsIjoiaHR0cHM6XC9cL21vbnRhZWwuY29tXC9uZXdfc2l0ZVwvd3AtY29udGVudFwvdXBsb2Fkc1wvMjAyNFwvMDJcL2dhbF85LmpwZyIsInNsaWRlc2hvdyI6IjFkNmUwMDMifQ%3D%3D\" href='https:\/\/montael.com\/new_site\/wp-content\/uploads\/2024\/02\/gal_9.jpg'><img loading=\"lazy\" decoding=\"async\" width=\"820\" height=\"615\" src=\"https:\/\/montael.com\/new_site\/wp-content\/uploads\/2024\/02\/gal_9.jpg\" class=\"attachment-full size-full\" alt=\"\" srcset=\"https:\/\/montael.com\/new_site\/wp-content\/uploads\/2024\/02\/gal_9.jpg 820w, https:\/\/montael.com\/new_site\/wp-content\/uploads\/2024\/02\/gal_9-300x225.jpg 300w, https:\/\/montael.com\/new_site\/wp-content\/uploads\/2024\/02\/gal_9-768x576.jpg 768w\" sizes=\"(max-width: 820px) 100vw, 820px\" \/><\/a>\n\t\t\t<\/dt><\/dl><dl class='gallery-item'>\n\t\t\t<dt class='gallery-icon landscape'>\n\t\t\t\t<a data-elementor-open-lightbox=\"yes\" data-elementor-lightbox-slideshow=\"1d6e003\" data-e-action-hash=\"#elementor-action%3Aaction%3Dlightbox%26settings%3DeyJpZCI6NjY3MiwidXJsIjoiaHR0cHM6XC9cL21vbnRhZWwuY29tXC9uZXdfc2l0ZVwvd3AtY29udGVudFwvdXBsb2Fkc1wvMjAyNFwvMDJcL2dhbF8xMC5qcGciLCJzbGlkZXNob3ciOiIxZDZlMDAzIn0%3D\" href='https:\/\/montael.com\/new_site\/wp-content\/uploads\/2024\/02\/gal_10.jpg'><img loading=\"lazy\" decoding=\"async\" width=\"820\" height=\"615\" src=\"https:\/\/montael.com\/new_site\/wp-content\/uploads\/2024\/02\/gal_10.jpg\" class=\"attachment-full size-full\" alt=\"\" srcset=\"https:\/\/montael.com\/new_site\/wp-content\/uploads\/2024\/02\/gal_10.jpg 820w, https:\/\/montael.com\/new_site\/wp-content\/uploads\/2024\/02\/gal_10-300x225.jpg 300w, https:\/\/montael.com\/new_site\/wp-content\/uploads\/2024\/02\/gal_10-768x576.jpg 768w\" sizes=\"(max-width: 820px) 100vw, 820px\" \/><\/a>\n\t\t\t<\/dt><\/dl><dl class='gallery-item'>\n\t\t\t<dt class='gallery-icon landscape'>\n\t\t\t\t<a data-elementor-open-lightbox=\"yes\" data-elementor-lightbox-slideshow=\"1d6e003\" data-e-action-hash=\"#elementor-action%3Aaction%3Dlightbox%26settings%3DeyJpZCI6NjY3MywidXJsIjoiaHR0cHM6XC9cL21vbnRhZWwuY29tXC9uZXdfc2l0ZVwvd3AtY29udGVudFwvdXBsb2Fkc1wvMjAyNFwvMDJcL2dhbF8xMS5qcGciLCJzbGlkZXNob3ciOiIxZDZlMDAzIn0%3D\" href='https:\/\/montael.com\/new_site\/wp-content\/uploads\/2024\/02\/gal_11.jpg'><img loading=\"lazy\" decoding=\"async\" width=\"820\" height=\"615\" src=\"https:\/\/montael.com\/new_site\/wp-content\/uploads\/2024\/02\/gal_11.jpg\" class=\"attachment-full size-full\" alt=\"\" srcset=\"https:\/\/montael.com\/new_site\/wp-content\/uploads\/2024\/02\/gal_11.jpg 820w, https:\/\/montael.com\/new_site\/wp-content\/uploads\/2024\/02\/gal_11-300x225.jpg 300w, https:\/\/montael.com\/new_site\/wp-content\/uploads\/2024\/02\/gal_11-768x576.jpg 768w\" sizes=\"(max-width: 820px) 100vw, 820px\" \/><\/a>\n\t\t\t<\/dt><\/dl><dl class='gallery-item'>\n\t\t\t<dt class='gallery-icon landscape'>\n\t\t\t\t<a data-elementor-open-lightbox=\"yes\" data-elementor-lightbox-slideshow=\"1d6e003\" data-e-action-hash=\"#elementor-action%3Aaction%3Dlightbox%26settings%3DeyJpZCI6NjY3NCwidXJsIjoiaHR0cHM6XC9cL21vbnRhZWwuY29tXC9uZXdfc2l0ZVwvd3AtY29udGVudFwvdXBsb2Fkc1wvMjAyNFwvMDJcL2dhbF8xMi5qcGciLCJzbGlkZXNob3ciOiIxZDZlMDAzIn0%3D\" href='https:\/\/montael.com\/new_site\/wp-content\/uploads\/2024\/02\/gal_12.jpg'><img loading=\"lazy\" decoding=\"async\" width=\"820\" height=\"615\" src=\"https:\/\/montael.com\/new_site\/wp-content\/uploads\/2024\/02\/gal_12.jpg\" class=\"attachment-full size-full\" alt=\"\" srcset=\"https:\/\/montael.com\/new_site\/wp-content\/uploads\/2024\/02\/gal_12.jpg 820w, https:\/\/montael.com\/new_site\/wp-content\/uploads\/2024\/02\/gal_12-300x225.jpg 300w, https:\/\/montael.com\/new_site\/wp-content\/uploads\/2024\/02\/gal_12-768x576.jpg 768w\" sizes=\"(max-width: 820px) 100vw, 820px\" \/><\/a>\n\t\t\t<\/dt><\/dl><br style=\"clear: both\" \/><dl class='gallery-item'>\n\t\t\t<dt class='gallery-icon landscape'>\n\t\t\t\t<a data-elementor-open-lightbox=\"yes\" data-elementor-lightbox-slideshow=\"1d6e003\" data-e-action-hash=\"#elementor-action%3Aaction%3Dlightbox%26settings%3DeyJpZCI6NjY3NSwidXJsIjoiaHR0cHM6XC9cL21vbnRhZWwuY29tXC9uZXdfc2l0ZVwvd3AtY29udGVudFwvdXBsb2Fkc1wvMjAyNFwvMDJcL2dhbF8xMy5qcGciLCJzbGlkZXNob3ciOiIxZDZlMDAzIn0%3D\" href='https:\/\/montael.com\/new_site\/wp-content\/uploads\/2024\/02\/gal_13.jpg'><img loading=\"lazy\" decoding=\"async\" width=\"820\" height=\"615\" src=\"https:\/\/montael.com\/new_site\/wp-content\/uploads\/2024\/02\/gal_13.jpg\" class=\"attachment-full size-full\" alt=\"\" srcset=\"https:\/\/montael.com\/new_site\/wp-content\/uploads\/2024\/02\/gal_13.jpg 820w, https:\/\/montael.com\/new_site\/wp-content\/uploads\/2024\/02\/gal_13-300x225.jpg 300w, https:\/\/montael.com\/new_site\/wp-content\/uploads\/2024\/02\/gal_13-768x576.jpg 768w\" sizes=\"(max-width: 820px) 100vw, 820px\" \/><\/a>\n\t\t\t<\/dt><\/dl><dl class='gallery-item'>\n\t\t\t<dt class='gallery-icon landscape'>\n\t\t\t\t<a data-elementor-open-lightbox=\"yes\" data-elementor-lightbox-slideshow=\"1d6e003\" data-e-action-hash=\"#elementor-action%3Aaction%3Dlightbox%26settings%3DeyJpZCI6NjY3NiwidXJsIjoiaHR0cHM6XC9cL21vbnRhZWwuY29tXC9uZXdfc2l0ZVwvd3AtY29udGVudFwvdXBsb2Fkc1wvMjAyNFwvMDJcL2dhbF8xNC5qcGciLCJzbGlkZXNob3ciOiIxZDZlMDAzIn0%3D\" href='https:\/\/montael.com\/new_site\/wp-content\/uploads\/2024\/02\/gal_14.jpg'><img loading=\"lazy\" decoding=\"async\" width=\"820\" height=\"615\" src=\"https:\/\/montael.com\/new_site\/wp-content\/uploads\/2024\/02\/gal_14.jpg\" class=\"attachment-full size-full\" alt=\"\" srcset=\"https:\/\/montael.com\/new_site\/wp-content\/uploads\/2024\/02\/gal_14.jpg 820w, https:\/\/montael.com\/new_site\/wp-content\/uploads\/2024\/02\/gal_14-300x225.jpg 300w, https:\/\/montael.com\/new_site\/wp-content\/uploads\/2024\/02\/gal_14-768x576.jpg 768w\" sizes=\"(max-width: 820px) 100vw, 820px\" \/><\/a>\n\t\t\t<\/dt><\/dl>\n\t\t\t<br style='clear: both' \/>\n\t\t<\/div>\n\t\t<\/div>\n\t\t\t\t\t\t<\/div>\n\t\t\t\t<\/div>\n\t\t\t\t\t<\/div>\n\t\t\t\t<\/div>\n\t\t\t\t<\/div>\n\t\t","protected":false},"excerpt":{"rendered":"<p>O nosso showroom encontra-se dispon\u00edvel para visita. N\u00e3o hesite em deslocar-se at\u00e9 \u00e0s nossas instala\u00e7\u00f5es! Casa Meada 3040-584 Antanhol \u2013 Coimbra Hor\u00e1rio: 2\u00aa a 6\u00aa \u2013 10h-13h | 14h-19h \/ S\u00e1b. \u2013 09h-13h | 14h-18h<\/p>\n","protected":false},"author":2,"featured_media":0,"parent":0,"menu_order":0,"comment_status":"closed","ping_status":"closed","template":"","meta":{"footnotes":""},"class_list":["post-6654","page","type-page","status-publish","hentry"],"_links":{"self":[{"href":"https:\/\/montael.com\/index.php?rest_route=\/wp\/v2\/pages\/6654","targetHints":{"allow":["GET"]}}],"collection":[{"href":"https:\/\/montael.com\/index.php?rest_route=\/wp\/v2\/pages"}],"about":[{"href":"https:\/\/montael.com\/index.php?rest_route=\/wp\/v2\/types\/page"}],"author":[{"embeddable":true,"href":"https:\/\/montael.com\/index.php?rest_route=\/wp\/v2\/users\/2"}],"replies":[{"embeddable":true,"href":"https:\/\/montael.com\/index.php?rest_route=%2Fwp%2Fv2%2Fcomments&post=6654"}],"version-history":[{"count":16,"href":"https:\/\/montael.com\/index.php?rest_route=\/wp\/v2\/pages\/6654\/revisions"}],"predecessor-version":[{"id":10202,"href":"https:\/\/montael.com\/index.php?rest_route=\/wp\/v2\/pages\/6654\/revisions\/10202"}],"wp:attachment":[{"href":"https:\/\/montael.com\/index.php?rest_route=%2Fwp%2Fv2%2Fmedia&parent=6654"}],"curies":[{"name":"wp","href":"https:\/\/api.w.org\/{rel}","templated":true}]}}