

{"id":6602,"date":"2024-02-01T17:00:07","date_gmt":"2024-02-01T17:00:07","guid":{"rendered":"https:\/\/montael.com\/new_site\/?page_id=6602"},"modified":"2024-02-01T17:00:44","modified_gmt":"2024-02-01T17:00:44","slug":"termos-e-condicoes","status":"publish","type":"page","link":"https:\/\/montael.com\/?page_id=6602","title":{"rendered":"Termos e Condi\u00e7\u00f5es"},"content":{"rendered":"\t\t<div data-elementor-type=\"wp-page\" data-elementor-id=\"6602\" class=\"elementor elementor-6602\" data-elementor-post-type=\"page\">\n\t\t\t\t<div class=\"elementor-element elementor-element-dcb4a03 e-flex e-con-boxed e-con e-parent\" data-id=\"dcb4a03\" data-element_type=\"container\">\n\t\t\t\t\t<div class=\"e-con-inner\">\n\t\t\t\t<div class=\"elementor-element elementor-element-c6b2621 elementor-widget elementor-widget-text-editor\" data-id=\"c6b2621\" data-element_type=\"widget\" data-widget_type=\"text-editor.default\">\n\t\t\t\t<div class=\"elementor-widget-container\">\n\t\t\t\t\t\t\t\t\t<p>Os dados, pre\u00e7os e especifica\u00e7\u00f5es presentes neste website s\u00e3o apresentados com efeitos meramente informativos, reservando-se o site www.montael.com ao direito de modificar a qualquer momento a informa\u00e7\u00e3o e oferta comercial apresentada sobre: produtos, pre\u00e7os e campanhas promocionais, condi\u00e7\u00f5es comerciais e servi\u00e7os.<\/p><p>Os pre\u00e7os publicados s\u00e3o v\u00e1lidos, salvo erro inform\u00e1tico, tipogr\u00e1fico ou fotogr\u00e1fico. Limitados ao stock existente.<\/p><p>Fazemos os esfor\u00e7os necess\u00e1rios para que a informa\u00e7\u00e3o apresentada esteja isenta de erros tipogr\u00e1ficos e, sempre que ocorra, procederemos logo que poss\u00edvel, \u00e0 sua corre\u00e7\u00e3o.<\/p><p>As fotos apresentadas podem n\u00e3o corresponder \u00e0s configura\u00e7\u00f5es descritas, devendo ser contactada qualquer uma das lojas Montael para esclarecimento de d\u00favidas.<\/p><p>As marcas e nomes de produtos utilizados no site www.montael.com s\u00e3o propriedade das respetivas companhias ou empresas.<\/p><p>Os pre\u00e7os e especifica\u00e7\u00f5es dos produtos est\u00e3o sujeitos a altera\u00e7\u00e3o sem aviso pr\u00e9vio.<\/p><p>A informa\u00e7\u00e3o dispon\u00edvel no site montael.com \u00e9 gratuita para os seus utilizadores e o acesso \u00e0 mesma n\u00e3o cria nenhum tipo de rela\u00e7\u00e3o comercial ou profissional entre os utilizadores e a Montael.<\/p>\t\t\t\t\t\t\t\t<\/div>\n\t\t\t\t<\/div>\n\t\t\t\t\t<\/div>\n\t\t\t\t<\/div>\n\t\t\t\t<\/div>\n\t\t","protected":false},"excerpt":{"rendered":"<p>Os dados, pre\u00e7os e especifica\u00e7\u00f5es presentes neste website s\u00e3o apresentados com efeitos meramente informativos, reservando-se o site www.montael.com ao direito de modificar a qualquer momento a informa\u00e7\u00e3o e oferta comercial apresentada sobre: produtos, pre\u00e7os e campanhas promocionais, condi\u00e7\u00f5es comerciais e servi\u00e7os. Os pre\u00e7os publicados s\u00e3o v\u00e1lidos, salvo erro inform\u00e1tico, tipogr\u00e1fico ou fotogr\u00e1fico. Limitados ao stock [&hellip;]<\/p>\n","protected":false},"author":2,"featured_media":0,"parent":0,"menu_order":0,"comment_status":"closed","ping_status":"closed","template":"","meta":{"footnotes":""},"class_list":["post-6602","page","type-page","status-publish","hentry"],"_links":{"self":[{"href":"https:\/\/montael.com\/index.php?rest_route=\/wp\/v2\/pages\/6602","targetHints":{"allow":["GET"]}}],"collection":[{"href":"https:\/\/montael.com\/index.php?rest_route=\/wp\/v2\/pages"}],"about":[{"href":"https:\/\/montael.com\/index.php?rest_route=\/wp\/v2\/types\/page"}],"author":[{"embeddable":true,"href":"https:\/\/montael.com\/index.php?rest_route=\/wp\/v2\/users\/2"}],"replies":[{"embeddable":true,"href":"https:\/\/montael.com\/index.php?rest_route=%2Fwp%2Fv2%2Fcomments&post=6602"}],"version-history":[{"count":4,"href":"https:\/\/montael.com\/index.php?rest_route=\/wp\/v2\/pages\/6602\/revisions"}],"predecessor-version":[{"id":6606,"href":"https:\/\/montael.com\/index.php?rest_route=\/wp\/v2\/pages\/6602\/revisions\/6606"}],"wp:attachment":[{"href":"https:\/\/montael.com\/index.php?rest_route=%2Fwp%2Fv2%2Fmedia&parent=6602"}],"curies":[{"name":"wp","href":"https:\/\/api.w.org\/{rel}","templated":true}]}}